{"id":6258,"date":"2025-04-17T11:32:25","date_gmt":"2025-04-17T11:32:25","guid":{"rendered":"https:\/\/www.miamedic.lt\/?post_type=product&#038;p=6258"},"modified":"2026-03-02T11:03:28","modified_gmt":"2026-03-02T11:03:28","slug":"hydrating-mist","status":"publish","type":"product","link":"https:\/\/miamedic.lt\/en\/shop\/hydrating-mist\/","title":{"rendered":"Hydrating Mist"},"content":{"rendered":"<p class=\"\" data-start=\"156\" data-end=\"275\"><strong data-start=\"156\" data-end=\"275\">Circadia Blueberry &amp; White Tea Hydrating Mist \u2013 dr\u0117kinamoji veido migla su m\u0117lyni\u0173 ir baltosios arbatos ekstraktais<\/strong><\/p>\n<p class=\"\" data-start=\"277\" data-end=\"574\">Circadia Blueberry &amp; White Tea Hydrating Mist \u2013 tai gaivinanti, antioksidant\u0173 prisotinta veido migla, skirta dr\u0117kinti, apsaugoti ir atgaivinti od\u0105 bet kuriuo dienos metu. Idealiai tinka naudoti po valymo, prie\u0161 serum\u0105, po proced\u016br\u0173 ar dienos eigoje, kai odai reikia papildomo komforto ir apsaugos.<\/p>\n<p class=\"\" data-start=\"576\" data-end=\"793\"><strong data-start=\"576\" data-end=\"589\">Effect:<\/strong><br data-start=\"589\" data-end=\"592\" \/>\u2022 Gaivina ir intensyviai dr\u0117kina od\u0105<br data-start=\"628\" data-end=\"631\" \/>\u2022 Saugo nuo laisv\u0173j\u0173 radikal\u0173 ir aplinkos \u017ealos<br data-start=\"678\" data-end=\"681\" \/>\u2022 Ramina sudirgusi\u0105 ar jautri\u0105 od\u0105<br data-start=\"715\" data-end=\"718\" \/>\u2022 Stiprina odos apsaugin\u012f barjer\u0105<br data-start=\"751\" data-end=\"754\" \/>\u2022 Suteikia \u0161vyt\u0117jimo ir komforto poj\u016bt\u012f<\/p>\n<p class=\"\" data-start=\"795\" data-end=\"989\"><strong data-start=\"795\" data-end=\"810\">Usage:<\/strong><br data-start=\"810\" data-end=\"813\" \/>U\u017epurk\u0161kite tiesiai ant \u0161varios veido odos po prausimo arba bet kada, kai reikia dr\u0117kinimo ir gaivos.<br data-start=\"914\" data-end=\"917\" \/>Galima naudoti prie\u0161 serum\u0105 ar krem\u0105, taip pat dienos metu vir\u0161 makia\u017eo.<\/p>\n<p class=\"\" data-start=\"991\" data-end=\"1142\"><strong data-start=\"991\" data-end=\"1009\">Suitable for use:<\/strong><br data-start=\"1009\" data-end=\"1012\" \/>Visiems odos tipams, ypa\u010d dehidratuotai, jautriai ar brand\u017eiai odai.<br data-start=\"1080\" data-end=\"1083\" \/>Puikiai tinka naudoti po proced\u016br\u0173 ar esant odos jautrumui.<\/p>","protected":false},"excerpt":{"rendered":"<p>Dr\u0117kinamoji veido migla su m\u0117lyni\u0173 ir baltosios arbatos ekstraktais<\/p>","protected":false},"featured_media":6259,"comment_status":"open","ping_status":"closed","template":"","meta":[],"product_cat":[448,139,224],"product_tag":[],"class_list":{"0":"post-6258","1":"product","2":"type-product","3":"status-publish","4":"has-post-thumbnail","6":"product_cat-is-clinical-ir-circadia","7":"product_cat-dekolte","8":"product_cat-dulksnos","9":"pa_brands-circadia","10":"pa_talpa-118ml","12":"first","13":"instock","14":"taxable","15":"shipping-taxable","16":"purchasable","17":"product-type-simple"},"_links":{"self":[{"href":"https:\/\/miamedic.lt\/en\/wp-json\/wp\/v2\/product\/6258","targetHints":{"allow":["GET"]}}],"collection":[{"href":"https:\/\/miamedic.lt\/en\/wp-json\/wp\/v2\/product"}],"about":[{"href":"https:\/\/miamedic.lt\/en\/wp-json\/wp\/v2\/types\/product"}],"replies":[{"embeddable":true,"href":"https:\/\/miamedic.lt\/en\/wp-json\/wp\/v2\/comments?post=6258"}],"version-history":[{"count":2,"href":"https:\/\/miamedic.lt\/en\/wp-json\/wp\/v2\/product\/6258\/revisions"}],"predecessor-version":[{"id":6274,"href":"https:\/\/miamedic.lt\/en\/wp-json\/wp\/v2\/product\/6258\/revisions\/6274"}],"wp:featuredmedia":[{"embeddable":true,"href":"https:\/\/miamedic.lt\/en\/wp-json\/wp\/v2\/media\/6259"}],"wp:attachment":[{"href":"https:\/\/miamedic.lt\/en\/wp-json\/wp\/v2\/media?parent=6258"}],"wp:term":[{"taxonomy":"product_cat","embeddable":true,"href":"https:\/\/miamedic.lt\/en\/wp-json\/wp\/v2\/product_cat?post=6258"},{"taxonomy":"product_tag","embeddable":true,"href":"https:\/\/miamedic.lt\/en\/wp-json\/wp\/v2\/product_tag?post=6258"}],"curies":[{"name":"wp","href":"https:\/\/api.w.org\/{rel}","templated":true}]}}