{"id":6255,"date":"2025-04-16T17:16:52","date_gmt":"2025-04-16T17:16:52","guid":{"rendered":"https:\/\/www.miamedic.lt\/?post_type=product&#038;p=6255"},"modified":"2026-03-02T11:03:36","modified_gmt":"2026-03-02T11:03:36","slug":"serum-71","status":"publish","type":"product","link":"https:\/\/miamedic.lt\/en\/shop\/serum-71\/","title":{"rendered":"Serum 71"},"content":{"rendered":"<p class=\"\" data-start=\"126\" data-end=\"212\"><strong data-start=\"126\" data-end=\"212\">Circadia Serum 71 \u2013 dr\u0117kinamasis ir atstatomasis serumas jautriai, reaktyviai odai<\/strong><\/p>\n<p class=\"\" data-start=\"214\" data-end=\"478\">Circadia Serum 71 \u2013 tai pa\u017eangus serumas, sukurtas specialiai jautriai, \u012f ro\u017ein\u0119 ar u\u017edegimus linkusiai odai. Jo formul\u0117 ramina, dr\u0117kina ir stiprina odos barjer\u0105, ma\u017eina jautrum\u0105 ir paraudim\u0105. Idealiai tinka naudoti po proced\u016br\u0173, kai oda yra sudirgusi ar pa\u017eeista.<\/p>\n<p class=\"\" data-start=\"480\" data-end=\"712\"><strong data-start=\"480\" data-end=\"493\">Effect:<\/strong><br data-start=\"493\" data-end=\"496\" \/>\u2022 Ramina paraudusi\u0105, jautri\u0105 ar sudirgusi\u0105 od\u0105<br data-start=\"542\" data-end=\"545\" \/>\u2022 Ma\u017eina u\u017edegim\u0105, nie\u017e\u0117jim\u0105, tempim\u0105<br data-start=\"582\" data-end=\"585\" \/>\u2022 Atstato apsaugin\u012f odos barjer\u0105<br data-start=\"617\" data-end=\"620\" \/>\u2022 Dr\u0117kina ir stiprina odos strukt\u016br\u0105<br data-start=\"656\" data-end=\"659\" \/>\u2022 Apsaugo nuo aplinkos \u017ealos ir padeda odai atsigauti<\/p>\n<p class=\"\" data-start=\"714\" data-end=\"914\"><strong data-start=\"714\" data-end=\"729\">Usage:<\/strong><br data-start=\"729\" data-end=\"732\" \/>Naudoti ryte ir (arba) vakare ant \u0161varios odos.<br data-start=\"779\" data-end=\"782\" \/>U\u017ela\u0161inkite kelet\u0105 la\u0161\u0173 ant veido ir kaklo, \u0161velniai paskirstykite.<br data-start=\"849\" data-end=\"852\" \/>T\u0119skite prie\u017ei\u016br\u0105 su Circadia dr\u0117kikliu ar apsauga nuo saul\u0117s.<\/p>\n<p class=\"\" data-start=\"916\" data-end=\"1039\"><strong data-start=\"916\" data-end=\"934\">Suitable for use:<\/strong><br data-start=\"934\" data-end=\"937\" \/>Visiems odos tipams, bet ypa\u010d jautriai, sudirgusiai, ro\u017ein\u0117s pa\u017eeistai, dehidratuotai ar po proced\u016br\u0173.<\/p>","protected":false},"excerpt":{"rendered":"<p>Dr\u0117kinamasis ir atstatomasis serumas jautriai, reaktyviai odai<\/p>","protected":false},"featured_media":6256,"comment_status":"open","ping_status":"closed","template":"","meta":[],"product_cat":[448,107],"product_tag":[],"class_list":{"0":"post-6255","1":"product","2":"type-product","3":"status-publish","4":"has-post-thumbnail","6":"product_cat-is-clinical-ir-circadia","7":"product_cat-serumai","8":"pa_brands-circadia","9":"pa_talpa-15ml","11":"first","12":"instock","13":"taxable","14":"shipping-taxable","15":"purchasable","16":"product-type-simple"},"_links":{"self":[{"href":"https:\/\/miamedic.lt\/en\/wp-json\/wp\/v2\/product\/6255","targetHints":{"allow":["GET"]}}],"collection":[{"href":"https:\/\/miamedic.lt\/en\/wp-json\/wp\/v2\/product"}],"about":[{"href":"https:\/\/miamedic.lt\/en\/wp-json\/wp\/v2\/types\/product"}],"replies":[{"embeddable":true,"href":"https:\/\/miamedic.lt\/en\/wp-json\/wp\/v2\/comments?post=6255"}],"version-history":[{"count":2,"href":"https:\/\/miamedic.lt\/en\/wp-json\/wp\/v2\/product\/6255\/revisions"}],"predecessor-version":[{"id":10074,"href":"https:\/\/miamedic.lt\/en\/wp-json\/wp\/v2\/product\/6255\/revisions\/10074"}],"wp:featuredmedia":[{"embeddable":true,"href":"https:\/\/miamedic.lt\/en\/wp-json\/wp\/v2\/media\/6256"}],"wp:attachment":[{"href":"https:\/\/miamedic.lt\/en\/wp-json\/wp\/v2\/media?parent=6255"}],"wp:term":[{"taxonomy":"product_cat","embeddable":true,"href":"https:\/\/miamedic.lt\/en\/wp-json\/wp\/v2\/product_cat?post=6255"},{"taxonomy":"product_tag","embeddable":true,"href":"https:\/\/miamedic.lt\/en\/wp-json\/wp\/v2\/product_tag?post=6255"}],"curies":[{"name":"wp","href":"https:\/\/api.w.org\/{rel}","templated":true}]}}