{"id":6248,"date":"2025-04-16T17:11:28","date_gmt":"2025-04-16T17:11:28","guid":{"rendered":"https:\/\/www.miamedic.lt\/?post_type=product&#038;p=6248"},"modified":"2026-03-02T11:03:55","modified_gmt":"2026-03-02T11:03:55","slug":"fullcircle-eye-repair-creams","status":"publish","type":"product","link":"https:\/\/miamedic.lt\/en\/shop\/fullcircle-eye-repair-creams\/","title":{"rendered":"FullCircle Eye Repair Creams"},"content":{"rendered":"<p data-start=\"190\" data-end=\"274\"><strong data-start=\"194\" data-end=\"274\">Circadia Full Circle Eye Repair Day Cream \u2013 gaivinantis paaki\u0173 kremas dienai<\/strong><\/p>\n<p class=\"\" data-start=\"276\" data-end=\"551\">Circadia Full Circle Eye Repair Day Cream \u2013 tai lengvos tekst\u016bros paaki\u0173 kremas, skirtas intensyviam dr\u0117kinimui, paburkim\u0173 ma\u017einimui ir \u0161viesinimui. \u0160i formul\u0117 sukurta taip, kad palaikyt\u0173 odos elastingum\u0105 ir apsaugot\u0173 jautri\u0105 paaki\u0173 zon\u0105 nuo aplinkos \u017ealos visos dienos metu.<\/p>\n<p class=\"\" data-start=\"553\" data-end=\"804\"><strong data-start=\"553\" data-end=\"566\">Effect:<\/strong><br data-start=\"566\" data-end=\"569\" \/>\u2022 Suma\u017eina patinimus ir \u201emai\u0161elius\u201c po akimis<br data-start=\"614\" data-end=\"617\" \/>\u2022 \u0160viesina paaki\u0173 srit\u012f ir ma\u017eina tamsius ratilus<br data-start=\"666\" data-end=\"669\" \/>\u2022 Dr\u0117kina ir mink\u0161tina od\u0105<br data-start=\"695\" data-end=\"698\" \/>\u2022 Apsaugo nuo oksidacinio streso ir UV spinduli\u0173 sukelt\u0173 pa\u017eeidim\u0173<br data-start=\"764\" data-end=\"767\" \/>\u2022 Pagerina odos tonus\u0105 ir elastingum\u0105<\/p>\n<p class=\"\" data-start=\"806\" data-end=\"947\"><strong data-start=\"806\" data-end=\"821\">Usage:<\/strong><br data-start=\"821\" data-end=\"824\" \/>Ryte tepkite ma\u017e\u0105 kiek\u012f kremo aplink aki\u0173 kont\u016bro srit\u012f \u2013 \u0161velniai \u012ftap\u0161nokite, ne\u012ftrinant.<br data-start=\"915\" data-end=\"918\" \/>Galima naudoti prie\u0161 makia\u017e\u0105.<\/p>\n<p class=\"\" data-start=\"949\" data-end=\"1055\"><strong data-start=\"949\" data-end=\"967\">Suitable for use:<\/strong><br data-start=\"967\" data-end=\"970\" \/>Visiems odos tipams, ypa\u010d su tamsiais ratilais, paburkimais ar dehidracija paakiuose.<\/p>","protected":false},"excerpt":{"rendered":"<p>Gaivinantis paaki\u0173 kremas dienai<\/p>","protected":false},"featured_media":6249,"comment_status":"open","ping_status":"closed","template":"","meta":[],"product_cat":[448,83],"product_tag":[],"class_list":{"0":"post-6248","1":"product","2":"type-product","3":"status-publish","4":"has-post-thumbnail","6":"product_cat-is-clinical-ir-circadia","7":"product_cat-paakiu-kremai","8":"pa_brands-circadia","9":"pa_talpa-2x15ml","11":"first","12":"instock","13":"taxable","14":"shipping-taxable","15":"purchasable","16":"product-type-simple"},"_links":{"self":[{"href":"https:\/\/miamedic.lt\/en\/wp-json\/wp\/v2\/product\/6248","targetHints":{"allow":["GET"]}}],"collection":[{"href":"https:\/\/miamedic.lt\/en\/wp-json\/wp\/v2\/product"}],"about":[{"href":"https:\/\/miamedic.lt\/en\/wp-json\/wp\/v2\/types\/product"}],"replies":[{"embeddable":true,"href":"https:\/\/miamedic.lt\/en\/wp-json\/wp\/v2\/comments?post=6248"}],"version-history":[{"count":3,"href":"https:\/\/miamedic.lt\/en\/wp-json\/wp\/v2\/product\/6248\/revisions"}],"predecessor-version":[{"id":6388,"href":"https:\/\/miamedic.lt\/en\/wp-json\/wp\/v2\/product\/6248\/revisions\/6388"}],"wp:featuredmedia":[{"embeddable":true,"href":"https:\/\/miamedic.lt\/en\/wp-json\/wp\/v2\/media\/6249"}],"wp:attachment":[{"href":"https:\/\/miamedic.lt\/en\/wp-json\/wp\/v2\/media?parent=6248"}],"wp:term":[{"taxonomy":"product_cat","embeddable":true,"href":"https:\/\/miamedic.lt\/en\/wp-json\/wp\/v2\/product_cat?post=6248"},{"taxonomy":"product_tag","embeddable":true,"href":"https:\/\/miamedic.lt\/en\/wp-json\/wp\/v2\/product_tag?post=6248"}],"curies":[{"name":"wp","href":"https:\/\/api.w.org\/{rel}","templated":true}]}}