{"id":6245,"date":"2025-04-16T17:08:11","date_gmt":"2025-04-16T17:08:11","guid":{"rendered":"https:\/\/www.miamedic.lt\/?post_type=product&#038;p=6245"},"modified":"2026-03-02T11:04:04","modified_gmt":"2026-03-02T11:04:04","slug":"myo-cyte-plus-serum","status":"publish","type":"product","link":"https:\/\/miamedic.lt\/en\/shop\/myo-cyte-plus-serum\/","title":{"rendered":"Myo-Cyte Plus Serum"},"content":{"rendered":"<p class=\"\" data-start=\"154\" data-end=\"256\"><strong data-start=\"154\" data-end=\"256\">Circadia Myo-Cyte Plus Anti-Wrinkle Serum \u2013 intensyvaus poveikio serumas mimikos rauk\u0161l\u0117ms ma\u017einti<\/strong><\/p>\n<p class=\"\" data-start=\"258\" data-end=\"555\">Circadia Myo-Cyte Plus \u2013 tai pa\u017eangus serumas, skirtas ma\u017einti mimikos rauk\u0161les, stangrinti od\u0105 ir atkurti jaunatvi\u0161k\u0105 i\u0161vaizd\u0105. Jo sud\u0117tyje esantys neuropeptidai veikia pana\u0161iai kaip botulino toksinas, bet be injekcij\u0173 \u2013 \u0161velniai atpalaiduoja veido raumen\u0173 mikro\u012ftampas ir pagerina odos tekst\u016br\u0105.<\/p>\n<p class=\"\" data-start=\"557\" data-end=\"829\"><strong data-start=\"557\" data-end=\"570\">Effect:<\/strong><br data-start=\"570\" data-end=\"573\" \/>\u2022 Ma\u017eina mimikos rauk\u0161les (ypa\u010d kaktos ir aki\u0173 srityje)<br data-start=\"628\" data-end=\"631\" \/>\u2022 Stangrina ir lygina odos pavir\u0161i\u0173<br data-start=\"666\" data-end=\"669\" \/>\u2022 Skatina kolageno sintez\u0119 ir stiprina dermos strukt\u016br\u0105<br data-start=\"724\" data-end=\"727\" \/>\u2022 Gerina odos tonus\u0105 ir apsaugo nuo prie\u0161laikinio sen\u0117jimo<br data-start=\"785\" data-end=\"788\" \/>\u2022 Suteikia skaistumo ir \u201eliftingo\u201c efekt\u0105<\/p>\n<p class=\"\" data-start=\"831\" data-end=\"1088\"><strong data-start=\"831\" data-end=\"846\">Usage:<\/strong><br data-start=\"846\" data-end=\"849\" \/>Naudoti ryte ir vakare ant \u0161varios odos.<br data-start=\"889\" data-end=\"892\" \/>U\u017ela\u0161inkite kelis la\u0161us serumo ant rauk\u0161li\u0173 zon\u0173 (kakta, aki\u0173 kampu\u010diai, nosies-l\u016bp\u0173 sritis), paskirstykite pir\u0161t\u0173 galiukais.<br data-start=\"1017\" data-end=\"1020\" \/>Toliau naudokite pasirinkt\u0105 Circadia dr\u0117kikl\u012f ar apsaug\u0105 nuo saul\u0117s.<\/p>\n<p class=\"\" data-start=\"1090\" data-end=\"1248\"><strong data-start=\"1090\" data-end=\"1108\">Suitable for use:<\/strong><br data-start=\"1108\" data-end=\"1111\" \/>Vis\u0173 tip\u0173 odai, ypa\u010d brand\u017eiai, su ai\u0161kiai matomomis mimikos rauk\u0161l\u0117mis.<br data-start=\"1183\" data-end=\"1186\" \/>Puikiai tinka kaip neinvazin\u0117 alternatyva botokso proced\u016broms.<\/p>","protected":false},"excerpt":{"rendered":"<p>Intensyvaus poveikio serumas mimikos rauk\u0161l\u0117ms ma\u017einti<\/p>","protected":false},"featured_media":6246,"comment_status":"open","ping_status":"closed","template":"","meta":[],"product_cat":[448,107],"product_tag":[],"class_list":{"0":"post-6245","1":"product","2":"type-product","3":"status-publish","4":"has-post-thumbnail","6":"product_cat-is-clinical-ir-circadia","7":"product_cat-serumai","8":"pa_brands-circadia","9":"pa_talpa-15ml","11":"first","12":"instock","13":"taxable","14":"shipping-taxable","15":"purchasable","16":"product-type-simple"},"_links":{"self":[{"href":"https:\/\/miamedic.lt\/en\/wp-json\/wp\/v2\/product\/6245","targetHints":{"allow":["GET"]}}],"collection":[{"href":"https:\/\/miamedic.lt\/en\/wp-json\/wp\/v2\/product"}],"about":[{"href":"https:\/\/miamedic.lt\/en\/wp-json\/wp\/v2\/types\/product"}],"replies":[{"embeddable":true,"href":"https:\/\/miamedic.lt\/en\/wp-json\/wp\/v2\/comments?post=6245"}],"version-history":[{"count":2,"href":"https:\/\/miamedic.lt\/en\/wp-json\/wp\/v2\/product\/6245\/revisions"}],"predecessor-version":[{"id":10075,"href":"https:\/\/miamedic.lt\/en\/wp-json\/wp\/v2\/product\/6245\/revisions\/10075"}],"wp:featuredmedia":[{"embeddable":true,"href":"https:\/\/miamedic.lt\/en\/wp-json\/wp\/v2\/media\/6246"}],"wp:attachment":[{"href":"https:\/\/miamedic.lt\/en\/wp-json\/wp\/v2\/media?parent=6245"}],"wp:term":[{"taxonomy":"product_cat","embeddable":true,"href":"https:\/\/miamedic.lt\/en\/wp-json\/wp\/v2\/product_cat?post=6245"},{"taxonomy":"product_tag","embeddable":true,"href":"https:\/\/miamedic.lt\/en\/wp-json\/wp\/v2\/product_tag?post=6245"}],"curies":[{"name":"wp","href":"https:\/\/api.w.org\/{rel}","templated":true}]}}