{"id":6241,"date":"2025-04-16T17:04:50","date_gmt":"2025-04-16T17:04:50","guid":{"rendered":"https:\/\/www.miamedic.lt\/?post_type=product&#038;p=6241"},"modified":"2026-03-02T11:04:14","modified_gmt":"2026-03-02T11:04:14","slug":"glyco-guard","status":"publish","type":"product","link":"https:\/\/miamedic.lt\/en\/shop\/glyco-guard\/","title":{"rendered":"Glyco-Guard"},"content":{"rendered":"<p class=\"\" data-start=\"131\" data-end=\"197\"><strong data-start=\"131\" data-end=\"197\">Circadia Glyco-Guard \u2013 serumas nuo glikacijos ir odos sen\u0117jimo<\/strong><\/p>\n<p class=\"\" data-start=\"199\" data-end=\"509\">Circadia Glyco-Guard \u2013 tai lengvos konsistencijos serumas, skirtas apsaugoti od\u0105 nuo vieno i\u0161 pagrindini\u0173 vidinio sen\u0117jimo veiksni\u0173 \u2013 glikacijos. \u0160i pa\u017eangi formul\u0117, paremta peptidais ir antioksidantais, saugo odos baltymus nuo \u201ecukrin\u0117s\u201c \u017ealos, gerina odos tonus\u0105, elastingum\u0105 ir palaiko jaunatvi\u0161k\u0105 i\u0161vaizd\u0105.<\/p>\n<p class=\"\" data-start=\"511\" data-end=\"788\"><strong data-start=\"511\" data-end=\"524\">Effect:<\/strong><br data-start=\"524\" data-end=\"527\" \/>\u2022 Apsaugo od\u0105 nuo glikacijos proceso ir kolageno irimo<br data-start=\"581\" data-end=\"584\" \/>\u2022 Stiprina odos strukt\u016br\u0105 ir atkuria jos stangrum\u0105<br data-start=\"634\" data-end=\"637\" \/>\u2022 Ma\u017eina smulkias rauk\u0161leles ir i\u0161lygina tekst\u016br\u0105<br data-start=\"686\" data-end=\"689\" \/>\u2022 Apsaugo nuo oksidacinio streso ir sen\u0117jimo po\u017eymi\u0173<br data-start=\"741\" data-end=\"744\" \/>\u2022 Gerina odos ton\u0105, elastingum\u0105 ir atsparum\u0105<\/p>\n<p class=\"\" data-start=\"790\" data-end=\"1017\"><strong data-start=\"790\" data-end=\"805\">Usage:<\/strong><br data-start=\"805\" data-end=\"808\" \/>Tepkite ryte ir\/ar vakare ant \u0161varios veido ir kaklo odos prie\u0161 dr\u0117kikl\u012f ar apsaug\u0105 nuo saul\u0117s.<br data-start=\"903\" data-end=\"906\" \/>Gali b\u016bti naudojamas kasdien, taip pat ir kartu su Circadia Vitamin C Reversal Serum arba Counter A.G.E. kremu.<\/p>\n<p class=\"\" data-start=\"1019\" data-end=\"1195\"><strong data-start=\"1019\" data-end=\"1037\">Suitable for use:<\/strong><br data-start=\"1037\" data-end=\"1040\" \/>Vis\u0173 tip\u0173 odai, ypa\u010d brand\u017eiai, dehidratuotai ar veikiamai streso ir glikacijos.<br data-start=\"1120\" data-end=\"1123\" \/>Puikus pasirinkimas siekiant ilgalaik\u0117s odos sveikatos ir jaunatvi\u0161kumo.<\/p>","protected":false},"excerpt":{"rendered":"<p>Serumas nuo odos sen\u0117jimo<\/p>","protected":false},"featured_media":6242,"comment_status":"open","ping_status":"closed","template":"","meta":[],"product_cat":[448,107],"product_tag":[],"class_list":{"0":"post-6241","1":"product","2":"type-product","3":"status-publish","4":"has-post-thumbnail","6":"product_cat-is-clinical-ir-circadia","7":"product_cat-serumai","8":"pa_brands-circadia","9":"pa_talpa-59ml","11":"first","12":"instock","13":"taxable","14":"shipping-taxable","15":"purchasable","16":"product-type-simple"},"_links":{"self":[{"href":"https:\/\/miamedic.lt\/en\/wp-json\/wp\/v2\/product\/6241","targetHints":{"allow":["GET"]}}],"collection":[{"href":"https:\/\/miamedic.lt\/en\/wp-json\/wp\/v2\/product"}],"about":[{"href":"https:\/\/miamedic.lt\/en\/wp-json\/wp\/v2\/types\/product"}],"replies":[{"embeddable":true,"href":"https:\/\/miamedic.lt\/en\/wp-json\/wp\/v2\/comments?post=6241"}],"version-history":[{"count":4,"href":"https:\/\/miamedic.lt\/en\/wp-json\/wp\/v2\/product\/6241\/revisions"}],"predecessor-version":[{"id":12536,"href":"https:\/\/miamedic.lt\/en\/wp-json\/wp\/v2\/product\/6241\/revisions\/12536"}],"wp:featuredmedia":[{"embeddable":true,"href":"https:\/\/miamedic.lt\/en\/wp-json\/wp\/v2\/media\/6242"}],"wp:attachment":[{"href":"https:\/\/miamedic.lt\/en\/wp-json\/wp\/v2\/media?parent=6241"}],"wp:term":[{"taxonomy":"product_cat","embeddable":true,"href":"https:\/\/miamedic.lt\/en\/wp-json\/wp\/v2\/product_cat?post=6241"},{"taxonomy":"product_tag","embeddable":true,"href":"https:\/\/miamedic.lt\/en\/wp-json\/wp\/v2\/product_tag?post=6241"}],"curies":[{"name":"wp","href":"https:\/\/api.w.org\/{rel}","templated":true}]}}