{"id":6232,"date":"2025-04-16T17:01:58","date_gmt":"2025-04-16T17:01:58","guid":{"rendered":"https:\/\/www.miamedic.lt\/?post_type=product&#038;p=6232"},"modified":"2026-03-02T11:04:25","modified_gmt":"2026-03-02T11:04:25","slug":"counter-a-g-e","status":"publish","type":"product","link":"https:\/\/miamedic.lt\/en\/shop\/counter-a-g-e\/","title":{"rendered":"Counter A.G.E."},"content":{"rendered":"<p class=\"\" data-start=\"134\" data-end=\"206\"><strong data-start=\"134\" data-end=\"206\">Circadia Counter A.G.E. \u2013 kremas kovai su glikacija ir odos sen\u0117jimu<\/strong><\/p>\n<p class=\"\" data-start=\"208\" data-end=\"546\">Circadia Counter A.G.E. \u2013 tai pa\u017eangios formul\u0117s kremas, sukurtas kovai su vienu i\u0161 pagrindini\u0173 vidinio sen\u0117jimo mechanizm\u0173 \u2013 glikacija. Glikacija \u2013 tai baltym\u0173 \u201ekaramelizavimosi\u201c procesas, silpninantis kolageno strukt\u016br\u0105. \u0160is kremas neutralizuoja glikacijos padarinius, stiprina odos strukt\u016br\u0105, skaistina ir saugo nuo oksidacinio streso.<\/p>\n<p class=\"\" data-start=\"548\" data-end=\"812\"><strong data-start=\"548\" data-end=\"561\">Effect:<\/strong><br data-start=\"561\" data-end=\"564\" \/>\u2022 Kovoja su glikacijos procesu ir jo sukeltu odos sen\u0117jimu<br data-start=\"622\" data-end=\"625\" \/>\u2022 Saugo kolageno ir elastino skaidulas nuo irimo<br data-start=\"673\" data-end=\"676\" \/>\u2022 Ma\u017eina smulkias rauk\u0161leles, gerina stangrum\u0105 ir elastingum\u0105<br data-start=\"737\" data-end=\"740\" \/>\u2022 Skaistina, lygina odos atspalv\u012f<br data-start=\"773\" data-end=\"776\" \/>\u2022 Turi stipr\u0173 antioksidacin\u012f poveik\u012f<\/p>\n<p class=\"\" data-start=\"814\" data-end=\"1031\"><strong data-start=\"814\" data-end=\"829\">Usage:<\/strong><br data-start=\"829\" data-end=\"832\" \/>Tepkite ant \u0161varios veido ir kaklo odos vakare.<br data-start=\"879\" data-end=\"882\" \/>Gali b\u016bti naudojamas kaip prevencin\u0117 ar korekcin\u0117 priemon\u0117 nuo sen\u0117jimo.<br data-start=\"954\" data-end=\"957\" \/>Idealiai derinamas su Circadia Vitamin C Reversal Serum ar MeriStem Serum.<\/p>\n<p class=\"\" data-start=\"1033\" data-end=\"1276\"><strong data-start=\"1033\" data-end=\"1051\">Suitable for use:<\/strong><br data-start=\"1051\" data-end=\"1054\" \/>Visiems odos tipams, ypa\u010d brand\u017eiai, pavargusiai, praradusiai elastingum\u0105 ar ken\u010dian\u010diai nuo glikacijos sukelt\u0173 poky\u010di\u0173.<br data-start=\"1174\" data-end=\"1177\" \/>Puikus pasirinkimas miesto aplinkoje gyvenantiems \u017emon\u0117ms, veikiamiems streso ir oksidacin\u0117s \u017ealos.<\/p>","protected":false},"excerpt":{"rendered":"<p>Kremas kovai su glikacija ir odos sen\u0117jimu<\/p>","protected":false},"featured_media":6236,"comment_status":"open","ping_status":"closed","template":"","meta":[],"product_cat":[448,107],"product_tag":[],"class_list":{"0":"post-6232","1":"product","2":"type-product","3":"status-publish","4":"has-post-thumbnail","6":"product_cat-is-clinical-ir-circadia","7":"product_cat-serumai","8":"pa_brands-circadia","9":"pa_talpa-15ml","11":"first","12":"instock","13":"taxable","14":"shipping-taxable","15":"purchasable","16":"product-type-simple"},"_links":{"self":[{"href":"https:\/\/miamedic.lt\/en\/wp-json\/wp\/v2\/product\/6232","targetHints":{"allow":["GET"]}}],"collection":[{"href":"https:\/\/miamedic.lt\/en\/wp-json\/wp\/v2\/product"}],"about":[{"href":"https:\/\/miamedic.lt\/en\/wp-json\/wp\/v2\/types\/product"}],"replies":[{"embeddable":true,"href":"https:\/\/miamedic.lt\/en\/wp-json\/wp\/v2\/comments?post=6232"}],"version-history":[{"count":2,"href":"https:\/\/miamedic.lt\/en\/wp-json\/wp\/v2\/product\/6232\/revisions"}],"predecessor-version":[{"id":10077,"href":"https:\/\/miamedic.lt\/en\/wp-json\/wp\/v2\/product\/6232\/revisions\/10077"}],"wp:featuredmedia":[{"embeddable":true,"href":"https:\/\/miamedic.lt\/en\/wp-json\/wp\/v2\/media\/6236"}],"wp:attachment":[{"href":"https:\/\/miamedic.lt\/en\/wp-json\/wp\/v2\/media?parent=6232"}],"wp:term":[{"taxonomy":"product_cat","embeddable":true,"href":"https:\/\/miamedic.lt\/en\/wp-json\/wp\/v2\/product_cat?post=6232"},{"taxonomy":"product_tag","embeddable":true,"href":"https:\/\/miamedic.lt\/en\/wp-json\/wp\/v2\/product_tag?post=6232"}],"curies":[{"name":"wp","href":"https:\/\/api.w.org\/{rel}","templated":true}]}}