{"id":6220,"date":"2025-04-16T16:58:43","date_gmt":"2025-04-16T16:58:43","guid":{"rendered":"https:\/\/www.miamedic.lt\/?post_type=product&#038;p=6220"},"modified":"2026-03-02T11:04:34","modified_gmt":"2026-03-02T11:04:34","slug":"revita-cyte-complex","status":"publish","type":"product","link":"https:\/\/miamedic.lt\/en\/shop\/revita-cyte-complex\/","title":{"rendered":"Revita-Cyte Complex"},"content":{"rendered":"<p class=\"\" data-start=\"137\" data-end=\"230\"><strong data-start=\"137\" data-end=\"230\">Circadia Revita-Cyte Complex \u2013 odos atnaujinimo kremas su augimo veiksni\u0173 stimuliatoriais<\/strong><\/p>\n<p class=\"\" data-start=\"232\" data-end=\"563\">Circadia Revita-Cyte Complex \u2013 tai kremas, sukurtas siekiant palaikyti odos regeneracij\u0105, elastingum\u0105 ir gyvybingum\u0105, ypa\u010d kaip paruo\u0161iamoji ar palaikomoji priemon\u0117 prie vitamino A terapijos. Sud\u0117tyje esantys augimo faktori\u0173 aktyvatoriai, antioksidantai ir dr\u0117kikliai padeda palaikyti odos sveikat\u0105 bei suma\u017einti sen\u0117jimo po\u017eymius.<\/p>\n<p class=\"\" data-start=\"565\" data-end=\"827\"><strong data-start=\"565\" data-end=\"578\">Effect:<\/strong><br data-start=\"578\" data-end=\"581\" \/>\u2022 Skatina l\u0105steli\u0173 regeneracij\u0105 ir atsinaujinim\u0105<br data-start=\"629\" data-end=\"632\" \/>\u2022 Stiprina odos strukt\u016br\u0105, elastingum\u0105 ir stangrum\u0105<br data-start=\"683\" data-end=\"686\" \/>\u2022 Gerina odos ton\u0105 ir tekst\u016br\u0105<br data-start=\"716\" data-end=\"719\" \/>\u2022 Ma\u017eina smulkias rauk\u0161leles ir pigmentacijos po\u017eymius<br data-start=\"773\" data-end=\"776\" \/>\u2022 Saugo nuo oksidacinio streso ir aplinkos veiksni\u0173<\/p>\n<p class=\"\" data-start=\"829\" data-end=\"1047\"><strong data-start=\"829\" data-end=\"844\">Usage:<\/strong><br data-start=\"844\" data-end=\"847\" \/>Tepkite ant \u0161varios veido ir kaklo odos ryte ir vakare.<br data-start=\"902\" data-end=\"905\" \/>Puikiai tinka naudoti prie\u0161 pradedant retinolio terapij\u0105 arba tarp jos cikl\u0173.<br data-start=\"982\" data-end=\"985\" \/>Gali b\u016bti naudojamas ir kaip atstatomasis kremas po proced\u016br\u0173.<\/p>\n<p class=\"\" data-start=\"1049\" data-end=\"1215\"><strong data-start=\"1049\" data-end=\"1067\">Suitable for use:<\/strong><br data-start=\"1067\" data-end=\"1070\" \/>Visiems odos tipams, ypa\u010d brand\u017eiai, jautriai ar po proced\u016br\u0173.<br data-start=\"1132\" data-end=\"1135\" \/>Rekomenduojamas kaip \u201epre-retinolio\u201c prie\u017ei\u016bra arba alternatyva jautresnei odai.<\/p>","protected":false},"excerpt":{"rendered":"<p>Odos atnaujinimo kremas su augimo veiksni\u0173 stimuliatoriais<\/p>","protected":false},"featured_media":6224,"comment_status":"open","ping_status":"closed","template":"","meta":[],"product_cat":[448,180,129],"product_tag":[],"class_list":{"0":"post-6220","1":"product","2":"type-product","3":"status-publish","4":"has-post-thumbnail","6":"product_cat-is-clinical-ir-circadia","7":"product_cat-naktiniai-kremai","8":"product_cat-veido-kremai","9":"pa_brands-circadia","10":"pa_talpa-59ml","12":"first","13":"instock","14":"taxable","15":"shipping-taxable","16":"purchasable","17":"product-type-simple"},"_links":{"self":[{"href":"https:\/\/miamedic.lt\/en\/wp-json\/wp\/v2\/product\/6220","targetHints":{"allow":["GET"]}}],"collection":[{"href":"https:\/\/miamedic.lt\/en\/wp-json\/wp\/v2\/product"}],"about":[{"href":"https:\/\/miamedic.lt\/en\/wp-json\/wp\/v2\/types\/product"}],"replies":[{"embeddable":true,"href":"https:\/\/miamedic.lt\/en\/wp-json\/wp\/v2\/comments?post=6220"}],"version-history":[{"count":2,"href":"https:\/\/miamedic.lt\/en\/wp-json\/wp\/v2\/product\/6220\/revisions"}],"predecessor-version":[{"id":6423,"href":"https:\/\/miamedic.lt\/en\/wp-json\/wp\/v2\/product\/6220\/revisions\/6423"}],"wp:featuredmedia":[{"embeddable":true,"href":"https:\/\/miamedic.lt\/en\/wp-json\/wp\/v2\/media\/6224"}],"wp:attachment":[{"href":"https:\/\/miamedic.lt\/en\/wp-json\/wp\/v2\/media?parent=6220"}],"wp:term":[{"taxonomy":"product_cat","embeddable":true,"href":"https:\/\/miamedic.lt\/en\/wp-json\/wp\/v2\/product_cat?post=6220"},{"taxonomy":"product_tag","embeddable":true,"href":"https:\/\/miamedic.lt\/en\/wp-json\/wp\/v2\/product_tag?post=6220"}],"curies":[{"name":"wp","href":"https:\/\/api.w.org\/{rel}","templated":true}]}}