{"id":6203,"date":"2025-04-16T16:55:49","date_gmt":"2025-04-16T16:55:49","guid":{"rendered":"https:\/\/www.miamedic.lt\/?post_type=product&#038;p=6203"},"modified":"2026-03-02T11:04:44","modified_gmt":"2026-03-02T11:04:44","slug":"cyto-comm-serum","status":"publish","type":"product","link":"https:\/\/miamedic.lt\/en\/shop\/cyto-comm-serum\/","title":{"rendered":"Cyto-Comm serum"},"content":{"rendered":"<p class=\"\" data-start=\"148\" data-end=\"225\"><strong data-start=\"148\" data-end=\"225\">Circadia Cyto-Comm Serum \u2013 odos l\u0105steli\u0173 komunikacij\u0105 atkuriantis serumas<\/strong><\/p>\n<p class=\"\" data-start=\"227\" data-end=\"555\">Circadia Cyto-Comm Serum \u2013 tai auk\u0161tos technologijos pagrindu sukurtas serumas, kuris atkuria ir palaiko sveik\u0105 l\u0105steli\u0173 komunikacij\u0105, siekiant i\u0161laikyti odos jaunyst\u0119, vientisum\u0105 ir geb\u0117jim\u0105 atsistatyti. \u0160i priemon\u0117 skirta stiprinti odos apsaugines funkcijas, skatinti regeneracij\u0105 ir u\u017etikrinti optimali\u0105 tarpl\u0105stelin\u0119 veikl\u0105.<\/p>\n<p class=\"\" data-start=\"557\" data-end=\"855\"><strong data-start=\"557\" data-end=\"570\">Effect:<\/strong><br data-start=\"570\" data-end=\"573\" \/>\u2022 Atkuria ir palaiko l\u0105steli\u0173 komunikacij\u0105 odos sluoksniuose<br data-start=\"633\" data-end=\"636\" \/>\u2022 Gerina odos barjerin\u0119 funkcij\u0105 ir atsparum\u0105 aplinkos veiksniams<br data-start=\"701\" data-end=\"704\" \/>\u2022 Ma\u017eina u\u017edegiminius procesus ir odos stres\u0105<br data-start=\"749\" data-end=\"752\" \/>\u2022 Lygina smulkias rauk\u0161leles ir pagerina odos tekst\u016br\u0105<br data-start=\"806\" data-end=\"809\" \/>\u2022 Skatina odos regeneracij\u0105 ir dr\u0117gm\u0117s balans\u0105<\/p>\n<p class=\"\" data-start=\"857\" data-end=\"1049\"><strong data-start=\"857\" data-end=\"872\">Usage:<\/strong><br data-start=\"872\" data-end=\"875\" \/>Tepkite ant \u0161varios veido ir kaklo odos ryte ir\/arba vakare.<br data-start=\"935\" data-end=\"938\" \/>Tolygiai paskirstykite ir palaukite, kol susigers, tada t\u0119skite su pasirinktiniu Circadia kremu ar SPF apsauga.<\/p>\n<p class=\"\" data-start=\"1051\" data-end=\"1274\"><strong data-start=\"1051\" data-end=\"1069\">Suitable for use:<\/strong><br data-start=\"1069\" data-end=\"1072\" \/>Vis\u0173 tip\u0173 odai, ypa\u010d jautriai, brand\u017eiai ar pa\u017eeistai odai, kuriai reikalingas atstatymas po streso ar proced\u016br\u0173.<br data-start=\"1185\" data-end=\"1188\" \/>Idealiai tinka po piling\u0173, mikrodermabrazijos, lazerio ar kit\u0173 agresyvesni\u0173 proced\u016br\u0173.<\/p>","protected":false},"excerpt":{"rendered":"<p>Odos l\u0105steli\u0173 komunikacij\u0105 atkuriantis serumas<\/p>","protected":false},"featured_media":6210,"comment_status":"open","ping_status":"closed","template":"","meta":[],"product_cat":[448,107],"product_tag":[],"class_list":{"0":"post-6203","1":"product","2":"type-product","3":"status-publish","4":"has-post-thumbnail","6":"product_cat-is-clinical-ir-circadia","7":"product_cat-serumai","8":"pa_brands-circadia","9":"pa_talpa-15ml","11":"first","12":"instock","13":"taxable","14":"shipping-taxable","15":"purchasable","16":"product-type-simple"},"_links":{"self":[{"href":"https:\/\/miamedic.lt\/en\/wp-json\/wp\/v2\/product\/6203","targetHints":{"allow":["GET"]}}],"collection":[{"href":"https:\/\/miamedic.lt\/en\/wp-json\/wp\/v2\/product"}],"about":[{"href":"https:\/\/miamedic.lt\/en\/wp-json\/wp\/v2\/types\/product"}],"replies":[{"embeddable":true,"href":"https:\/\/miamedic.lt\/en\/wp-json\/wp\/v2\/comments?post=6203"}],"version-history":[{"count":2,"href":"https:\/\/miamedic.lt\/en\/wp-json\/wp\/v2\/product\/6203\/revisions"}],"predecessor-version":[{"id":10078,"href":"https:\/\/miamedic.lt\/en\/wp-json\/wp\/v2\/product\/6203\/revisions\/10078"}],"wp:featuredmedia":[{"embeddable":true,"href":"https:\/\/miamedic.lt\/en\/wp-json\/wp\/v2\/media\/6210"}],"wp:attachment":[{"href":"https:\/\/miamedic.lt\/en\/wp-json\/wp\/v2\/media?parent=6203"}],"wp:term":[{"taxonomy":"product_cat","embeddable":true,"href":"https:\/\/miamedic.lt\/en\/wp-json\/wp\/v2\/product_cat?post=6203"},{"taxonomy":"product_tag","embeddable":true,"href":"https:\/\/miamedic.lt\/en\/wp-json\/wp\/v2\/product_tag?post=6203"}],"curies":[{"name":"wp","href":"https:\/\/api.w.org\/{rel}","templated":true}]}}