{"id":6191,"date":"2025-04-16T16:53:07","date_gmt":"2025-04-16T16:53:07","guid":{"rendered":"https:\/\/www.miamedic.lt\/?post_type=product&#038;p=6191"},"modified":"2026-03-02T11:04:53","modified_gmt":"2026-03-02T11:04:53","slug":"phito-pep-1-6","status":"publish","type":"product","link":"https:\/\/miamedic.lt\/en\/shop\/phito-pep-1-6\/","title":{"rendered":"PhiTo-Pep 1.6"},"content":{"rendered":"<p class=\"\" data-start=\"137\" data-end=\"217\"><strong data-start=\"137\" data-end=\"217\">Circadia PhiTo-Pep 1.6 \u2013 stangrinamasis ir atstatomasis serumas su peptidais<\/strong><\/p>\n<p class=\"\" data-start=\"219\" data-end=\"528\">Circadia PhiTo-Pep 1.6 \u2013 tai pa\u017eangus odos prie\u017ei\u016bros serumas, skirtas efektyviam stangrumo atk\u016brimui, rauk\u0161li\u0173 ma\u017einimui ir odos tonuso gerinimui. Formul\u0117 praturtinta 6 skirtingais biomimetiniais peptidais, kurie veikia sinergi\u0161kai, skatindami odos atsinaujinim\u0105 ir stiprindami kolageno bei elastino sintez\u0119.<\/p>\n<p class=\"\" data-start=\"530\" data-end=\"765\"><strong data-start=\"530\" data-end=\"543\">Effect:<\/strong><br data-start=\"543\" data-end=\"546\" \/>\u2022 Stiprina odos strukt\u016br\u0105 ir padidina stangrum\u0105<br data-start=\"593\" data-end=\"596\" \/>\u2022 Ma\u017eina smulkias ir gilesnes rauk\u0161les<br data-start=\"634\" data-end=\"637\" \/>\u2022 Skatina kolageno ir elastino gamyb\u0105<br data-start=\"674\" data-end=\"677\" \/>\u2022 Gerina odos tekst\u016br\u0105, tonus\u0105 ir \u0161vyt\u0117jim\u0105<br data-start=\"720\" data-end=\"723\" \/>\u2022 Suteikia ilgalaik\u012f odos jauninimo efekt\u0105<\/p>\n<p class=\"\" data-start=\"767\" data-end=\"975\"><strong data-start=\"767\" data-end=\"782\">Usage:<\/strong><br data-start=\"782\" data-end=\"785\" \/>Naudoti ryte ir vakare ant \u0161varios odos.<br data-start=\"825\" data-end=\"828\" \/>U\u017ela\u0161inkite kelis la\u0161us serumo ant veido ir kaklo, tolygiai paskirstykite.<br data-start=\"902\" data-end=\"905\" \/>T\u0119skite prie\u017ei\u016br\u0105 su Circadia dr\u0117kinamuoju kremu arba SPF dienos metu.<\/p>\n<p class=\"\" data-start=\"977\" data-end=\"1151\"><strong data-start=\"977\" data-end=\"995\">Suitable for use:<\/strong><br data-start=\"995\" data-end=\"998\" \/>Visiems odos tipams, ypa\u010d brand\u017eiai, pavargusiai ar elastingum\u0105 praradusiai odai.<br data-start=\"1079\" data-end=\"1082\" \/>Puikus pasirinkimas kaip prevencin\u0117 priemon\u0117 prie\u0161 sen\u0117jimo po\u017eymius.<\/p>","protected":false},"excerpt":{"rendered":"<p>Atstatomasis serumas su peptidais<\/p>","protected":false},"featured_media":6195,"comment_status":"open","ping_status":"closed","template":"","meta":[],"product_cat":[448,107],"product_tag":[],"class_list":{"0":"post-6191","1":"product","2":"type-product","3":"status-publish","4":"has-post-thumbnail","6":"product_cat-is-clinical-ir-circadia","7":"product_cat-serumai","8":"pa_brands-circadia","9":"pa_talpa-59ml","11":"first","12":"instock","13":"taxable","14":"shipping-taxable","15":"purchasable","16":"product-type-simple"},"_links":{"self":[{"href":"https:\/\/miamedic.lt\/en\/wp-json\/wp\/v2\/product\/6191","targetHints":{"allow":["GET"]}}],"collection":[{"href":"https:\/\/miamedic.lt\/en\/wp-json\/wp\/v2\/product"}],"about":[{"href":"https:\/\/miamedic.lt\/en\/wp-json\/wp\/v2\/types\/product"}],"replies":[{"embeddable":true,"href":"https:\/\/miamedic.lt\/en\/wp-json\/wp\/v2\/comments?post=6191"}],"version-history":[{"count":3,"href":"https:\/\/miamedic.lt\/en\/wp-json\/wp\/v2\/product\/6191\/revisions"}],"predecessor-version":[{"id":12537,"href":"https:\/\/miamedic.lt\/en\/wp-json\/wp\/v2\/product\/6191\/revisions\/12537"}],"wp:featuredmedia":[{"embeddable":true,"href":"https:\/\/miamedic.lt\/en\/wp-json\/wp\/v2\/media\/6195"}],"wp:attachment":[{"href":"https:\/\/miamedic.lt\/en\/wp-json\/wp\/v2\/media?parent=6191"}],"wp:term":[{"taxonomy":"product_cat","embeddable":true,"href":"https:\/\/miamedic.lt\/en\/wp-json\/wp\/v2\/product_cat?post=6191"},{"taxonomy":"product_tag","embeddable":true,"href":"https:\/\/miamedic.lt\/en\/wp-json\/wp\/v2\/product_tag?post=6191"}],"curies":[{"name":"wp","href":"https:\/\/api.w.org\/{rel}","templated":true}]}}