{"id":6175,"date":"2025-04-16T16:49:39","date_gmt":"2025-04-16T16:49:39","guid":{"rendered":"https:\/\/www.miamedic.lt\/?post_type=product&#038;p=6175"},"modified":"2026-03-02T11:05:03","modified_gmt":"2026-03-02T11:05:03","slug":"meristem-serum","status":"publish","type":"product","link":"https:\/\/miamedic.lt\/en\/shop\/meristem-serum\/","title":{"rendered":"MeriStem Serum"},"content":{"rendered":"<p class=\"\" data-start=\"146\" data-end=\"237\"><strong data-start=\"146\" data-end=\"237\">Circadia MeriStem Serum \u2013 stangrinamasis serumas su augalin\u0117mis kamienin\u0117mis l\u0105stel\u0117mis<\/strong><\/p>\n<p class=\"\" data-start=\"239\" data-end=\"551\">Circadia MeriStem Serum \u2013 tai lengvos tekst\u016bros, bet galingas stangrinantis ir atstatantis serumas, skirtas pagerinti odos tonus\u0105, tekst\u016br\u0105 ir elastingum\u0105. Augalin\u0117s kamienin\u0117s l\u0105stel\u0117s kartu su peptidais ir dr\u0117kinan\u010diomis med\u017eiagomis stiprina odos barjer\u0105, ma\u017eina sen\u0117jimo po\u017eymius ir suteikia odai gyvybingumo.<\/p>\n<p class=\"\" data-start=\"553\" data-end=\"822\"><strong data-start=\"553\" data-end=\"566\">Effect:<\/strong><br data-start=\"566\" data-end=\"569\" \/>\u2022 Gerina odos stangrum\u0105 ir elastingum\u0105<br data-start=\"607\" data-end=\"610\" \/>\u2022 Ma\u017eina smulkias rauk\u0161leles ir lygina odos pavir\u0161i\u0173<br data-start=\"662\" data-end=\"665\" \/>\u2022 Stiprina apsaugin\u012f barjer\u0105 ir odos strukt\u016br\u0105<br data-start=\"711\" data-end=\"714\" \/>\u2022 Skaistina ir suteikia jaunatvi\u0161k\u0105 i\u0161vaizd\u0105<br data-start=\"758\" data-end=\"761\" \/>\u2022 Apsaugo nuo oksidacinio streso ir \u017ealing\u0173 aplinkos veiksni\u0173<\/p>\n<p class=\"\" data-start=\"824\" data-end=\"1006\"><strong data-start=\"824\" data-end=\"839\">Usage:<\/strong><br data-start=\"839\" data-end=\"842\" \/>Ryte ir (arba) vakare u\u017ela\u0161inkite kelis la\u0161us serumo ant \u0161varios veido ir kaklo odos.<br data-start=\"927\" data-end=\"930\" \/>T\u0119skite prie\u017ei\u016br\u0105 su pasirinktiniu Circadia dr\u0117kikliu ar apsauga nuo saul\u0117s.<\/p>\n<p class=\"\" data-start=\"1008\" data-end=\"1178\"><strong data-start=\"1008\" data-end=\"1026\">Suitable for use:<\/strong><br data-start=\"1026\" data-end=\"1029\" \/>Vis\u0173 tip\u0173 odai, ypa\u010d brand\u017eiai, pavargusiai ar elastingum\u0105 praradusiai odai.<br data-start=\"1105\" data-end=\"1108\" \/>Puikiai tinka naudoti po proced\u016br\u0173, kai reikia stiprinti regeneracij\u0105.<\/p>","protected":false},"excerpt":{"rendered":"<p>Stangrinamasis serumas<\/p>","protected":false},"featured_media":6177,"comment_status":"open","ping_status":"closed","template":"","meta":[],"product_cat":[448,107],"product_tag":[],"class_list":{"0":"post-6175","1":"product","2":"type-product","3":"status-publish","4":"has-post-thumbnail","6":"product_cat-is-clinical-ir-circadia","7":"product_cat-serumai","8":"pa_brands-circadia","9":"pa_talpa-15ml","11":"first","12":"instock","13":"taxable","14":"shipping-taxable","15":"purchasable","16":"product-type-simple"},"_links":{"self":[{"href":"https:\/\/miamedic.lt\/en\/wp-json\/wp\/v2\/product\/6175","targetHints":{"allow":["GET"]}}],"collection":[{"href":"https:\/\/miamedic.lt\/en\/wp-json\/wp\/v2\/product"}],"about":[{"href":"https:\/\/miamedic.lt\/en\/wp-json\/wp\/v2\/types\/product"}],"replies":[{"embeddable":true,"href":"https:\/\/miamedic.lt\/en\/wp-json\/wp\/v2\/comments?post=6175"}],"version-history":[{"count":4,"href":"https:\/\/miamedic.lt\/en\/wp-json\/wp\/v2\/product\/6175\/revisions"}],"predecessor-version":[{"id":10080,"href":"https:\/\/miamedic.lt\/en\/wp-json\/wp\/v2\/product\/6175\/revisions\/10080"}],"wp:featuredmedia":[{"embeddable":true,"href":"https:\/\/miamedic.lt\/en\/wp-json\/wp\/v2\/media\/6177"}],"wp:attachment":[{"href":"https:\/\/miamedic.lt\/en\/wp-json\/wp\/v2\/media?parent=6175"}],"wp:term":[{"taxonomy":"product_cat","embeddable":true,"href":"https:\/\/miamedic.lt\/en\/wp-json\/wp\/v2\/product_cat?post=6175"},{"taxonomy":"product_tag","embeddable":true,"href":"https:\/\/miamedic.lt\/en\/wp-json\/wp\/v2\/product_tag?post=6175"}],"curies":[{"name":"wp","href":"https:\/\/api.w.org\/{rel}","templated":true}]}}