{"id":6157,"date":"2025-04-16T16:40:32","date_gmt":"2025-04-16T16:40:32","guid":{"rendered":"https:\/\/www.miamedic.lt\/?post_type=product&#038;p=6157"},"modified":"2026-03-02T11:05:32","modified_gmt":"2026-03-02T11:05:32","slug":"night-time-repair-plus","status":"publish","type":"product","link":"https:\/\/miamedic.lt\/en\/shop\/night-time-repair-plus\/","title":{"rendered":"Night Time Repair Plus"},"content":{"rendered":"<p class=\"\" data-start=\"141\" data-end=\"230\"><strong data-start=\"141\" data-end=\"230\">Circadia Nighttime Repair PLUS \u2013 intensyvaus poveikio naktinis kremas odos atstatymui<\/strong><\/p>\n<p class=\"\" data-start=\"232\" data-end=\"518\">Circadia galingas naktinis kremas su 0,5 % retinolio sukurtas pa\u017eengusiai odos regeneracijai, sen\u0117jimo po\u017eymi\u0173 korekcijai ir stipresniam l\u0105steli\u0173 atsinaujinimo skatinimui. \u0160is kremas ma\u017eina rauk\u0161les, glikacijos poveik\u012f, gerina odos stangrum\u0105 bei lygina net po akn\u0117s likusius pa\u017eeidimus.<\/p>\n<p class=\"\" data-start=\"520\" data-end=\"795\"><strong data-start=\"520\" data-end=\"533\">Effect:<\/strong><br data-start=\"533\" data-end=\"536\" \/>\u2022 Skatina l\u0105steli\u0173 regeneracij\u0105 ir odos atsinaujinim\u0105<br data-start=\"589\" data-end=\"592\" \/>\u2022 Lygina rauk\u0161les, pagerina stangrum\u0105 ir elastingum\u0105<br data-start=\"644\" data-end=\"647\" \/>\u2022 Ma\u017eina pigmentines d\u0117mes ir hiperpigmentacij\u0105<br data-start=\"694\" data-end=\"697\" \/>\u2022 Ramina od\u0105, ma\u017eina paraudim\u0105 ir b\u0117rimus<br data-start=\"738\" data-end=\"741\" \/>\u2022 Kovoja su oksidaciniu stresu ir glikacijos procesais<\/p>\n<p class=\"\" data-start=\"797\" data-end=\"982\"><strong data-start=\"797\" data-end=\"812\">Usage:<\/strong><br data-start=\"812\" data-end=\"815\" \/>Naudoti kiekvien\u0105 vakar\u0105, po veido odos valymo ir Circadia Vitamin C Reversal serumo.<br data-start=\"900\" data-end=\"903\" \/>U\u017etepkite nedidel\u012f kiek\u012f kremo ant veido ir kaklo odos, \u0161velniai paskirstykite.<\/p>\n<p class=\"\" data-start=\"984\" data-end=\"1132\"><strong data-start=\"984\" data-end=\"1002\">Suitable for use:<\/strong><br data-start=\"1002\" data-end=\"1005\" \/>Senstan\u010diai, pa\u017eeistai, po akn\u0117s arba probleminei odai.<br data-start=\"1060\" data-end=\"1063\" \/>Rekomenduojamas pa\u017eengusiems naudotojams, \u012fpratusiems prie retinolio.<\/p>","protected":false},"excerpt":{"rendered":"<p>Intensyvus naktinis kremas odos atstatymui<\/p>","protected":false},"featured_media":6158,"comment_status":"open","ping_status":"closed","template":"","meta":[],"product_cat":[448,180,129],"product_tag":[],"class_list":{"0":"post-6157","1":"product","2":"type-product","3":"status-publish","4":"has-post-thumbnail","6":"product_cat-is-clinical-ir-circadia","7":"product_cat-naktiniai-kremai","8":"product_cat-veido-kremai","9":"pa_brands-circadia","10":"pa_talpa-59ml","12":"first","13":"instock","14":"taxable","15":"shipping-taxable","16":"purchasable","17":"product-type-simple"},"_links":{"self":[{"href":"https:\/\/miamedic.lt\/en\/wp-json\/wp\/v2\/product\/6157","targetHints":{"allow":["GET"]}}],"collection":[{"href":"https:\/\/miamedic.lt\/en\/wp-json\/wp\/v2\/product"}],"about":[{"href":"https:\/\/miamedic.lt\/en\/wp-json\/wp\/v2\/types\/product"}],"replies":[{"embeddable":true,"href":"https:\/\/miamedic.lt\/en\/wp-json\/wp\/v2\/comments?post=6157"}],"version-history":[{"count":3,"href":"https:\/\/miamedic.lt\/en\/wp-json\/wp\/v2\/product\/6157\/revisions"}],"predecessor-version":[{"id":6426,"href":"https:\/\/miamedic.lt\/en\/wp-json\/wp\/v2\/product\/6157\/revisions\/6426"}],"wp:featuredmedia":[{"embeddable":true,"href":"https:\/\/miamedic.lt\/en\/wp-json\/wp\/v2\/media\/6158"}],"wp:attachment":[{"href":"https:\/\/miamedic.lt\/en\/wp-json\/wp\/v2\/media?parent=6157"}],"wp:term":[{"taxonomy":"product_cat","embeddable":true,"href":"https:\/\/miamedic.lt\/en\/wp-json\/wp\/v2\/product_cat?post=6157"},{"taxonomy":"product_tag","embeddable":true,"href":"https:\/\/miamedic.lt\/en\/wp-json\/wp\/v2\/product_tag?post=6157"}],"curies":[{"name":"wp","href":"https:\/\/api.w.org\/{rel}","templated":true}]}}