{"id":6151,"date":"2025-04-16T16:37:45","date_gmt":"2025-04-16T16:37:45","guid":{"rendered":"https:\/\/www.miamedic.lt\/?post_type=product&#038;p=6151"},"modified":"2026-03-02T11:05:41","modified_gmt":"2026-03-02T11:05:41","slug":"night-time-repair","status":"publish","type":"product","link":"https:\/\/miamedic.lt\/en\/shop\/night-time-repair\/","title":{"rendered":"Night Time Repair"},"content":{"rendered":"<p class=\"\" data-start=\"138\" data-end=\"222\"><strong data-start=\"138\" data-end=\"222\">Circadia Nighttime Repair \u2013 naktinis atkuriamasis kremas veido odos atjauninimui<\/strong><\/p>\n<p class=\"\" data-start=\"224\" data-end=\"512\">Circadia intensyviai veikiantis naktinis kremas su vidutin\u0117s koncentracijos retinoliu skirtas odos regeneracijai ir sen\u0117jimo po\u017eymi\u0173 ma\u017einimui. Jo veikliosios med\u017eiagos palaipsniui skatina l\u0105steli\u0173 atsinaujinim\u0105, lygina smulkias rauk\u0161leles, ma\u017eina pigmentacij\u0105 ir stiprina odos strukt\u016br\u0105.<\/p>\n<p class=\"\" data-start=\"514\" data-end=\"790\"><strong data-start=\"514\" data-end=\"527\">Effect:<\/strong><br data-start=\"527\" data-end=\"530\" \/>\u2022 Stimuliuoja kolageno sintez\u0119 ir gerina odos elastingum\u0105<br data-start=\"587\" data-end=\"590\" \/>\u2022 Lygina rauk\u0161les ir odos pavir\u0161i\u0173<br data-start=\"624\" data-end=\"627\" \/>\u2022 Skatina regeneracijos procesus nakties metu<br data-start=\"672\" data-end=\"675\" \/>\u2022 Suma\u017eina hiperpigmentacij\u0105 ir saul\u0117s sukeltus pa\u017eeidimus<br data-start=\"733\" data-end=\"736\" \/>\u2022 Apsaugo nuo oksidacinio streso ir glikacijos proces\u0173<\/p>\n<p class=\"\" data-start=\"792\" data-end=\"973\"><strong data-start=\"792\" data-end=\"807\">Usage:<\/strong><br data-start=\"807\" data-end=\"810\" \/>Vakare po odos nuvalymo ir Circadia Vitamin C Reversal serumo u\u017etepkite nedidel\u012f kiek\u012f kremo ant veido ir kaklo odos.<br data-start=\"927\" data-end=\"930\" \/>Tolygiai paskirstykite. Naudoti tik vakare.<\/p>\n<p class=\"\" data-start=\"975\" data-end=\"1128\"><strong data-start=\"975\" data-end=\"993\">Suitable for use:<\/strong><br data-start=\"993\" data-end=\"996\" \/>Visiems odos tipams, ypa\u010d brand\u017eiai, senstan\u010diai, pa\u017eeistai ar po akn\u0117s.<br data-start=\"1068\" data-end=\"1071\" \/>Idealiai tinka klientams, pradedantiems naudoti retinol\u012f.<\/p>","protected":false},"excerpt":{"rendered":"<p>Kremas veido odos atjauninimui<\/p>","protected":false},"featured_media":6152,"comment_status":"open","ping_status":"closed","template":"","meta":[],"product_cat":[448,180,129],"product_tag":[],"class_list":{"0":"post-6151","1":"product","2":"type-product","3":"status-publish","4":"has-post-thumbnail","6":"product_cat-is-clinical-ir-circadia","7":"product_cat-naktiniai-kremai","8":"product_cat-veido-kremai","9":"pa_brands-circadia","10":"pa_talpa-59ml","12":"first","13":"instock","14":"taxable","15":"shipping-taxable","16":"purchasable","17":"product-type-simple"},"_links":{"self":[{"href":"https:\/\/miamedic.lt\/en\/wp-json\/wp\/v2\/product\/6151","targetHints":{"allow":["GET"]}}],"collection":[{"href":"https:\/\/miamedic.lt\/en\/wp-json\/wp\/v2\/product"}],"about":[{"href":"https:\/\/miamedic.lt\/en\/wp-json\/wp\/v2\/types\/product"}],"replies":[{"embeddable":true,"href":"https:\/\/miamedic.lt\/en\/wp-json\/wp\/v2\/comments?post=6151"}],"version-history":[{"count":2,"href":"https:\/\/miamedic.lt\/en\/wp-json\/wp\/v2\/product\/6151\/revisions"}],"predecessor-version":[{"id":6162,"href":"https:\/\/miamedic.lt\/en\/wp-json\/wp\/v2\/product\/6151\/revisions\/6162"}],"wp:featuredmedia":[{"embeddable":true,"href":"https:\/\/miamedic.lt\/en\/wp-json\/wp\/v2\/media\/6152"}],"wp:attachment":[{"href":"https:\/\/miamedic.lt\/en\/wp-json\/wp\/v2\/media?parent=6151"}],"wp:term":[{"taxonomy":"product_cat","embeddable":true,"href":"https:\/\/miamedic.lt\/en\/wp-json\/wp\/v2\/product_cat?post=6151"},{"taxonomy":"product_tag","embeddable":true,"href":"https:\/\/miamedic.lt\/en\/wp-json\/wp\/v2\/product_tag?post=6151"}],"curies":[{"name":"wp","href":"https:\/\/api.w.org\/{rel}","templated":true}]}}