{"id":6132,"date":"2025-04-16T16:30:21","date_gmt":"2025-04-16T16:30:21","guid":{"rendered":"https:\/\/www.miamedic.lt\/?post_type=product&#038;p=6132"},"modified":"2026-03-02T11:06:02","modified_gmt":"2026-03-02T11:06:02","slug":"light-day-sunscreen-spf-37","status":"publish","type":"product","link":"https:\/\/miamedic.lt\/en\/shop\/light-day-sunscreen-spf-37\/","title":{"rendered":"Light Day Sunscreen SPF-37"},"content":{"rendered":"<p class=\"\" data-start=\"122\" data-end=\"225\"><strong data-start=\"122\" data-end=\"225\">Circadia Light Day Sunscreen Broad Spectrum SPF 37 \u2013 lengvas kasdienis kremas su apsauga nuo saul\u0117s<\/strong><\/p>\n<p class=\"\" data-start=\"227\" data-end=\"492\">Circadia lengvas, dr\u0117kinamasis kremas su SPF 37 suteikia plataus spektro apsaug\u0105 nuo UVA\/UVB spinduli\u0173 ir nepalanki\u0173 aplinkos veiksni\u0173. Formul\u0117je esantys antioksidantai ir od\u0105 raminantys augaliniai ekstraktai ne tik saugo, bet ir palaiko odos sveikat\u0105 bei komfort\u0105.<\/p>\n<p class=\"\" data-start=\"494\" data-end=\"702\"><strong data-start=\"494\" data-end=\"507\">Effect:<\/strong><br data-start=\"507\" data-end=\"510\" \/>\u2022 Suteikia plataus spektro apsaug\u0105 nuo saul\u0117s<br data-start=\"555\" data-end=\"558\" \/>\u2022 Apsaugo nuo fotosen\u0117jimo ir oksidacinio streso<br data-start=\"606\" data-end=\"609\" \/>\u2022 Ramina ir dr\u0117kina od\u0105<br data-start=\"632\" data-end=\"635\" \/>\u2022 Sustiprina odos barjer\u0105<br data-start=\"660\" data-end=\"663\" \/>\u2022 Tinka naudoti po kosmetini\u0173 proced\u016br\u0173<\/p>\n<p class=\"\" data-start=\"704\" data-end=\"926\"><strong data-start=\"704\" data-end=\"719\">Usage:<\/strong><br data-start=\"719\" data-end=\"722\" \/>Tepkite pakankam\u0105 kiek\u012f kremo ant veido ir kaklo odos bent 15 minu\u010di\u0173 prie\u0161 i\u0161einant \u012f saul\u0119.<br data-start=\"815\" data-end=\"818\" \/>Norint i\u0161laikyti efektyvi\u0105 apsaug\u0105, pakartotinai tepkite kas 2 valandas.<br data-start=\"890\" data-end=\"893\" \/>Venkite produkto patekimo \u012f akis.<\/p>\n<p class=\"\" data-start=\"928\" data-end=\"1074\"><strong data-start=\"928\" data-end=\"946\">Suitable for use:<\/strong><br data-start=\"946\" data-end=\"949\" \/>Vis\u0173 tip\u0173 odai.<br data-start=\"964\" data-end=\"967\" \/>Ypa\u010d rekomenduojamas kasdieninei apsaugai bei po piling\u0173, mikrodermabrazijos, lazerini\u0173 ar va\u0161ko proced\u016br\u0173.<\/p>","protected":false},"excerpt":{"rendered":"<p>Kasdienis kremas su apsauga nuo saul\u0117s<\/p>","protected":false},"featured_media":6133,"comment_status":"open","ping_status":"closed","template":"","meta":[],"product_cat":[448,153],"product_tag":[],"class_list":{"0":"post-6132","1":"product","2":"type-product","3":"status-publish","4":"has-post-thumbnail","6":"product_cat-is-clinical-ir-circadia","7":"product_cat-spf-veido-prieziura","8":"pa_brands-circadia","9":"pa_talpa-59ml","11":"first","12":"instock","13":"taxable","14":"shipping-taxable","15":"purchasable","16":"product-type-simple"},"_links":{"self":[{"href":"https:\/\/miamedic.lt\/en\/wp-json\/wp\/v2\/product\/6132","targetHints":{"allow":["GET"]}}],"collection":[{"href":"https:\/\/miamedic.lt\/en\/wp-json\/wp\/v2\/product"}],"about":[{"href":"https:\/\/miamedic.lt\/en\/wp-json\/wp\/v2\/types\/product"}],"replies":[{"embeddable":true,"href":"https:\/\/miamedic.lt\/en\/wp-json\/wp\/v2\/comments?post=6132"}],"version-history":[{"count":4,"href":"https:\/\/miamedic.lt\/en\/wp-json\/wp\/v2\/product\/6132\/revisions"}],"predecessor-version":[{"id":10082,"href":"https:\/\/miamedic.lt\/en\/wp-json\/wp\/v2\/product\/6132\/revisions\/10082"}],"wp:featuredmedia":[{"embeddable":true,"href":"https:\/\/miamedic.lt\/en\/wp-json\/wp\/v2\/media\/6133"}],"wp:attachment":[{"href":"https:\/\/miamedic.lt\/en\/wp-json\/wp\/v2\/media?parent=6132"}],"wp:term":[{"taxonomy":"product_cat","embeddable":true,"href":"https:\/\/miamedic.lt\/en\/wp-json\/wp\/v2\/product_cat?post=6132"},{"taxonomy":"product_tag","embeddable":true,"href":"https:\/\/miamedic.lt\/en\/wp-json\/wp\/v2\/product_tag?post=6132"}],"curies":[{"name":"wp","href":"https:\/\/api.w.org\/{rel}","templated":true}]}}