{"id":6078,"date":"2025-04-16T15:05:58","date_gmt":"2025-04-16T15:05:58","guid":{"rendered":"https:\/\/www.miamedic.lt\/?post_type=product&#038;p=6078"},"modified":"2026-03-02T11:06:21","modified_gmt":"2026-03-02T11:06:21","slug":"mandelic-acid-cleanser","status":"publish","type":"product","link":"https:\/\/miamedic.lt\/en\/shop\/mandelic-acid-cleanser\/","title":{"rendered":"Mandelic Acid Cleanser"},"content":{"rendered":"<p class=\"\" data-start=\"125\" data-end=\"224\"><strong data-start=\"125\" data-end=\"224\">Circadia Cleansing Gel with Mandelic Acid \u2013 \u0161viesinantis ir valomasis gelis su migdol\u0173 r\u016bg\u0161timi<\/strong><\/p>\n<p class=\"\" data-start=\"226\" data-end=\"499\">Circadia putojantis gelis su migdol\u0173 r\u016bg\u0161timi \u0161velniai valo, skaistina od\u0105 ir gerina jos tekst\u016br\u0105. Tinka odai su pigmentacijos pakitimais, akne ar sen\u0117jimo po\u017eymiais. \u0160is aktyvus, bet \u0161velnus produktas padeda atkurti sveik\u0105 odos i\u0161vaizd\u0105, i\u0161laikant jos komfort\u0105 ir balans\u0105.<\/p>\n<p class=\"\" data-start=\"501\" data-end=\"751\"><strong data-start=\"501\" data-end=\"514\">Effect:<\/strong><br data-start=\"514\" data-end=\"517\" \/>\u2022 \u0160velniai \u0161vei\u010dia od\u0105 ir skaistina ton\u0105<br data-start=\"557\" data-end=\"560\" \/>\u2022 Suma\u017eina akn\u0117s po\u017eymius ir u\u017edegimus<br data-start=\"598\" data-end=\"601\" \/>\u2022 Lygina odos tekst\u016br\u0105 ir suma\u017eina por\u0173 matomum\u0105<br data-start=\"649\" data-end=\"652\" \/>\u2022 Gerina odos skaistum\u0105 ir ma\u017eina hiperpigmentacij\u0105<br data-start=\"703\" data-end=\"706\" \/>\u2022 Tinka kasdieniam naudojimui, nesausina odos<\/p>\n<p class=\"\" data-start=\"753\" data-end=\"985\"><strong data-start=\"753\" data-end=\"768\">Usage:<\/strong><br data-start=\"768\" data-end=\"771\" \/>U\u017etepkite nedidel\u012f kiek\u012f gelio ant dr\u0117gnos veido odos pir\u0161t\u0173 galiukais arba \u0161ilta kempin\u0117le.<br data-start=\"863\" data-end=\"866\" \/>Suputokite, venkite aki\u0173 zonos, ir visi\u0161kai nuplaukite.<br data-start=\"921\" data-end=\"924\" \/>T\u0119skite odos prie\u017ei\u016br\u0105 su Circadia Vitamin C Reversal serumu.<\/p>\n<p class=\"\" data-start=\"987\" data-end=\"1130\"><strong data-start=\"987\" data-end=\"1005\">Suitable for use:<\/strong><br data-start=\"1005\" data-end=\"1008\" \/>Vis\u0173 tip\u0173 odai.<br data-start=\"1023\" data-end=\"1026\" \/>Ypa\u010d rekomenduojamas klientams su akne, hiperpigmentacija, tekst\u016bros netolygumais ar sen\u0117jimo po\u017eymiais.<\/p>","protected":false},"excerpt":{"rendered":"<p>Valomasis gelis su migdol\u0173 r\u016bg\u0161timi<\/p>","protected":false},"featured_media":6079,"comment_status":"open","ping_status":"closed","template":"","meta":[],"product_cat":[448,124],"product_tag":[],"class_list":{"0":"post-6078","1":"product","2":"type-product","3":"status-publish","4":"has-post-thumbnail","6":"product_cat-is-clinical-ir-circadia","7":"product_cat-prausikliai","8":"pa_brands-circadia","9":"pa_talpa-200-ml","10":"pa_talpa-60ml","12":"first","13":"instock","14":"taxable","15":"shipping-taxable","16":"purchasable","17":"product-type-variable"},"_links":{"self":[{"href":"https:\/\/miamedic.lt\/en\/wp-json\/wp\/v2\/product\/6078","targetHints":{"allow":["GET"]}}],"collection":[{"href":"https:\/\/miamedic.lt\/en\/wp-json\/wp\/v2\/product"}],"about":[{"href":"https:\/\/miamedic.lt\/en\/wp-json\/wp\/v2\/types\/product"}],"replies":[{"embeddable":true,"href":"https:\/\/miamedic.lt\/en\/wp-json\/wp\/v2\/comments?post=6078"}],"version-history":[{"count":4,"href":"https:\/\/miamedic.lt\/en\/wp-json\/wp\/v2\/product\/6078\/revisions"}],"predecessor-version":[{"id":10084,"href":"https:\/\/miamedic.lt\/en\/wp-json\/wp\/v2\/product\/6078\/revisions\/10084"}],"wp:featuredmedia":[{"embeddable":true,"href":"https:\/\/miamedic.lt\/en\/wp-json\/wp\/v2\/media\/6079"}],"wp:attachment":[{"href":"https:\/\/miamedic.lt\/en\/wp-json\/wp\/v2\/media?parent=6078"}],"wp:term":[{"taxonomy":"product_cat","embeddable":true,"href":"https:\/\/miamedic.lt\/en\/wp-json\/wp\/v2\/product_cat?post=6078"},{"taxonomy":"product_tag","embeddable":true,"href":"https:\/\/miamedic.lt\/en\/wp-json\/wp\/v2\/product_tag?post=6078"}],"curies":[{"name":"wp","href":"https:\/\/api.w.org\/{rel}","templated":true}]}}