{"id":6074,"date":"2025-04-16T15:02:09","date_gmt":"2025-04-16T15:02:09","guid":{"rendered":"https:\/\/www.miamedic.lt\/?post_type=product&#038;p=6074"},"modified":"2026-03-02T11:06:29","modified_gmt":"2026-03-02T11:06:29","slug":"salicylic-acid-cleanser","status":"publish","type":"product","link":"https:\/\/miamedic.lt\/en\/shop\/salicylic-acid-cleanser\/","title":{"rendered":"Salicylic Acid Cleanser"},"content":{"rendered":"<p class=\"\" data-start=\"109\" data-end=\"201\"><strong data-start=\"109\" data-end=\"201\">Circadia Cleansing Gel with Salicylic Acid \u2013 giluminio valymo gelis su salicilo r\u016bg\u0161timi<\/strong><\/p>\n<p class=\"\" data-start=\"203\" data-end=\"439\">Circadia valomasis gelis su BHA r\u016bg\u0161timi efektyviai valo od\u0105, \u0161velniai eksfolijuoja, atkem\u0161a poras ir padeda kovoti su akne. Sukuria lengvas, gaivias putas, kurios pa\u0161alina ne\u0161varumus, perteklin\u012f sebum\u0105 ir skatina \u0161varesn\u0119, lygesn\u0119 od\u0105.<\/p>\n<p class=\"\" data-start=\"441\" data-end=\"718\"><strong data-start=\"441\" data-end=\"454\">Effect:<\/strong><br data-start=\"454\" data-end=\"457\" \/>\u2022 Giliai valo poras ir reguliuoja riebal\u0173 gamyb\u0105<br data-start=\"505\" data-end=\"508\" \/>\u2022 Suma\u017eina komedonus, b\u0117rimus ir u\u017edegiminius spuogus<br data-start=\"561\" data-end=\"564\" \/>\u2022 \u0160velniai \u0161vei\u010dia negyvas l\u0105steles nuo odos pavir\u0161iaus<br data-start=\"619\" data-end=\"622\" \/>\u2022 Skaistina ir pagerina odos tekst\u016br\u0105<br data-start=\"659\" data-end=\"662\" \/>\u2022 Turi antiseptin\u012f poveik\u012f, ma\u017eina bakterij\u0173 dauginim\u0105si<\/p>\n<p class=\"\" data-start=\"720\" data-end=\"967\"><strong data-start=\"720\" data-end=\"735\">Usage:<\/strong><br data-start=\"735\" data-end=\"738\" \/>U\u017etepkite nedidel\u012f kiek\u012f gelio pir\u0161t\u0173 galiukais arba \u0161ilta dr\u0117gna kempin\u0117le ant veido odos.<br data-start=\"829\" data-end=\"832\" \/>\u0160velniai suputokite, vengiant aki\u0173 zonos, tada visi\u0161kai nuplaukite vandeniu.<br data-start=\"908\" data-end=\"911\" \/>T\u0119skite prie\u017ei\u016br\u0105 su Circadia Vitamin C Reversal serumu.<\/p>\n<p class=\"\" data-start=\"969\" data-end=\"1087\"><strong data-start=\"969\" data-end=\"987\">Suitable for use:<\/strong><br data-start=\"987\" data-end=\"990\" \/>Riebiai, \u012f akn\u0119 linkusiai odai.<br data-start=\"1021\" data-end=\"1024\" \/>Puikus pasirinkimas esant komedonams ar u\u017edegiminiams b\u0117rimams.<\/p>","protected":false},"excerpt":{"rendered":"<p>Giluminio valymo gelis su salicilo r\u016bg\u0161timi<\/p>","protected":false},"featured_media":6075,"comment_status":"open","ping_status":"closed","template":"","meta":[],"product_cat":[448,124],"product_tag":[],"class_list":{"0":"post-6074","1":"product","2":"type-product","3":"status-publish","4":"has-post-thumbnail","6":"product_cat-is-clinical-ir-circadia","7":"product_cat-prausikliai","8":"pa_brands-circadia","9":"pa_talpa-200-ml","11":"first","12":"instock","13":"taxable","14":"shipping-taxable","15":"purchasable","16":"product-type-simple"},"_links":{"self":[{"href":"https:\/\/miamedic.lt\/en\/wp-json\/wp\/v2\/product\/6074","targetHints":{"allow":["GET"]}}],"collection":[{"href":"https:\/\/miamedic.lt\/en\/wp-json\/wp\/v2\/product"}],"about":[{"href":"https:\/\/miamedic.lt\/en\/wp-json\/wp\/v2\/types\/product"}],"replies":[{"embeddable":true,"href":"https:\/\/miamedic.lt\/en\/wp-json\/wp\/v2\/comments?post=6074"}],"version-history":[{"count":3,"href":"https:\/\/miamedic.lt\/en\/wp-json\/wp\/v2\/product\/6074\/revisions"}],"predecessor-version":[{"id":10085,"href":"https:\/\/miamedic.lt\/en\/wp-json\/wp\/v2\/product\/6074\/revisions\/10085"}],"wp:featuredmedia":[{"embeddable":true,"href":"https:\/\/miamedic.lt\/en\/wp-json\/wp\/v2\/media\/6075"}],"wp:attachment":[{"href":"https:\/\/miamedic.lt\/en\/wp-json\/wp\/v2\/media?parent=6074"}],"wp:term":[{"taxonomy":"product_cat","embeddable":true,"href":"https:\/\/miamedic.lt\/en\/wp-json\/wp\/v2\/product_cat?post=6074"},{"taxonomy":"product_tag","embeddable":true,"href":"https:\/\/miamedic.lt\/en\/wp-json\/wp\/v2\/product_tag?post=6074"}],"curies":[{"name":"wp","href":"https:\/\/api.w.org\/{rel}","templated":true}]}}