{"id":6071,"date":"2025-04-16T14:57:25","date_gmt":"2025-04-16T14:57:25","guid":{"rendered":"https:\/\/www.miamedic.lt\/?post_type=product&#038;p=6071"},"modified":"2026-03-02T11:06:40","modified_gmt":"2026-03-02T11:06:40","slug":"amandola-milk-cleanser","status":"publish","type":"product","link":"https:\/\/miamedic.lt\/en\/shop\/amandola-milk-cleanser\/","title":{"rendered":"Amandola Milk Cleanser"},"content":{"rendered":"<p class=\"\" data-start=\"129\" data-end=\"218\"><strong data-start=\"129\" data-end=\"218\">Circadia Amandola Milk Cleanser \u2013 \u0161velnus migdol\u0173 pieno prausiklis veido odos valymui<\/strong><\/p>\n<p class=\"\" data-start=\"220\" data-end=\"461\">Circadia \u0161velnios tekst\u016bros pienelis \u0161velniai valo, dr\u0117kina ir \u0161viesina od\u0105, tuo pa\u010diu metu pa\u0161alindamas ne\u0161varumus ir negyvas odos l\u0105steles. Tinka jautriai, sausai ir brand\u017eiai odai, ypa\u010d esant hiperpigmentacijai ar odos sen\u0117jimo po\u017eymiams.<\/p>\n<p class=\"\" data-start=\"463\" data-end=\"695\"><strong data-start=\"463\" data-end=\"476\">Effect:<\/strong><br data-start=\"476\" data-end=\"479\" \/>\u2022 Pa\u0161alina ne\u0161varumus, riebalus ir makia\u017eo liku\u010dius<br data-start=\"530\" data-end=\"533\" \/>\u2022 \u0160velniai eksfolijuoja, padeda atsinaujinti odai<br data-start=\"582\" data-end=\"585\" \/>\u2022 Dr\u0117kina ir mink\u0161tina od\u0105<br data-start=\"611\" data-end=\"614\" \/>\u2022 \u0160viesina nelyg\u0173 ton\u0105 ir suteikia skaistumo<br data-start=\"658\" data-end=\"661\" \/>\u2022 Ramina sudirgusi\u0105 ar jautri\u0105 od\u0105<\/p>\n<p class=\"\" data-start=\"697\" data-end=\"921\"><strong data-start=\"697\" data-end=\"712\">Usage:<\/strong><br data-start=\"712\" data-end=\"715\" \/>Pir\u0161t\u0173 galiukais paskirstykite nedidel\u012f kiek\u012f produkto ant veido ir kaklo odos.<br data-start=\"794\" data-end=\"797\" \/>\u0160velniai masa\u017euokite, tada visi\u0161kai nuplaukite vandeniu.<br data-start=\"853\" data-end=\"856\" \/>Nusausinkite od\u0105 ir naudokite Circadia Vitamin C Reversal serum\u0105.<\/p>\n<p class=\"\" data-start=\"923\" data-end=\"1053\"><strong data-start=\"923\" data-end=\"941\">Suitable for use:<\/strong><br data-start=\"941\" data-end=\"944\" \/>Sausai, jautriai, brand\u017eiai odai.<br data-start=\"977\" data-end=\"980\" \/>Ypa\u010d rekomenduojamas klientams su hiperpigmentacija ar am\u017eiaus poky\u010diais.<\/p>","protected":false},"excerpt":{"rendered":"<p>Migdol\u0173 pieno prausiklis veido odos valymui<\/p>","protected":false},"featured_media":6072,"comment_status":"open","ping_status":"closed","template":"","meta":[],"product_cat":[448,124],"product_tag":[],"class_list":{"0":"post-6071","1":"product","2":"type-product","3":"status-publish","4":"has-post-thumbnail","6":"product_cat-is-clinical-ir-circadia","7":"product_cat-prausikliai","8":"pa_brands-circadia","9":"pa_talpa-200-ml","11":"first","12":"instock","13":"taxable","14":"shipping-taxable","15":"purchasable","16":"product-type-simple"},"_links":{"self":[{"href":"https:\/\/miamedic.lt\/en\/wp-json\/wp\/v2\/product\/6071","targetHints":{"allow":["GET"]}}],"collection":[{"href":"https:\/\/miamedic.lt\/en\/wp-json\/wp\/v2\/product"}],"about":[{"href":"https:\/\/miamedic.lt\/en\/wp-json\/wp\/v2\/types\/product"}],"replies":[{"embeddable":true,"href":"https:\/\/miamedic.lt\/en\/wp-json\/wp\/v2\/comments?post=6071"}],"version-history":[{"count":2,"href":"https:\/\/miamedic.lt\/en\/wp-json\/wp\/v2\/product\/6071\/revisions"}],"predecessor-version":[{"id":10041,"href":"https:\/\/miamedic.lt\/en\/wp-json\/wp\/v2\/product\/6071\/revisions\/10041"}],"wp:featuredmedia":[{"embeddable":true,"href":"https:\/\/miamedic.lt\/en\/wp-json\/wp\/v2\/media\/6072"}],"wp:attachment":[{"href":"https:\/\/miamedic.lt\/en\/wp-json\/wp\/v2\/media?parent=6071"}],"wp:term":[{"taxonomy":"product_cat","embeddable":true,"href":"https:\/\/miamedic.lt\/en\/wp-json\/wp\/v2\/product_cat?post=6071"},{"taxonomy":"product_tag","embeddable":true,"href":"https:\/\/miamedic.lt\/en\/wp-json\/wp\/v2\/product_tag?post=6071"}],"curies":[{"name":"wp","href":"https:\/\/api.w.org\/{rel}","templated":true}]}}