{"id":6067,"date":"2025-04-16T14:53:36","date_gmt":"2025-04-16T14:53:36","guid":{"rendered":"https:\/\/www.miamedic.lt\/?post_type=product&#038;p=6067"},"modified":"2026-03-02T11:06:48","modified_gmt":"2026-03-02T11:06:48","slug":"micro-exfoliating-honey-cleanser","status":"publish","type":"product","link":"https:\/\/miamedic.lt\/en\/shop\/micro-exfoliating-honey-cleanser\/","title":{"rendered":"Micro-Exfoliating Honey Cleanser"},"content":{"rendered":"<p class=\"\" data-start=\"125\" data-end=\"222\"><strong data-start=\"125\" data-end=\"222\">Circadia Micro-Exfoliating Honey Cleanser \u2013 \u0161velnus medaus mikro\u0161veitiklis veido odos valymui<\/strong><\/p>\n<p class=\"\" data-start=\"224\" data-end=\"528\">Circadia putojantis valomasis gelis su nat\u016braliomis bi\u010di\u0173 va\u0161ko granul\u0117mis \u0161velniai valo, nu\u0161vei\u010dia odos pavir\u0161i\u0173 ir pa\u0161alina perteklin\u012f sebum\u0105. \u0160i priemon\u0117 ne tik detoksikuoja, bet ir intensyviai dr\u0117kina od\u0105, palikdama j\u0105 \u0161ilkin\u0119, lygi\u0105 ir gaivi\u0105. Tinka naudoti kasdien, net ir jautresn\u0117ms odos b\u016bkl\u0117ms.<\/p>\n<p class=\"\" data-start=\"530\" data-end=\"786\"><strong data-start=\"530\" data-end=\"543\">Effect:<\/strong><br data-start=\"543\" data-end=\"546\" \/>\u2022 \u0160velniai eksfolijuoja negyvas odos l\u0105steles<br data-start=\"591\" data-end=\"594\" \/>\u2022 Pa\u0161alina ne\u0161varumus ir riebal\u0173 pertekli\u0173<br data-start=\"636\" data-end=\"639\" \/>\u2022 I\u0161valo poras, pagerina odos tekst\u016br\u0105<br data-start=\"677\" data-end=\"680\" \/>\u2022 Dr\u0117kina, mink\u0161tina ir suteikia odai glotnumo<br data-start=\"726\" data-end=\"729\" \/>\u2022 Gerina odos skaistum\u0105 ir paruo\u0161ia tolimesnei prie\u017ei\u016brai<\/p>\n<p class=\"\" data-start=\"788\" data-end=\"989\"><strong data-start=\"788\" data-end=\"803\">Usage:<\/strong><br data-start=\"803\" data-end=\"806\" \/>U\u017etepkite nedidel\u012f kiek\u012f gelio pir\u0161t\u0173 galiukais ant veido odos.<br data-start=\"869\" data-end=\"872\" \/>\u0160velniai suputokite ir gerai nuplaukite vandeniu.<br data-start=\"921\" data-end=\"924\" \/>Nusausinkite od\u0105 ir patepkite Circadia Vitamin C Reversal serumu.<\/p>\n<p class=\"\" data-start=\"991\" data-end=\"1120\"><strong data-start=\"991\" data-end=\"1009\">Suitable for use:<\/strong><br data-start=\"1009\" data-end=\"1012\" \/>Visiems odos tipams, ypa\u010d mi\u0161riai ir riebiai odai.<br data-start=\"1062\" data-end=\"1065\" \/>Tinka naudoti ryte ir vakare \u2013 net du kartus per dien\u0105.<\/p>","protected":false},"excerpt":{"rendered":"<p><strong data-start=\"125\" data-end=\"222\">Medaus mikro\u0161veitiklis veido odos valymui<\/strong><\/p>","protected":false},"featured_media":9745,"comment_status":"open","ping_status":"closed","template":"","meta":[],"product_cat":[448,124,110],"product_tag":[],"class_list":{"0":"post-6067","1":"product","2":"type-product","3":"status-publish","4":"has-post-thumbnail","6":"product_cat-is-clinical-ir-circadia","7":"product_cat-prausikliai","8":"product_cat-sveitikliai","9":"pa_brands-circadia","10":"pa_talpa-200-ml","12":"first","13":"instock","14":"taxable","15":"shipping-taxable","16":"purchasable","17":"product-type-simple"},"_links":{"self":[{"href":"https:\/\/miamedic.lt\/en\/wp-json\/wp\/v2\/product\/6067","targetHints":{"allow":["GET"]}}],"collection":[{"href":"https:\/\/miamedic.lt\/en\/wp-json\/wp\/v2\/product"}],"about":[{"href":"https:\/\/miamedic.lt\/en\/wp-json\/wp\/v2\/types\/product"}],"replies":[{"embeddable":true,"href":"https:\/\/miamedic.lt\/en\/wp-json\/wp\/v2\/comments?post=6067"}],"version-history":[{"count":4,"href":"https:\/\/miamedic.lt\/en\/wp-json\/wp\/v2\/product\/6067\/revisions"}],"predecessor-version":[{"id":10086,"href":"https:\/\/miamedic.lt\/en\/wp-json\/wp\/v2\/product\/6067\/revisions\/10086"}],"wp:featuredmedia":[{"embeddable":true,"href":"https:\/\/miamedic.lt\/en\/wp-json\/wp\/v2\/media\/9745"}],"wp:attachment":[{"href":"https:\/\/miamedic.lt\/en\/wp-json\/wp\/v2\/media?parent=6067"}],"wp:term":[{"taxonomy":"product_cat","embeddable":true,"href":"https:\/\/miamedic.lt\/en\/wp-json\/wp\/v2\/product_cat?post=6067"},{"taxonomy":"product_tag","embeddable":true,"href":"https:\/\/miamedic.lt\/en\/wp-json\/wp\/v2\/product_tag?post=6067"}],"curies":[{"name":"wp","href":"https:\/\/api.w.org\/{rel}","templated":true}]}}