{"id":6063,"date":"2025-04-16T14:49:04","date_gmt":"2025-04-16T14:49:04","guid":{"rendered":"https:\/\/www.miamedic.lt\/?post_type=product&#038;p=6063"},"modified":"2026-03-02T11:06:57","modified_gmt":"2026-03-02T11:06:57","slug":"lipid-replacing-cleansing-gel","status":"publish","type":"product","link":"https:\/\/miamedic.lt\/en\/shop\/lipid-replacing-cleansing-gel\/","title":{"rendered":"Lipid Replacing Cleansing Gel"},"content":{"rendered":"<p class=\"\" data-start=\"100\" data-end=\"191\"><strong data-start=\"100\" data-end=\"191\">Circadia Lipid Replacing Cleansing Gel \u2013 lipidus atkuriantis valomasis gelis veido odai<\/strong><\/p>\n<p class=\"\" data-start=\"193\" data-end=\"513\">Circadia lengvos konsistencijos gelis, kuris efektyviai pa\u0161alina ne\u0161varumus, makia\u017e\u0105 ir perteklin\u012f sebum\u0105, nepa\u017eeisdamas odos apsauginio barjero. Sud\u0117tyje esantys augaliniai ekstraktai, provitaminai ir lipidai ramina, dr\u0117kina ir stiprina od\u0105. Puikiai tinka tiek profesionaliam naudojimui, tiek kasdienei odos prie\u017ei\u016brai.<\/p>\n<p class=\"\" data-start=\"515\" data-end=\"739\"><strong data-start=\"515\" data-end=\"528\">Effect:<\/strong><\/p>\n<p class=\"\" data-start=\"515\" data-end=\"739\">\u2022 Kruop\u0161\u010diai pa\u0161alina ne\u0161varumus ir makia\u017eo liku\u010dius<br data-start=\"581\" data-end=\"584\" \/>\u2022 Atkuria ir stiprina apsaugin\u012f odos barjer\u0105<br data-start=\"628\" data-end=\"631\" \/>\u2022 Ramina ir mink\u0161tina od\u0105<br data-start=\"656\" data-end=\"659\" \/>\u2022 Dr\u0117kina ir palaiko elastingum\u0105<br data-start=\"691\" data-end=\"694\" \/>\u2022 Suma\u017eina sudirgim\u0105, palaiko odos pH balans\u0105<\/p>\n<p class=\"\" data-start=\"1478\" data-end=\"1736\"><strong data-start=\"1478\" data-end=\"1493\">Usage:<\/strong><br data-start=\"1493\" data-end=\"1496\" \/>Nedidel\u012f kiek\u012f gelio paskirstyti ant \u0161iltos, dr\u0117gnos kempin\u0117l\u0117s arba pir\u0161t\u0173 galiuk\u0173. Suputokite, \u0161velniai \u012fmasa\u017euokite \u012f veido od\u0105 ir gerai nuplaukite vandeniu. Nusausinkite od\u0105 ir t\u0119skite prie\u017ei\u016br\u0105 su <strong data-start=\"1698\" data-end=\"1735\">Circadia Vitamin C Reversal Serum<\/strong>.<\/p>\n<p class=\"\" data-start=\"1738\" data-end=\"1827\"><strong data-start=\"1738\" data-end=\"1756\">Suitable for use:<\/strong><br data-start=\"1756\" data-end=\"1759\" \/>Visiems odos tipams. Ypa\u010d tinka normaliai, mi\u0161riai bei riebiai odai.<\/p>","protected":false},"excerpt":{"rendered":"<p>Valomasis gelis veidui<\/p>","protected":false},"featured_media":9743,"comment_status":"open","ping_status":"closed","template":"","meta":[],"product_cat":[448,124],"product_tag":[],"class_list":{"0":"post-6063","1":"product","2":"type-product","3":"status-publish","4":"has-post-thumbnail","6":"product_cat-is-clinical-ir-circadia","7":"product_cat-prausikliai","8":"pa_brands-circadia","9":"pa_talpa-200-ml","11":"first","12":"instock","13":"taxable","14":"shipping-taxable","15":"purchasable","16":"product-type-simple"},"_links":{"self":[{"href":"https:\/\/miamedic.lt\/en\/wp-json\/wp\/v2\/product\/6063","targetHints":{"allow":["GET"]}}],"collection":[{"href":"https:\/\/miamedic.lt\/en\/wp-json\/wp\/v2\/product"}],"about":[{"href":"https:\/\/miamedic.lt\/en\/wp-json\/wp\/v2\/types\/product"}],"replies":[{"embeddable":true,"href":"https:\/\/miamedic.lt\/en\/wp-json\/wp\/v2\/comments?post=6063"}],"version-history":[{"count":4,"href":"https:\/\/miamedic.lt\/en\/wp-json\/wp\/v2\/product\/6063\/revisions"}],"predecessor-version":[{"id":10087,"href":"https:\/\/miamedic.lt\/en\/wp-json\/wp\/v2\/product\/6063\/revisions\/10087"}],"wp:featuredmedia":[{"embeddable":true,"href":"https:\/\/miamedic.lt\/en\/wp-json\/wp\/v2\/media\/9743"}],"wp:attachment":[{"href":"https:\/\/miamedic.lt\/en\/wp-json\/wp\/v2\/media?parent=6063"}],"wp:term":[{"taxonomy":"product_cat","embeddable":true,"href":"https:\/\/miamedic.lt\/en\/wp-json\/wp\/v2\/product_cat?post=6063"},{"taxonomy":"product_tag","embeddable":true,"href":"https:\/\/miamedic.lt\/en\/wp-json\/wp\/v2\/product_tag?post=6063"}],"curies":[{"name":"wp","href":"https:\/\/api.w.org\/{rel}","templated":true}]}}