{"id":5530,"date":"2025-04-14T16:53:38","date_gmt":"2025-04-14T16:53:38","guid":{"rendered":"https:\/\/miamedic.lt\/?post_type=product&#038;p=5530"},"modified":"2025-05-22T13:06:36","modified_gmt":"2025-05-22T13:06:36","slug":"miamedic-dovanu-kuponas","status":"publish","type":"product","link":"https:\/\/miamedic.lt\/en\/shop\/miamedic-dovanu-kuponas\/","title":{"rendered":"Miamedic gift voucher"},"content":{"rendered":"<p class=\"\" data-start=\"56\" data-end=\"291\">Ie\u0161kote dovanos, kuri suteikt\u0173 ne tik malonum\u0105, bet ir reali\u0105 naud\u0105? Dovan\u0173 kuponas proced\u016broms, konsultacijoms arba produktams \u2013 tai galimyb\u0117 i\u0161sirinkti i\u0161 plataus profesionali\u0173 paslaug\u0173 asortimento ir skirti laiko sau bei savo odos puosel\u0117jimui.<\/p>\n<p class=\"\" data-start=\"293\" data-end=\"658\">Kuponas gali b\u016bti panaudotas bet kuriai MiaMedic klinikoje teikiamai paslaugai arba parduodamiems produktams \u2013 visas paslaugas galite rasti <a href=\"https:\/\/miamedic.lt\/en\/paslaugos\/\">\u010dia.<\/a><\/p>\n<p class=\"\" data-start=\"660\" data-end=\"824\">Galimos kupono sumos: 50 \u20ac, 100 \u20ac, 150 \u20ac, 200 \u20ac<br data-start=\"710\" data-end=\"713\" \/>Kuponas galioja 6 m\u0117nesius nuo \u012fsigijimo dienos<br data-start=\"760\" data-end=\"763\" \/>Galima naudoti konsultacijoms, proced\u016broms ar j\u0173 kombinacijai, visiems m\u016bs\u0173 parduotuv\u0117je parduodamiems produktams.<\/p>\n<p class=\"\" data-start=\"826\" data-end=\"958\">Give the gift of a professional experience that not only transforms appearance but also well-being \u2013 because taking care of yourself is always the best gift.<\/p>\n<p class=\"\" data-start=\"0\" data-end=\"63\"><strong data-start=\"0\" data-end=\"63\">Papildoma informacija apie dovan\u0173 kupono naudojimo s\u0105lygas:<\/strong><\/p>\n<p class=\"\" data-start=\"65\" data-end=\"515\">\u2013 Dovan\u0173 kuponas skirtas vienkartiniam apsipirkimui.<br data-start=\"117\" data-end=\"120\" \/>\u2013 Jei pirkimo suma yra ma\u017eesn\u0117 nei kupono vert\u0117, pinig\u0173 likutis negr\u0105\u017einamas.<br data-start=\"197\" data-end=\"200\" \/>\u2013 Jei mok\u0117tina suma vir\u0161ija kupono vert\u0119, skirtum\u0105 padengia pirk\u0117jas.<br data-start=\"269\" data-end=\"272\" \/>\u2013 Kuponai n\u0117ra gr\u0105\u017einami ir nekei\u010diamai \u012f grynuosius pinigus.<br data-start=\"333\" data-end=\"336\" \/>\u2013 Kupono galiojimo terminas \u2013 6 m\u0117nesiai nuo \u012fsigijimo dienos. Nepanaudojus kupono per galiojimo laikotarp\u012f, laikoma, kad paslauga ar prek\u0117 yra suteikta, o pinigai n\u0117ra gr\u0105\u017einami.<\/p>","protected":false},"excerpt":{"rendered":"<p>Give the gift of a professional experience that not only transforms appearance but also well-being \u2013 because taking care of yourself is always the best gift.<\/p>","protected":false},"featured_media":5647,"comment_status":"open","ping_status":"closed","template":"","meta":[],"product_cat":[200,217],"product_tag":[],"class_list":{"0":"post-5530","1":"product","2":"type-product","3":"status-publish","4":"has-post-thumbnail","6":"product_cat-dovanos","7":"product_cat-dovanu-kuponai","9":"first","10":"instock","11":"taxable","12":"shipping-taxable","13":"purchasable","14":"product-type-variable"},"_links":{"self":[{"href":"https:\/\/miamedic.lt\/en\/wp-json\/wp\/v2\/product\/5530","targetHints":{"allow":["GET"]}}],"collection":[{"href":"https:\/\/miamedic.lt\/en\/wp-json\/wp\/v2\/product"}],"about":[{"href":"https:\/\/miamedic.lt\/en\/wp-json\/wp\/v2\/types\/product"}],"replies":[{"embeddable":true,"href":"https:\/\/miamedic.lt\/en\/wp-json\/wp\/v2\/comments?post=5530"}],"version-history":[{"count":5,"href":"https:\/\/miamedic.lt\/en\/wp-json\/wp\/v2\/product\/5530\/revisions"}],"predecessor-version":[{"id":7490,"href":"https:\/\/miamedic.lt\/en\/wp-json\/wp\/v2\/product\/5530\/revisions\/7490"}],"wp:featuredmedia":[{"embeddable":true,"href":"https:\/\/miamedic.lt\/en\/wp-json\/wp\/v2\/media\/5647"}],"wp:attachment":[{"href":"https:\/\/miamedic.lt\/en\/wp-json\/wp\/v2\/media?parent=5530"}],"wp:term":[{"taxonomy":"product_cat","embeddable":true,"href":"https:\/\/miamedic.lt\/en\/wp-json\/wp\/v2\/product_cat?post=5530"},{"taxonomy":"product_tag","embeddable":true,"href":"https:\/\/miamedic.lt\/en\/wp-json\/wp\/v2\/product_tag?post=5530"}],"curies":[{"name":"wp","href":"https:\/\/api.w.org\/{rel}","templated":true}]}}