{"id":5416,"date":"2025-04-14T13:06:56","date_gmt":"2025-04-14T13:06:56","guid":{"rendered":"https:\/\/www.miamedic.lt\/?post_type=product&#038;p=5416"},"modified":"2026-03-02T11:07:06","modified_gmt":"2026-03-02T11:07:06","slug":"vitamin-veil-cleanser","status":"publish","type":"product","link":"https:\/\/miamedic.lt\/en\/shop\/vitamin-veil-cleanser\/","title":{"rendered":"Vitamin Veil Cleanser"},"content":{"rendered":"<p data-start=\"101\" data-end=\"510\"><strong>Circadia Vitamin Veil Cleanser \u2013 nourishing facial cleanser with vitamins and antioxidants.<\/strong><\/p>\n<p class=\"translation-block\" data-start=\"101\" data-end=\"510\"><strong data-start=\"101\" data-end=\"118\">Description:<\/strong><br data-start=\"118\" data-end=\"121\">\nVitamin Veil Cleanser is a gentle, oil-based facial cleanser enriched with antioxidants and skin-nourishing vitamins. It is ideal for dry, sensitive, or mature skin that requires a gentle yet effective cleanse. This cleanser not only removes makeup and dirt but also helps preserve skin moisture, protect against oxidative stress, and strengthen the skin barrier.<\/p>\n<p class=\"\" data-start=\"512\" data-end=\"525\"><strong data-start=\"512\" data-end=\"525\">Effect:<\/strong><\/p>\n<ul data-start=\"526\" data-end=\"766\">\n<li class=\"\" data-start=\"526\" data-end=\"586\">\n<p class=\"\" data-start=\"528\" data-end=\"586\">Gently removes makeup, dirt, and excess sebum.<\/p>\n<\/li>\n<li class=\"\" data-start=\"587\" data-end=\"634\">\n<p class=\"\" data-start=\"589\" data-end=\"634\">Nourishes and softens the skin without drying it out.<\/p>\n<\/li>\n<li class=\"\" data-start=\"635\" data-end=\"676\">\n<p class=\"\" data-start=\"637\" data-end=\"676\">Protects against the effects of free radicals.<\/p>\n<\/li>\n<li class=\"\" data-start=\"677\" data-end=\"730\">\n<p class=\"\" data-start=\"679\" data-end=\"730\">Padeda i\u0161laikyti sveik\u0105 odos hidrolipidin\u012f balans\u0105.<\/p>\n<\/li>\n<li class=\"\" data-start=\"731\" data-end=\"766\">\n<p class=\"\" data-start=\"733\" data-end=\"766\">Soothes irritated or sensitive skin.<\/p>\n<\/li>\n<\/ul>\n<p class=\"\" data-start=\"768\" data-end=\"982\"><strong data-start=\"768\" data-end=\"783\">Usage:<\/strong><br data-start=\"783\" data-end=\"786\" \/>Apply a small amount of the product to dry skin, gently massage, and wipe off with a damp towel or cotton pad. Can be used in the morning and evening as the first step in your skincare routine.<\/p>","protected":false},"excerpt":{"rendered":"<p>Nourishing facial cleanser<\/p>","protected":false},"featured_media":9747,"comment_status":"open","ping_status":"closed","template":"","meta":[],"product_cat":[448,124],"product_tag":[],"class_list":{"0":"post-5416","1":"product","2":"type-product","3":"status-publish","4":"has-post-thumbnail","6":"product_cat-is-clinical-ir-circadia","7":"product_cat-prausikliai","8":"pa_brands-circadia","9":"pa_talpa-236g","11":"first","12":"instock","13":"taxable","14":"shipping-taxable","15":"purchasable","16":"product-type-simple"},"_links":{"self":[{"href":"https:\/\/miamedic.lt\/en\/wp-json\/wp\/v2\/product\/5416","targetHints":{"allow":["GET"]}}],"collection":[{"href":"https:\/\/miamedic.lt\/en\/wp-json\/wp\/v2\/product"}],"about":[{"href":"https:\/\/miamedic.lt\/en\/wp-json\/wp\/v2\/types\/product"}],"replies":[{"embeddable":true,"href":"https:\/\/miamedic.lt\/en\/wp-json\/wp\/v2\/comments?post=5416"}],"version-history":[{"count":3,"href":"https:\/\/miamedic.lt\/en\/wp-json\/wp\/v2\/product\/5416\/revisions"}],"predecessor-version":[{"id":10088,"href":"https:\/\/miamedic.lt\/en\/wp-json\/wp\/v2\/product\/5416\/revisions\/10088"}],"wp:featuredmedia":[{"embeddable":true,"href":"https:\/\/miamedic.lt\/en\/wp-json\/wp\/v2\/media\/9747"}],"wp:attachment":[{"href":"https:\/\/miamedic.lt\/en\/wp-json\/wp\/v2\/media?parent=5416"}],"wp:term":[{"taxonomy":"product_cat","embeddable":true,"href":"https:\/\/miamedic.lt\/en\/wp-json\/wp\/v2\/product_cat?post=5416"},{"taxonomy":"product_tag","embeddable":true,"href":"https:\/\/miamedic.lt\/en\/wp-json\/wp\/v2\/product_tag?post=5416"}],"curies":[{"name":"wp","href":"https:\/\/api.w.org\/{rel}","templated":true}]}}