{"id":5412,"date":"2025-04-14T12:09:53","date_gmt":"2025-04-14T12:09:53","guid":{"rendered":"https:\/\/www.miamedic.lt\/?post_type=product&#038;p=5412"},"modified":"2026-03-02T10:53:00","modified_gmt":"2026-03-02T10:53:00","slug":"liprotect-spf-35","status":"publish","type":"product","link":"https:\/\/miamedic.lt\/en\/shop\/liprotect-spf-35\/","title":{"rendered":"LIProtect SPF 35"},"content":{"rendered":"<p class=\"\" data-start=\"0\" data-end=\"88\">\u200b<span class=\"relative -mx-px my-[-0.2rem] rounded px-px py-[0.2rem] transition-colors duration-100 ease-in-out\"><strong data-start=\"0\" data-end=\"66\" data-is-last-node=\"\" data-is-only-node=\"\">iS Clinical LIProtect SPF 35 \u2013 apsauginis l\u016bp\u0173 balzamas su SPF<\/strong><\/span>\u200b<\/p>\n<p class=\"\" data-start=\"90\" data-end=\"267\"><strong data-start=\"90\" data-end=\"107\">Apib\u016bdinimas:<\/strong><br data-start=\"107\" data-end=\"110\" \/><span class=\"relative -mx-px my-[-0.2rem] rounded px-px py-[0.2rem] transition-colors duration-100 ease-in-out\">iS Clinical LIProtect SPF 35 \u2013 tai pa\u017eangus, antioksidantais praturtintas l\u016bp\u0173 balzamas, sukurtas siekiant apsaugoti jautri\u0105 l\u016bp\u0173 od\u0105 nuo \u017ealing\u0173 UVA\/UVB spinduli\u0173 ir aplinkos tar\u0161os poveikio.<\/span> <span class=\"relative -mx-px my-[-0.2rem] rounded px-px py-[0.2rem] transition-colors duration-100 ease-in-out\">\u0160i formul\u0117 ne tik efektyviai saugo nuo saul\u0117s, bet ir intensyviai dr\u0117kina, maitina bei stiprina odos barjer\u0105.<\/span> <span class=\"relative -mx-px my-[-0.2rem] rounded px-px py-[0.2rem] transition-colors duration-100 ease-in-out\">D\u0117l savo skaidrios tekst\u016bros balzamas nepalieka balt\u0173 \u017eymi\u0173 ir yra tinkamas kasdieniam naudojimui.<\/span>\u200b<\/p>\n<p class=\"\" data-start=\"269\" data-end=\"282\"><strong data-start=\"269\" data-end=\"282\">Poveikis:<\/strong><\/p>\n<ul data-start=\"283\" data-end=\"714\">\n<li class=\"\" data-start=\"283\" data-end=\"366\">\n<p class=\"\" data-start=\"285\" data-end=\"366\"><span class=\"relative -mx-px my-[-0.2rem] rounded px-px py-[0.2rem] transition-colors duration-100 ease-in-out\">Plataus spektro apsauga nuo UVA\/UVB spinduli\u0173 (SPF 35).<\/span>\u200b<\/p>\n<\/li>\n<li class=\"\" data-start=\"367\" data-end=\"450\">\n<p class=\"\" data-start=\"369\" data-end=\"450\"><span class=\"relative -mx-px my-[-0.2rem] rounded px-px py-[0.2rem] transition-colors duration-100 ease-in-out\">Dr\u0117kina, mink\u0161tina ir lygina l\u016bp\u0173 od\u0105.<\/span><\/p>\n<\/li>\n<li class=\"\" data-start=\"451\" data-end=\"538\">\n<p class=\"\" data-start=\"453\" data-end=\"538\"><span class=\"relative -mx-px my-[-0.2rem] rounded px-px py-[0.2rem] transition-colors duration-100 ease-in-out\">Suteikia antioksidacin\u0119 apsaug\u0105 nuo aplinkos streso.<\/span>\u200b<\/p>\n<\/li>\n<li class=\"\" data-start=\"539\" data-end=\"626\">\n<p class=\"\" data-start=\"541\" data-end=\"626\"><span class=\"relative -mx-px my-[-0.2rem] rounded px-px py-[0.2rem] transition-colors duration-100 ease-in-out\">Stiprina odos barjerin\u0119 funkcij\u0105 ir skatina kolageno sintez\u0119.<\/span>\u200b<\/p>\n<\/li>\n<li class=\"\" data-start=\"627\" data-end=\"714\">\n<p class=\"\" data-start=\"629\" data-end=\"714\"><span class=\"relative -mx-px my-[-0.2rem] rounded px-px py-[0.2rem] transition-colors duration-100 ease-in-out\">Ma\u017eina paraudim\u0105 ir apsaugo nuo saul\u0117s sukeltos \u017ealos.<\/span>\u200b<\/p>\n<\/li>\n<\/ul>\n<p class=\"\" data-start=\"716\" data-end=\"859\"><strong data-start=\"716\" data-end=\"731\">Naudojimas:<\/strong><br data-start=\"731\" data-end=\"734\" \/><span class=\"relative -mx-px my-[-0.2rem] rounded px-px py-[0.2rem] transition-colors duration-100 ease-in-out\">Tepkite gausiai ant l\u016bp\u0173 likus 15 minu\u010di\u0173 iki saul\u0117s poveikio.<\/span> <span class=\"relative -mx-px my-[-0.2rem] rounded px-px py-[0.2rem] transition-colors duration-100 ease-in-out\">Pakartotinai tepkite kas 2 valandas arba po maudymosi, prakaitavimo ar nusausinus l\u016bpas rank\u0161luos\u010diu.<\/span><\/p>\n","protected":false},"excerpt":{"rendered":"<p class=\"\" data-start=\"0\" data-end=\"88\"><span class=\"relative -mx-px my-[-0.2rem] rounded px-px py-[0.2rem] transition-colors duration-100 ease-in-out\">L\u016bp\u0173 balzamas su SPF<\/span>\u200b<\/p>\n","protected":false},"featured_media":5413,"comment_status":"open","ping_status":"closed","template":"","meta":[],"product_cat":[448,417,239],"product_tag":[],"class_list":{"0":"post-5412","1":"product","2":"type-product","3":"status-publish","4":"has-post-thumbnail","6":"product_cat-is-clinical-ir-circadia","7":"product_cat-is-clinical-ir-valmont","8":"product_cat-lupu-balzamai","9":"pa_brands-is-clinical","10":"pa_talpa-5g","12":"first","13":"instock","14":"taxable","15":"shipping-taxable","16":"purchasable","17":"product-type-simple"},"_links":{"self":[{"href":"https:\/\/miamedic.lt\/en\/wp-json\/wp\/v2\/product\/5412","targetHints":{"allow":["GET"]}}],"collection":[{"href":"https:\/\/miamedic.lt\/en\/wp-json\/wp\/v2\/product"}],"about":[{"href":"https:\/\/miamedic.lt\/en\/wp-json\/wp\/v2\/types\/product"}],"replies":[{"embeddable":true,"href":"https:\/\/miamedic.lt\/en\/wp-json\/wp\/v2\/comments?post=5412"}],"version-history":[{"count":2,"href":"https:\/\/miamedic.lt\/en\/wp-json\/wp\/v2\/product\/5412\/revisions"}],"predecessor-version":[{"id":6407,"href":"https:\/\/miamedic.lt\/en\/wp-json\/wp\/v2\/product\/5412\/revisions\/6407"}],"wp:featuredmedia":[{"embeddable":true,"href":"https:\/\/miamedic.lt\/en\/wp-json\/wp\/v2\/media\/5413"}],"wp:attachment":[{"href":"https:\/\/miamedic.lt\/en\/wp-json\/wp\/v2\/media?parent=5412"}],"wp:term":[{"taxonomy":"product_cat","embeddable":true,"href":"https:\/\/miamedic.lt\/en\/wp-json\/wp\/v2\/product_cat?post=5412"},{"taxonomy":"product_tag","embeddable":true,"href":"https:\/\/miamedic.lt\/en\/wp-json\/wp\/v2\/product_tag?post=5412"}],"curies":[{"name":"wp","href":"https:\/\/api.w.org\/{rel}","templated":true}]}}