{"id":5405,"date":"2025-04-14T12:04:03","date_gmt":"2025-04-14T12:04:03","guid":{"rendered":"https:\/\/www.miamedic.lt\/?post_type=product&#038;p=5405"},"modified":"2026-03-02T10:53:10","modified_gmt":"2026-03-02T10:53:10","slug":"perfectint-powder-spf-40","status":"publish","type":"product","link":"https:\/\/miamedic.lt\/en\/shop\/perfectint-powder-spf-40\/","title":{"rendered":"PerfecTint Powder SPF 40"},"content":{"rendered":"<p class=\"\" data-start=\"0\" data-end=\"88\">\u200b<span class=\"relative -mx-px my-[-0.2rem] rounded px-px py-[0.2rem] transition-colors duration-100 ease-in-out\"><strong data-start=\"0\" data-end=\"102\" data-is-last-node=\"\" data-is-only-node=\"\">iS Clinical PerfecTint Powder SPF 40 \u2013 atspalv\u012f suteikianti mineralin\u0117 pudra su apsauga nuo saul\u0117s<\/strong><\/span>\u200b<\/p>\n<p class=\"\" data-start=\"90\" data-end=\"267\"><strong data-start=\"90\" data-end=\"107\">Apib\u016bdinimas:<\/strong><br data-start=\"107\" data-end=\"110\" \/><span class=\"relative -mx-px my-[-0.2rem] rounded px-px py-[0.2rem] transition-colors duration-100 ease-in-out\">iS Clinical PerfecTint Powder SPF 40 \u2013 tai prabangi, augaliniais komponentais praturtinta mineralin\u0117 pudra, skirta suteikti odai apsaug\u0105 nuo saul\u0117s bei tolyg\u0173 atspalv\u012f.<\/span> <span class=\"relative -mx-px my-[-0.2rem] rounded px-px py-[0.2rem] transition-colors duration-100 ease-in-out\">\u0160i pudra ne tik saugo od\u0105 nuo \u017ealing\u0173 UVA\/UVB spinduli\u0173, bet ir dr\u0117kina, ma\u017eina por\u0173 matomum\u0105 bei sugeria riebal\u0173 pertekli\u0173, suteikdama matin\u012f efekt\u0105.<\/span> <span class=\"relative -mx-px my-[-0.2rem] rounded px-px py-[0.2rem] transition-colors duration-100 ease-in-out\">Unikali formul\u0117 su Extremozyme\u00ae technologija padeda apsaugoti odos DNR nuo aplinkos streso ir skatina jos regeneracij\u0105.<\/span>\u200b<\/p>\n<p class=\"\" data-start=\"269\" data-end=\"282\"><strong data-start=\"269\" data-end=\"282\">Poveikis:<\/strong><\/p>\n<ul data-start=\"283\" data-end=\"714\">\n<li class=\"\" data-start=\"283\" data-end=\"366\">\n<p class=\"\" data-start=\"285\" data-end=\"366\"><span class=\"relative -mx-px my-[-0.2rem] rounded px-px py-[0.2rem] transition-colors duration-100 ease-in-out\">Plataus spektro apsauga nuo UVA\/UVB spinduli\u0173 (SPF 40).<\/span>\u200b<\/p>\n<\/li>\n<li class=\"\" data-start=\"367\" data-end=\"450\">\n<p class=\"\" data-start=\"369\" data-end=\"450\"><span class=\"relative -mx-px my-[-0.2rem] rounded px-px py-[0.2rem] transition-colors duration-100 ease-in-out\">Suteikia odai tolyg\u0173 atspalv\u012f ir matin\u012f efekt\u0105.<\/span>\u200b<\/p>\n<\/li>\n<li class=\"\" data-start=\"451\" data-end=\"538\">\n<p class=\"\" data-start=\"453\" data-end=\"538\"><span class=\"relative -mx-px my-[-0.2rem] rounded px-px py-[0.2rem] transition-colors duration-100 ease-in-out\">Ma\u017eina por\u0173 matomum\u0105 ir sugeria riebal\u0173 pertekli\u0173.<\/span>\u200b<\/p>\n<\/li>\n<li class=\"\" data-start=\"539\" data-end=\"626\">\n<p class=\"\" data-start=\"541\" data-end=\"626\"><span class=\"relative -mx-px my-[-0.2rem] rounded px-px py-[0.2rem] transition-colors duration-100 ease-in-out\">Dr\u0117kina ir stiprina odos barjer\u0105.<\/span>\u200b<\/p>\n<\/li>\n<li class=\"\" data-start=\"627\" data-end=\"714\">\n<p class=\"\" data-start=\"629\" data-end=\"714\"><span class=\"relative -mx-px my-[-0.2rem] rounded px-px py-[0.2rem] transition-colors duration-100 ease-in-out\">Apsaugo od\u0105 nuo oksidacinio streso ir aplinkos veiksni\u0173.<\/span>\u200b<\/p>\n<\/li>\n<\/ul>\n<p class=\"\" data-start=\"716\" data-end=\"939\"><strong data-start=\"716\" data-end=\"731\">Naudojimas:<\/strong><br data-start=\"731\" data-end=\"734\" \/><span class=\"relative -mx-px my-[-0.2rem] rounded px-px py-[0.2rem] transition-colors duration-100 ease-in-out\">Pasukite pagrind\u0105, kad i\u0161siskleist\u0173 \u0161epet\u0117lis, ir kontroliuokite i\u0161skiriamos pudros kiek\u012f.<\/span> <span class=\"relative -mx-px my-[-0.2rem] rounded px-px py-[0.2rem] transition-colors duration-100 ease-in-out\">\u0160velniais judesiais tepkite pudr\u0105 ant veido, kaklo ir dekolt\u0117 srities, kad pasiektum\u0117te norim\u0105 padengim\u0105.<\/span> <span class=\"relative -mx-px my-[-0.2rem] rounded px-px py-[0.2rem] transition-colors duration-100 ease-in-out\">Tepkite gausiai ir tolygiai prie\u0161 saul\u0117s poveik\u012f.<\/span> <span class=\"relative -mx-px my-[-0.2rem] rounded px-px py-[0.2rem] transition-colors duration-100 ease-in-out\">Pakartotinai tepkite kas 2 valandas arba po maudymosi, gausaus prakaitavimo ar rank\u0161luos\u010diu nusausinus od\u0105.<\/span><\/p>\n","protected":false},"excerpt":{"rendered":"<p><span class=\"relative -mx-px my-[-0.2rem] rounded px-px py-[0.2rem] transition-colors duration-100 ease-in-out\">Mineralin\u0117 pudra su atspalviu<\/span><\/p>\n","protected":false},"featured_media":5406,"comment_status":"open","ping_status":"closed","template":"","meta":[],"product_cat":[448,417,185,153],"product_tag":[],"class_list":{"0":"post-5405","1":"product","2":"type-product","3":"status-publish","4":"has-post-thumbnail","6":"product_cat-is-clinical-ir-circadia","7":"product_cat-is-clinical-ir-valmont","8":"product_cat-birios-pudros","9":"product_cat-spf-veido-prieziura","10":"pa_brands-is-clinical","11":"pa_talpa-2x35g","13":"first","14":"instock","15":"taxable","16":"shipping-taxable","17":"purchasable","18":"product-type-variable"},"_links":{"self":[{"href":"https:\/\/miamedic.lt\/en\/wp-json\/wp\/v2\/product\/5405","targetHints":{"allow":["GET"]}}],"collection":[{"href":"https:\/\/miamedic.lt\/en\/wp-json\/wp\/v2\/product"}],"about":[{"href":"https:\/\/miamedic.lt\/en\/wp-json\/wp\/v2\/types\/product"}],"replies":[{"embeddable":true,"href":"https:\/\/miamedic.lt\/en\/wp-json\/wp\/v2\/comments?post=5405"}],"version-history":[{"count":4,"href":"https:\/\/miamedic.lt\/en\/wp-json\/wp\/v2\/product\/5405\/revisions"}],"predecessor-version":[{"id":10063,"href":"https:\/\/miamedic.lt\/en\/wp-json\/wp\/v2\/product\/5405\/revisions\/10063"}],"wp:featuredmedia":[{"embeddable":true,"href":"https:\/\/miamedic.lt\/en\/wp-json\/wp\/v2\/media\/5406"}],"wp:attachment":[{"href":"https:\/\/miamedic.lt\/en\/wp-json\/wp\/v2\/media?parent=5405"}],"wp:term":[{"taxonomy":"product_cat","embeddable":true,"href":"https:\/\/miamedic.lt\/en\/wp-json\/wp\/v2\/product_cat?post=5405"},{"taxonomy":"product_tag","embeddable":true,"href":"https:\/\/miamedic.lt\/en\/wp-json\/wp\/v2\/product_tag?post=5405"}],"curies":[{"name":"wp","href":"https:\/\/api.w.org\/{rel}","templated":true}]}}