{"id":5397,"date":"2025-04-14T11:33:18","date_gmt":"2025-04-14T11:33:18","guid":{"rendered":"https:\/\/www.miamedic.lt\/?post_type=product&#038;p=5397"},"modified":"2026-03-02T10:53:30","modified_gmt":"2026-03-02T10:53:30","slug":"active-peel-system-pack","status":"publish","type":"product","link":"https:\/\/miamedic.lt\/en\/shop\/active-peel-system-pack\/","title":{"rendered":"ACTIVE PEEL SYSTEM Pack"},"content":{"rendered":"<p class=\"\" data-start=\"0\" data-end=\"88\">\u200b<span class=\"relative -mx-px my-[-0.2rem] rounded px-px py-[0.2rem] transition-colors duration-100 ease-in-out\"><strong data-start=\"0\" data-end=\"77\" data-is-last-node=\"\" data-is-only-node=\"\">iS Clinical Active Peel System \u2013 dviej\u0173 \u017eingsni\u0173 odos atnaujinimo sistema<\/strong><\/span>\u200b<\/p>\n<p class=\"\" data-start=\"90\" data-end=\"267\"><strong data-start=\"90\" data-end=\"107\">Apib\u016bdinimas:<\/strong><br data-start=\"107\" data-end=\"110\" \/><span class=\"relative -mx-px my-[-0.2rem] rounded px-px py-[0.2rem] transition-colors duration-100 ease-in-out\">iS Clinical Active Peel System \u2013 tai pa\u017eangi, augaliniais komponentais praturtinta dviej\u0173 \u017eingsni\u0173 odos prie\u017ei\u016bros sistema, skirta \u0161velniam, bet efektyviam odos \u0161veitimui ir atnaujinimui.<\/span> <span class=\"relative -mx-px my-[-0.2rem] rounded px-px py-[0.2rem] transition-colors duration-100 ease-in-out\">\u0160i proced\u016bra ne tik pa\u0161alina negyvas odos l\u0105steles, bet ir intensyviai dr\u0117kina, atkuria bei apsaugo od\u0105 nuo oksidacinio streso.<\/span> <span class=\"relative -mx-px my-[-0.2rem] rounded px-px py-[0.2rem] transition-colors duration-100 ease-in-out\">Naudojant reguliariai, oda tampa lygesn\u0117, \u0161vytinti ir atjaun\u0117jusi.<\/span><\/p>\n<p data-start=\"90\" data-end=\"267\">De\u017eut\u0117je rasite 15 vnt. servet\u0117li\u0173.<\/p>\n<p class=\"\" data-start=\"269\" data-end=\"282\"><strong data-start=\"269\" data-end=\"282\">Poveikis:<\/strong><\/p>\n<ul data-start=\"283\" data-end=\"800\">\n<li class=\"\" data-start=\"283\" data-end=\"366\">\n<p class=\"\" data-start=\"285\" data-end=\"366\">\u0160velniai, bet efektyviai \u0161vei\u010dia od\u0105.\u200b<\/p>\n<\/li>\n<li class=\"\" data-start=\"367\" data-end=\"444\">\n<p class=\"\" data-start=\"369\" data-end=\"444\">Gerina odos tekst\u016br\u0105 ir tonus\u0105.\u200b<\/p>\n<\/li>\n<li class=\"\" data-start=\"445\" data-end=\"527\">\n<p class=\"\" data-start=\"447\" data-end=\"527\">Skatina kolageno ir elastino gamyb\u0105.\u200b<\/p>\n<\/li>\n<li class=\"\" data-start=\"528\" data-end=\"618\">\n<p class=\"\" data-start=\"530\" data-end=\"618\">Intensyviai dr\u0117kina ir atkuria odos barjer\u0105.\u200b<\/p>\n<\/li>\n<li class=\"\" data-start=\"619\" data-end=\"708\">\n<p class=\"\" data-start=\"621\" data-end=\"708\">Suteikia odai \u0161vyt\u0117jimo ir jaunatvi\u0161kumo.\u200b<\/p>\n<\/li>\n<li class=\"\" data-start=\"709\" data-end=\"800\">\n<p class=\"\" data-start=\"711\" data-end=\"800\">Ma\u017eina smulki\u0173 rauk\u0161li\u0173 ir por\u0173 atsiradim\u0105.\u200b<\/p>\n<\/li>\n<\/ul>\n<p class=\"\" data-start=\"802\" data-end=\"1150\"><strong data-start=\"802\" data-end=\"817\">Naudojimas:<\/strong><br data-start=\"817\" data-end=\"820\" \/>Naudokite kas antr\u0105 vakar\u0105. Po veido valymo, u\u017etepkite Step 1 diskel\u012f ant viso veido ir kaklo, palikite 3 minutes (nenuplaukite). Tada naudokite Step 2 diskel\u012f, \u012fmasa\u017euodami \u012f od\u0105. Nenuplauti. Po naudojimo gali pasireik\u0161ti lengvas v\u0117sumo ar dilg\u010diojimo poj\u016btis \u2013 tai normali reakcija.\u200b<\/p>\n","protected":false},"excerpt":{"rendered":"<p><span class=\"relative -mx-px my-[-0.2rem] rounded px-px py-[0.2rem] transition-colors duration-100 ease-in-out\">Odos atnaujinimo sistema<\/span><\/p>\n","protected":false},"featured_media":5398,"comment_status":"open","ping_status":"closed","template":"","meta":[],"product_cat":[448,417,110],"product_tag":[],"class_list":{"0":"post-5397","1":"product","2":"type-product","3":"status-publish","4":"has-post-thumbnail","6":"product_cat-is-clinical-ir-circadia","7":"product_cat-is-clinical-ir-valmont","8":"product_cat-sveitikliai","9":"pa_brands-is-clinical","10":"pa_talpa-15x29ml","12":"first","13":"instock","14":"taxable","15":"shipping-taxable","16":"purchasable","17":"product-type-simple"},"_links":{"self":[{"href":"https:\/\/miamedic.lt\/en\/wp-json\/wp\/v2\/product\/5397","targetHints":{"allow":["GET"]}}],"collection":[{"href":"https:\/\/miamedic.lt\/en\/wp-json\/wp\/v2\/product"}],"about":[{"href":"https:\/\/miamedic.lt\/en\/wp-json\/wp\/v2\/types\/product"}],"replies":[{"embeddable":true,"href":"https:\/\/miamedic.lt\/en\/wp-json\/wp\/v2\/comments?post=5397"}],"version-history":[{"count":2,"href":"https:\/\/miamedic.lt\/en\/wp-json\/wp\/v2\/product\/5397\/revisions"}],"predecessor-version":[{"id":5437,"href":"https:\/\/miamedic.lt\/en\/wp-json\/wp\/v2\/product\/5397\/revisions\/5437"}],"wp:featuredmedia":[{"embeddable":true,"href":"https:\/\/miamedic.lt\/en\/wp-json\/wp\/v2\/media\/5398"}],"wp:attachment":[{"href":"https:\/\/miamedic.lt\/en\/wp-json\/wp\/v2\/media?parent=5397"}],"wp:term":[{"taxonomy":"product_cat","embeddable":true,"href":"https:\/\/miamedic.lt\/en\/wp-json\/wp\/v2\/product_cat?post=5397"},{"taxonomy":"product_tag","embeddable":true,"href":"https:\/\/miamedic.lt\/en\/wp-json\/wp\/v2\/product_tag?post=5397"}],"curies":[{"name":"wp","href":"https:\/\/api.w.org\/{rel}","templated":true}]}}