{"id":5380,"date":"2025-04-14T09:23:32","date_gmt":"2025-04-14T09:23:32","guid":{"rendered":"https:\/\/www.miamedic.lt\/?post_type=product&#038;p=5380"},"modified":"2026-03-02T10:53:49","modified_gmt":"2026-03-02T10:53:49","slug":"retinol-emulsion-0-3","status":"publish","type":"product","link":"https:\/\/miamedic.lt\/en\/shop\/retinol-emulsion-0-3\/","title":{"rendered":"RETINOL+ EMULSION 0.3"},"content":{"rendered":"<p class=\"\" data-start=\"0\" data-end=\"88\">\u200b<span class=\"relative -mx-px my-[-0.2rem] rounded px-px py-[0.2rem] transition-colors duration-100 ease-in-out\"><strong data-start=\"0\" data-end=\"80\" data-is-last-node=\"\" data-is-only-node=\"\">iS Clinical RETINOL+ EMULSION 0.3 \u2013 \u0161velniai atnaujinanti retinolio emulsija<\/strong><\/span>\u200b<\/p>\n<p class=\"\" data-start=\"90\" data-end=\"267\"><strong data-start=\"90\" data-end=\"107\">Apib\u016bdinimas:<\/strong><br data-start=\"107\" data-end=\"110\" \/><span class=\"relative -mx-px my-[-0.2rem] rounded px-px py-[0.2rem] transition-colors duration-100 ease-in-out\">iS Clinical RETINOL+ EMULSION 0.3 \u2013 tai pa\u017eangi, \u0161velniai atnaujinanti emulsija, sukurta siekiant pagerinti odos tekst\u016br\u0105, tonus\u0105 ir elastingum\u0105.<\/span> <span class=\"relative -mx-px my-[-0.2rem] rounded px-px py-[0.2rem] transition-colors duration-100 ease-in-out\">Formul\u0117 sujungia augalin\u0117s kilm\u0117s retinol\u012f, baku\u010diol\u012f, antioksidantus ir Extremozyme\u00ae technologij\u0105, padedan\u010di\u0105 apsaugoti od\u0105 nuo aplinkos streso.<\/span> <span class=\"relative -mx-px my-[-0.2rem] rounded px-px py-[0.2rem] transition-colors duration-100 ease-in-out\">Retinolis, inkapsuliuotas bioidentiniais lipidais, u\u017etikrina efektyv\u0173 veikli\u0173j\u0173 med\u017eiag\u0173 pristatym\u0105 \u012f od\u0105, ma\u017eindamas galim\u0105 dirginim\u0105.<\/span><\/p>\n<p class=\"\" data-start=\"269\" data-end=\"282\"><strong data-start=\"269\" data-end=\"282\">Poveikis:<\/strong><\/p>\n<ul data-start=\"283\" data-end=\"714\">\n<li class=\"\" data-start=\"283\" data-end=\"366\">\n<p class=\"\" data-start=\"285\" data-end=\"366\"><span class=\"relative -mx-px my-[-0.2rem] rounded px-px py-[0.2rem] transition-colors duration-100 ease-in-out\">Ma\u017eina smulki\u0173 linij\u0173 ir rauk\u0161li\u0173 atsiradim\u0105.<\/span>\u200b<\/p>\n<\/li>\n<li class=\"\" data-start=\"367\" data-end=\"450\">\n<p class=\"\" data-start=\"369\" data-end=\"450\"><span class=\"relative -mx-px my-[-0.2rem] rounded px-px py-[0.2rem] transition-colors duration-100 ease-in-out\">Gerina odos tonus\u0105 ir tekst\u016br\u0105.<\/span>\u200b<\/p>\n<\/li>\n<li class=\"\" data-start=\"451\" data-end=\"538\">\n<p class=\"\" data-start=\"453\" data-end=\"538\"><span class=\"relative -mx-px my-[-0.2rem] rounded px-px py-[0.2rem] transition-colors duration-100 ease-in-out\">Skatina odos elastingum\u0105 ir stangrum\u0105.<\/span>\u200b<\/p>\n<\/li>\n<li class=\"\" data-start=\"539\" data-end=\"626\">\n<p class=\"\" data-start=\"541\" data-end=\"626\"><span class=\"relative -mx-px my-[-0.2rem] rounded px-px py-[0.2rem] transition-colors duration-100 ease-in-out\">Suteikia odai \u0161vyt\u0117jimo ir lygumo.<\/span>\u200b<\/p>\n<\/li>\n<li class=\"\" data-start=\"627\" data-end=\"714\">\n<p class=\"\" data-start=\"629\" data-end=\"714\"><span class=\"relative -mx-px my-[-0.2rem] rounded px-px py-[0.2rem] transition-colors duration-100 ease-in-out\">Apsaugo nuo oksidacinio streso ir aplinkos veiksni\u0173.<\/span>\u200b<\/p>\n<\/li>\n<\/ul>\n<p class=\"\" data-start=\"716\" data-end=\"939\"><strong data-start=\"716\" data-end=\"731\">Naudojimas:<\/strong><br data-start=\"731\" data-end=\"734\" \/><span class=\"relative -mx-px my-[-0.2rem] rounded px-px py-[0.2rem] transition-colors duration-100 ease-in-out\">Vakare, ant \u0161varios odos, u\u017etepkite 2\u20133 paspaudimus emulsijos, tolygiai paskirstydami per veid\u0105 ir kakl\u0105.<\/span> <span class=\"relative -mx-px my-[-0.2rem] rounded px-px py-[0.2rem] transition-colors duration-100 ease-in-out\">Pirm\u0105sias 3 savaites naudokite kas tre\u010di\u0105 vakar\u0105.<\/span> <span class=\"relative -mx-px my-[-0.2rem] rounded px-px py-[0.2rem] transition-colors duration-100 ease-in-out\">Jei oda gerai toleruoja, v\u0117liau naudokite kas antr\u0105 vakar\u0105 arba pagal specialisto rekomendacijas.<\/span> <span class=\"relative -mx-px my-[-0.2rem] rounded px-px py-[0.2rem] transition-colors duration-100 ease-in-out\">Naudojant produkt\u0105, rekomenduojama naudoti apsaugin\u012f krem\u0105 nuo saul\u0117s dienos metu.<\/span><\/p>\n","protected":false},"excerpt":{"rendered":"<p><span class=\"relative -mx-px my-[-0.2rem] rounded px-px py-[0.2rem] transition-colors duration-100 ease-in-out\">Atnaujinanti retinolio emulsija<\/span><\/p>\n","protected":false},"featured_media":5382,"comment_status":"open","ping_status":"closed","template":"","meta":[],"product_cat":[448,417,180,107],"product_tag":[],"class_list":{"0":"post-5380","1":"product","2":"type-product","3":"status-publish","4":"has-post-thumbnail","6":"product_cat-is-clinical-ir-circadia","7":"product_cat-is-clinical-ir-valmont","8":"product_cat-naktiniai-kremai","9":"product_cat-serumai","10":"pa_brands-is-clinical","11":"pa_talpa-30g","13":"first","14":"instock","15":"taxable","16":"shipping-taxable","17":"purchasable","18":"product-type-simple"},"_links":{"self":[{"href":"https:\/\/miamedic.lt\/en\/wp-json\/wp\/v2\/product\/5380","targetHints":{"allow":["GET"]}}],"collection":[{"href":"https:\/\/miamedic.lt\/en\/wp-json\/wp\/v2\/product"}],"about":[{"href":"https:\/\/miamedic.lt\/en\/wp-json\/wp\/v2\/types\/product"}],"replies":[{"embeddable":true,"href":"https:\/\/miamedic.lt\/en\/wp-json\/wp\/v2\/comments?post=5380"}],"version-history":[{"count":4,"href":"https:\/\/miamedic.lt\/en\/wp-json\/wp\/v2\/product\/5380\/revisions"}],"predecessor-version":[{"id":10939,"href":"https:\/\/miamedic.lt\/en\/wp-json\/wp\/v2\/product\/5380\/revisions\/10939"}],"wp:featuredmedia":[{"embeddable":true,"href":"https:\/\/miamedic.lt\/en\/wp-json\/wp\/v2\/media\/5382"}],"wp:attachment":[{"href":"https:\/\/miamedic.lt\/en\/wp-json\/wp\/v2\/media?parent=5380"}],"wp:term":[{"taxonomy":"product_cat","embeddable":true,"href":"https:\/\/miamedic.lt\/en\/wp-json\/wp\/v2\/product_cat?post=5380"},{"taxonomy":"product_tag","embeddable":true,"href":"https:\/\/miamedic.lt\/en\/wp-json\/wp\/v2\/product_tag?post=5380"}],"curies":[{"name":"wp","href":"https:\/\/api.w.org\/{rel}","templated":true}]}}