{"id":5150,"date":"2025-04-10T13:59:32","date_gmt":"2025-04-10T13:59:32","guid":{"rendered":"https:\/\/www.miamedic.lt\/?post_type=product&#038;p=5150"},"modified":"2026-03-02T10:54:16","modified_gmt":"2026-03-02T10:54:16","slug":"pro-heal-serum-2","status":"publish","type":"product","link":"https:\/\/miamedic.lt\/en\/shop\/pro-heal-serum-2\/","title":{"rendered":"PRO-HEAL SERUM"},"content":{"rendered":"<p class=\"\" data-start=\"168\" data-end=\"276\"><strong data-start=\"168\" data-end=\"276\">iS Clinical Pro-Heal Serum Advance+ \u2013 od\u0105 atkuriantis ir raminantis serumas su galingais antioksidantais<\/strong><\/p>\n<p class=\"\" data-start=\"278\" data-end=\"774\"><strong data-start=\"278\" data-end=\"295\">Apib\u016bdinimas:<\/strong><br data-start=\"295\" data-end=\"298\" \/>iS Clinical Pro-Heal Serum Advance+ \u2013 tai lengvos konsistencijos, bet intensyvaus poveikio serumas, sukurtas jautriai, paraudusiai, akn\u0117s pa\u017eeistai ar sudirgusiai odai. Jo sud\u0117tyje esantys pa\u017eang\u016bs antioksidantai \u2013 vitaminas C, vitaminas E ir retinolis \u2013 kartu su alyvuogi\u0173 lap\u0173 ekstraktu padeda atkurti odos pusiausvyr\u0105, ma\u017eina u\u017edegim\u0105 ir stiprina apsaugines funkcijas. Serumas greitai \u012fsigeria ir nepalieka lipnumo, tod\u0117l puikiai tinka tiek rytinei, tiek vakarinei rutinai.<\/p>\n<p class=\"\" data-start=\"776\" data-end=\"789\"><strong data-start=\"776\" data-end=\"789\">Effect:<\/strong><\/p>\n<ul data-start=\"790\" data-end=\"1123\">\n<li class=\"\" data-start=\"790\" data-end=\"837\">\n<p class=\"\" data-start=\"792\" data-end=\"837\">Ramina jautri\u0105, sudirgusi\u0105 ar u\u017edegimin\u0119 od\u0105.<\/p>\n<\/li>\n<li class=\"\" data-start=\"838\" data-end=\"904\">\n<p class=\"\" data-start=\"840\" data-end=\"904\">Padeda gydyti akn\u0117s, ro\u017ein\u0117s ir netgi po proced\u016br\u0173 pa\u017eeist\u0105 od\u0105.<\/p>\n<\/li>\n<li class=\"\" data-start=\"905\" data-end=\"969\">\n<p class=\"\" data-start=\"907\" data-end=\"969\">Suteikia stipri\u0105 antioksidacin\u0119 apsaug\u0105 nuo laisv\u0173j\u0173 radikal\u0173.<\/p>\n<\/li>\n<li class=\"\" data-start=\"970\" data-end=\"1017\">\n<p class=\"\" data-start=\"972\" data-end=\"1017\">Skatina nat\u016bral\u0173 odos gijim\u0105 ir regeneracij\u0105.<\/p>\n<\/li>\n<li class=\"\" data-start=\"1018\" data-end=\"1074\">\n<p class=\"\" data-start=\"1020\" data-end=\"1074\">Lygina smulkias rauk\u0161leles, stiprina odos elastingum\u0105.<\/p>\n<\/li>\n<li class=\"\" data-start=\"1075\" data-end=\"1123\">\n<p class=\"\" data-start=\"1077\" data-end=\"1123\">Gerina bendr\u0105 odos ton\u0105 ir suma\u017eina paraudim\u0105.<\/p>\n<\/li>\n<\/ul>\n<p class=\"\" data-start=\"1125\" data-end=\"1312\"><strong data-start=\"1125\" data-end=\"1140\">Usage:<\/strong><br data-start=\"1140\" data-end=\"1143\" \/>Naudokite ryte ir\/arba vakare ant \u0161varios, sausos odos. U\u017ela\u0161inkite 2\u20133 la\u0161us ant veido ir kaklo, \u0161velniai \u012fmasa\u017euokite. Tinka naudoti prie\u0161 dr\u0117kinam\u0105j\u0105 priemon\u0119 ar SPF.<\/p>","protected":false},"excerpt":{"rendered":"<p>Od\u0105 atkuriantis ir raminantis serumas<\/p>\n<p>&nbsp;<\/p>","protected":false},"featured_media":5153,"comment_status":"open","ping_status":"closed","template":"","meta":[],"product_cat":[448,417,107],"product_tag":[],"class_list":{"0":"post-5150","1":"product","2":"type-product","3":"status-publish","4":"has-post-thumbnail","6":"product_cat-is-clinical-ir-circadia","7":"product_cat-is-clinical-ir-valmont","8":"product_cat-serumai","9":"pa_brands-is-clinical","10":"pa_talpa-15ml","11":"pa_talpa-375ml","12":"pa_talpa-30ml-2","14":"first","15":"instock","16":"taxable","17":"shipping-taxable","18":"purchasable","19":"product-type-variable"},"_links":{"self":[{"href":"https:\/\/miamedic.lt\/en\/wp-json\/wp\/v2\/product\/5150","targetHints":{"allow":["GET"]}}],"collection":[{"href":"https:\/\/miamedic.lt\/en\/wp-json\/wp\/v2\/product"}],"about":[{"href":"https:\/\/miamedic.lt\/en\/wp-json\/wp\/v2\/types\/product"}],"replies":[{"embeddable":true,"href":"https:\/\/miamedic.lt\/en\/wp-json\/wp\/v2\/comments?post=5150"}],"version-history":[{"count":4,"href":"https:\/\/miamedic.lt\/en\/wp-json\/wp\/v2\/product\/5150\/revisions"}],"predecessor-version":[{"id":12543,"href":"https:\/\/miamedic.lt\/en\/wp-json\/wp\/v2\/product\/5150\/revisions\/12543"}],"wp:featuredmedia":[{"embeddable":true,"href":"https:\/\/miamedic.lt\/en\/wp-json\/wp\/v2\/media\/5153"}],"wp:attachment":[{"href":"https:\/\/miamedic.lt\/en\/wp-json\/wp\/v2\/media?parent=5150"}],"wp:term":[{"taxonomy":"product_cat","embeddable":true,"href":"https:\/\/miamedic.lt\/en\/wp-json\/wp\/v2\/product_cat?post=5150"},{"taxonomy":"product_tag","embeddable":true,"href":"https:\/\/miamedic.lt\/en\/wp-json\/wp\/v2\/product_tag?post=5150"}],"curies":[{"name":"wp","href":"https:\/\/api.w.org\/{rel}","templated":true}]}}