{"id":5141,"date":"2025-04-10T09:18:21","date_gmt":"2025-04-10T09:18:21","guid":{"rendered":"https:\/\/www.miamedic.lt\/?post_type=product&#038;p=5141"},"modified":"2025-12-01T10:06:04","modified_gmt":"2025-12-01T10:06:04","slug":"daily-sheer-spf-50","status":"publish","type":"product","link":"https:\/\/miamedic.lt\/en\/shop\/daily-sheer-spf-50\/","title":{"rendered":"Daily Sheer SPF 50"},"content":{"rendered":"<p class=\"\" data-start=\"0\" data-end=\"113\"><strong data-start=\"0\" data-end=\"52\">ZO Skin Health Daily Sheer Broad-Spectrum SPF 50<\/strong> \u2013 <strong data-start=\"55\" data-end=\"113\">vandeniui atspari apsauga nuo saul\u0117s su matiniu efektu<\/strong><\/p>\n<p class=\"\" data-start=\"115\" data-end=\"533\"><strong data-start=\"115\" data-end=\"132\">Apib\u016bdinimas:<\/strong><br data-start=\"132\" data-end=\"135\" \/>ZO Skin Health Daily Sheer Broad-Spectrum SPF 50 \u2013 tai itin veiksminga, vandeniui ir prakaitui atspari apsauga nuo saul\u0117s, skirta kasdieniam naudojimui. Formul\u0117 u\u017etikrina plataus spektro apsaug\u0105 nuo UVA, UVB ir m\u0117lynosios \u0161viesos, tuo pa\u010diu suteikdama odai matin\u012f atspalv\u012f ir komfort\u0105. Sud\u0117tyje esantys antioksidantai apsaugo nuo oksidacinio streso, o dr\u0117kinantys komponentai stiprina odos barjer\u0105.<\/p>\n<p class=\"\" data-start=\"535\" data-end=\"548\"><strong data-start=\"535\" data-end=\"548\">Effect:<\/strong><\/p>\n<ul data-start=\"550\" data-end=\"848\">\n<li class=\"\" data-start=\"550\" data-end=\"611\">\n<p class=\"\" data-start=\"552\" data-end=\"611\">Plataus spektro apsauga nuo UVA, UVB ir m\u0117lynosios \u0161viesos.<\/p>\n<\/li>\n<li class=\"\" data-start=\"612\" data-end=\"661\">\n<p class=\"\" data-start=\"614\" data-end=\"661\">Atsparus vandeniui ir prakaitui iki 80 minu\u010di\u0173.<\/p>\n<\/li>\n<li class=\"\" data-start=\"662\" data-end=\"705\">\n<p class=\"\" data-start=\"664\" data-end=\"705\">Greitai \u012fsigeria, suteikia matin\u012f efekt\u0105.<\/p>\n<\/li>\n<li class=\"\" data-start=\"706\" data-end=\"760\">\n<p class=\"\" data-start=\"708\" data-end=\"760\">Apsaugo nuo laisv\u0173j\u0173 radikal\u0173 ir oksidacinio streso.<\/p>\n<\/li>\n<li class=\"\" data-start=\"761\" data-end=\"814\">\n<p class=\"\" data-start=\"763\" data-end=\"814\">Praturtina odos barjer\u0105 ir palaiko dr\u0117gm\u0117s balans\u0105.<\/p>\n<\/li>\n<li class=\"\" data-start=\"815\" data-end=\"848\">\n<p class=\"\" data-start=\"817\" data-end=\"848\">Ramina ir saugo sudirgusi\u0105 od\u0105.<\/p>\n<\/li>\n<\/ul>\n<p class=\"\" data-start=\"850\" data-end=\"1017\"><strong data-start=\"850\" data-end=\"865\">Usage:<\/strong><br data-start=\"865\" data-end=\"868\" \/>Tepkite 15 minu\u010di\u0173 prie\u0161 buvim\u0105 saul\u0117je. Pakartotinai naudokite kas 2 valandas. Maudantis ar aktyviai judant \u2013 pakartotinai naudokite kas 80 minu\u010di\u0173.<\/p>","protected":false},"excerpt":{"rendered":"<p>Vandeniui atspari apsauga nuo saul\u0117s<\/p>\n<p><strong>Zo Skin Health products can only be purchased after a consultation.<\/strong><\/p>","protected":false},"featured_media":5142,"comment_status":"open","ping_status":"closed","template":"","meta":[],"product_cat":[153,129],"product_tag":[],"class_list":{"0":"post-5141","1":"product","2":"type-product","3":"status-publish","4":"has-post-thumbnail","6":"product_cat-spf-veido-prieziura","7":"product_cat-veido-kremai","8":"pa_brands-zo-skin-health","9":"pa_talpa-45ml","11":"first","12":"instock","13":"taxable","14":"shipping-taxable","15":"product-type-external"},"_links":{"self":[{"href":"https:\/\/miamedic.lt\/en\/wp-json\/wp\/v2\/product\/5141","targetHints":{"allow":["GET"]}}],"collection":[{"href":"https:\/\/miamedic.lt\/en\/wp-json\/wp\/v2\/product"}],"about":[{"href":"https:\/\/miamedic.lt\/en\/wp-json\/wp\/v2\/types\/product"}],"replies":[{"embeddable":true,"href":"https:\/\/miamedic.lt\/en\/wp-json\/wp\/v2\/comments?post=5141"}],"version-history":[{"count":2,"href":"https:\/\/miamedic.lt\/en\/wp-json\/wp\/v2\/product\/5141\/revisions"}],"predecessor-version":[{"id":12545,"href":"https:\/\/miamedic.lt\/en\/wp-json\/wp\/v2\/product\/5141\/revisions\/12545"}],"wp:featuredmedia":[{"embeddable":true,"href":"https:\/\/miamedic.lt\/en\/wp-json\/wp\/v2\/media\/5142"}],"wp:attachment":[{"href":"https:\/\/miamedic.lt\/en\/wp-json\/wp\/v2\/media?parent=5141"}],"wp:term":[{"taxonomy":"product_cat","embeddable":true,"href":"https:\/\/miamedic.lt\/en\/wp-json\/wp\/v2\/product_cat?post=5141"},{"taxonomy":"product_tag","embeddable":true,"href":"https:\/\/miamedic.lt\/en\/wp-json\/wp\/v2\/product_tag?post=5141"}],"curies":[{"name":"wp","href":"https:\/\/api.w.org\/{rel}","templated":true}]}}