{"id":5133,"date":"2025-04-10T09:07:20","date_gmt":"2025-04-10T09:07:20","guid":{"rendered":"https:\/\/www.miamedic.lt\/?post_type=product&#038;p=5133"},"modified":"2025-12-01T10:06:27","modified_gmt":"2025-12-01T10:06:27","slug":"sunscreenpowder-spf-30","status":"publish","type":"product","link":"https:\/\/miamedic.lt\/en\/shop\/sunscreenpowder-spf-30\/","title":{"rendered":"Sunscreen+Powder SPF 30"},"content":{"rendered":"<p class=\"translation-block\" data-start=\"0\" data-end=\"94\"><strong data-start=\"0\" data-end=\"44\">ZO Skin Health Sunscreen + Powder SPF 30<\/strong> \u2013 sunscreen and broad-spectrum protection powder.<\/p>\n<p class=\"translation-block\" data-start=\"96\" data-end=\"476\"><strong data-start=\"96\" data-end=\"113\">Description:<\/strong>\nZO Skin Health Sunscreen + Powder SPF 30 \u2013 a versatile, easy-to-use mineral powder with SPF 30 that provides protection from harmful UVA and UVB rays. The formula with light-reflecting minerals absorbs oil, reduces skin shine, and gives a natural glow. It can be used alone as a foundation or over makeup throughout the day.<\/p>\n<p class=\"\" data-start=\"478\" data-end=\"491\"><strong data-start=\"478\" data-end=\"491\">Effect:<\/strong><\/p>\n<ul data-start=\"493\" data-end=\"839\">\n<li class=\"\" data-start=\"493\" data-end=\"553\">\n<p class=\"\" data-start=\"495\" data-end=\"553\">Provides broad-spectrum protection against UVA and UVB rays.<\/p>\n<\/li>\n<li class=\"\" data-start=\"554\" data-end=\"593\">\n<p class=\"\" data-start=\"556\" data-end=\"593\">Ma\u017eina riebal\u0173 pertekli\u0173 ir blizges\u012f.<\/p>\n<\/li>\n<li class=\"\" data-start=\"594\" data-end=\"669\">\n<p class=\"\" data-start=\"596\" data-end=\"669\">Suteikia \u0161vyt\u0117jimo efekt\u0105 d\u0117l mineral\u0173 su spalva ir \u0161viesos atspind\u017eiais.<\/p>\n<\/li>\n<li class=\"\" data-start=\"670\" data-end=\"727\">\n<p class=\"\" data-start=\"672\" data-end=\"727\">Galima naudoti kaip makia\u017eo pagrind\u0105 arba vir\u0161 makia\u017eo.<\/p>\n<\/li>\n<li class=\"\" data-start=\"728\" data-end=\"776\">\n<p class=\"\" data-start=\"730\" data-end=\"776\">Tinka naudoti visos dienos metu pagal poreik\u012f.<\/p>\n<\/li>\n<li class=\"\" data-start=\"777\" data-end=\"839\">\n<p class=\"\" data-start=\"779\" data-end=\"839\">Patogus ir greitas naudojimas, trij\u0173 atspalvi\u0173 pasirinkimas.<\/p>\n<\/li>\n<\/ul>\n<p class=\"\" data-start=\"841\" data-end=\"1108\"><strong data-start=\"841\" data-end=\"856\">Usage:<\/strong><br data-start=\"856\" data-end=\"859\" \/>Tepkite 15 minu\u010di\u0173 prie\u0161 buvim\u0105 saul\u0117je. Naudokite pakartotinai kas 2 valandas. Jei maudot\u0117s ar prakaituojate \u2013 naudokite vandeniui atspari\u0105 apsaug\u0105.<br data-start=\"1008\" data-end=\"1011\" \/>Nenaudokite \u0161alia aki\u0173, pa\u017eeistoje ar sudirgintoje odoje. Laikyti vaikams nepasiekiamoje vietoje.<\/p>","protected":false},"excerpt":{"rendered":"<p>Sun protection<\/p>\n<p><strong>Zo Skin Health products can only be purchased after a consultation.<\/strong><\/p>","protected":false},"featured_media":5134,"comment_status":"open","ping_status":"closed","template":"","meta":[],"product_cat":[153],"product_tag":[],"class_list":{"0":"post-5133","1":"product","2":"type-product","3":"status-publish","4":"has-post-thumbnail","6":"product_cat-spf-veido-prieziura","7":"pa_brands-zo-skin-health","8":"pa_talpa-3g","10":"first","11":"instock","12":"taxable","13":"shipping-taxable","14":"product-type-external"},"_links":{"self":[{"href":"https:\/\/miamedic.lt\/en\/wp-json\/wp\/v2\/product\/5133","targetHints":{"allow":["GET"]}}],"collection":[{"href":"https:\/\/miamedic.lt\/en\/wp-json\/wp\/v2\/product"}],"about":[{"href":"https:\/\/miamedic.lt\/en\/wp-json\/wp\/v2\/types\/product"}],"replies":[{"embeddable":true,"href":"https:\/\/miamedic.lt\/en\/wp-json\/wp\/v2\/comments?post=5133"}],"version-history":[{"count":2,"href":"https:\/\/miamedic.lt\/en\/wp-json\/wp\/v2\/product\/5133\/revisions"}],"predecessor-version":[{"id":12546,"href":"https:\/\/miamedic.lt\/en\/wp-json\/wp\/v2\/product\/5133\/revisions\/12546"}],"wp:featuredmedia":[{"embeddable":true,"href":"https:\/\/miamedic.lt\/en\/wp-json\/wp\/v2\/media\/5134"}],"wp:attachment":[{"href":"https:\/\/miamedic.lt\/en\/wp-json\/wp\/v2\/media?parent=5133"}],"wp:term":[{"taxonomy":"product_cat","embeddable":true,"href":"https:\/\/miamedic.lt\/en\/wp-json\/wp\/v2\/product_cat?post=5133"},{"taxonomy":"product_tag","embeddable":true,"href":"https:\/\/miamedic.lt\/en\/wp-json\/wp\/v2\/product_tag?post=5133"}],"curies":[{"name":"wp","href":"https:\/\/api.w.org\/{rel}","templated":true}]}}