{"id":5129,"date":"2025-04-10T09:01:06","date_gmt":"2025-04-10T09:01:06","guid":{"rendered":"https:\/\/www.miamedic.lt\/?post_type=product&#038;p=5129"},"modified":"2025-12-01T10:06:33","modified_gmt":"2025-12-01T10:06:33","slug":"brightalive","status":"publish","type":"product","link":"https:\/\/miamedic.lt\/en\/shop\/brightalive\/","title":{"rendered":"Brightalive"},"content":{"rendered":"<p class=\"\" data-start=\"0\" data-end=\"84\"><strong data-start=\"0\" data-end=\"30\">ZO Skin Health Brightalive<\/strong> \u2013 <strong data-start=\"33\" data-end=\"84\">\u0161viesinanti emulsija pigmentacijai be retinolio<\/strong><\/p>\n<p class=\"\" data-start=\"86\" data-end=\"516\"><strong data-start=\"86\" data-end=\"103\">Apib\u016bdinimas:<\/strong><br data-start=\"103\" data-end=\"106\" \/>ZO Skin Health Brightalive \u2013 tai \u0161velni, bet veiksminga emulsija skirta pigmentini\u0173 d\u0117mi\u0173 ma\u017einimui be retinolio. Ji padeda suma\u017einti d\u0117mi\u0173 intensyvum\u0105 ir dyd\u012f, tolygina odos ton\u0105 bei suteikia nat\u016bral\u0173 skaistum\u0105 ir \u0161vyt\u0117jim\u0105. Formul\u0117 papildyta dr\u0117kinamosiomis med\u017eiagomis, kurios padeda i\u0161laikyti optimal\u0173 odos dr\u0117gm\u0117s lyg\u012f. Priemon\u0117 greitai \u012fsigeria ir puikiai tinka kasdieniam naudojimui visiems odos tipams.<\/p>\n<p class=\"\" data-start=\"518\" data-end=\"531\"><strong data-start=\"518\" data-end=\"531\">Effect:<\/strong><\/p>\n<ul data-start=\"533\" data-end=\"740\">\n<li class=\"\" data-start=\"533\" data-end=\"580\">\n<p class=\"\" data-start=\"535\" data-end=\"580\">Ma\u017eina pigmentini\u0173 d\u0117mi\u0173 intensyvum\u0105 ir dyd\u012f.<\/p>\n<\/li>\n<li class=\"\" data-start=\"581\" data-end=\"612\">\n<p class=\"\" data-start=\"583\" data-end=\"612\">Lygina odos atspalv\u012f ir ton\u0105.<\/p>\n<\/li>\n<li class=\"\" data-start=\"613\" data-end=\"652\">\n<p class=\"\" data-start=\"615\" data-end=\"652\">Suteikia odai \u0161vyt\u0117jimo ir skaistumo.<\/p>\n<\/li>\n<li class=\"\" data-start=\"653\" data-end=\"698\">\n<p class=\"\" data-start=\"655\" data-end=\"698\">Dr\u0117kina od\u0105 ir palaiko jos dr\u0117gm\u0117s balans\u0105.<\/p>\n<\/li>\n<li class=\"\" data-start=\"699\" data-end=\"740\">\n<p class=\"\" data-start=\"701\" data-end=\"740\">\u0160velni formul\u0117, tinkanti jautriai odai.<\/p>\n<\/li>\n<\/ul>\n<p class=\"\" data-start=\"742\" data-end=\"827\"><strong data-start=\"742\" data-end=\"757\">Usage:<\/strong><br data-start=\"757\" data-end=\"760\" \/>Po prausimosi ryte ir\/ar vakare tepkite ant \u0161varios ir sausos odos.<\/p>","protected":false},"excerpt":{"rendered":"<p>\u0160viesinanti emulsija pigmentacijai<\/p>\n<p><strong>Zo Skin Health products can only be purchased after a consultation.<\/strong><\/p>","protected":false},"featured_media":5130,"comment_status":"open","ping_status":"closed","template":"","meta":[],"product_cat":[107,129],"product_tag":[],"class_list":{"0":"post-5129","1":"product","2":"type-product","3":"status-publish","4":"has-post-thumbnail","6":"product_cat-serumai","7":"product_cat-veido-kremai","8":"pa_brands-zo-skin-health","9":"pa_talpa-50ml-2","11":"first","12":"instock","13":"taxable","14":"shipping-taxable","15":"product-type-external"},"_links":{"self":[{"href":"https:\/\/miamedic.lt\/en\/wp-json\/wp\/v2\/product\/5129","targetHints":{"allow":["GET"]}}],"collection":[{"href":"https:\/\/miamedic.lt\/en\/wp-json\/wp\/v2\/product"}],"about":[{"href":"https:\/\/miamedic.lt\/en\/wp-json\/wp\/v2\/types\/product"}],"replies":[{"embeddable":true,"href":"https:\/\/miamedic.lt\/en\/wp-json\/wp\/v2\/comments?post=5129"}],"version-history":[{"count":3,"href":"https:\/\/miamedic.lt\/en\/wp-json\/wp\/v2\/product\/5129\/revisions"}],"predecessor-version":[{"id":12547,"href":"https:\/\/miamedic.lt\/en\/wp-json\/wp\/v2\/product\/5129\/revisions\/12547"}],"wp:featuredmedia":[{"embeddable":true,"href":"https:\/\/miamedic.lt\/en\/wp-json\/wp\/v2\/media\/5130"}],"wp:attachment":[{"href":"https:\/\/miamedic.lt\/en\/wp-json\/wp\/v2\/media?parent=5129"}],"wp:term":[{"taxonomy":"product_cat","embeddable":true,"href":"https:\/\/miamedic.lt\/en\/wp-json\/wp\/v2\/product_cat?post=5129"},{"taxonomy":"product_tag","embeddable":true,"href":"https:\/\/miamedic.lt\/en\/wp-json\/wp\/v2\/product_tag?post=5129"}],"curies":[{"name":"wp","href":"https:\/\/api.w.org\/{rel}","templated":true}]}}