{"id":5126,"date":"2025-04-10T08:56:22","date_gmt":"2025-04-10T08:56:22","guid":{"rendered":"https:\/\/www.miamedic.lt\/?post_type=product&#038;p=5126"},"modified":"2025-12-01T10:06:51","modified_gmt":"2025-12-01T10:06:51","slug":"instant-pore-refiner","status":"publish","type":"product","link":"https:\/\/miamedic.lt\/en\/shop\/instant-pore-refiner\/","title":{"rendered":"Instant Pore Refiner"},"content":{"rendered":"<p class=\"\" data-start=\"0\" data-end=\"70\"><strong data-start=\"0\" data-end=\"39\">ZO Skin Health Instant Pore Refiner<\/strong> \u2013 <strong data-start=\"42\" data-end=\"70\">poras ma\u017einantis serumas<\/strong><\/p>\n<p class=\"\" data-start=\"72\" data-end=\"469\"><strong data-start=\"72\" data-end=\"89\">Apib\u016bdinimas:<\/strong><br data-start=\"89\" data-end=\"92\" \/>ZO Skin Health Instant Pore Refiner \u2013 tai lengvas, veiksmingas serumas, skirtas por\u0173 ma\u017einimui ir riebios odos balansavimui. Jis atstato sveik\u0105 sebumo pusiausvyr\u0105, ma\u017eina pavir\u0161in\u012f riebal\u0173 kiek\u012f ir blizges\u012f, tuo pa\u010diu akimirksniu suteikdamas odai matin\u012f atspalv\u012f. Reguliariai naudojant, serumas efektyviai lygina odos tekst\u016br\u0105, valo poras ir neleid\u017eia joms u\u017esikim\u0161ti ateityje.<\/p>\n<p class=\"\" data-start=\"471\" data-end=\"484\"><strong data-start=\"471\" data-end=\"484\">Effect:<\/strong><\/p>\n<ul data-start=\"486\" data-end=\"744\">\n<li class=\"\" data-start=\"486\" data-end=\"535\">\n<p class=\"\" data-start=\"488\" data-end=\"535\">Ma\u017eina pavir\u0161in\u012f sebumo kiek\u012f ir odos blizges\u012f.<\/p>\n<\/li>\n<li class=\"\" data-start=\"536\" data-end=\"570\">\n<p class=\"\" data-start=\"538\" data-end=\"570\">Staigiai suteikia matin\u012f efekt\u0105.<\/p>\n<\/li>\n<li class=\"\" data-start=\"571\" data-end=\"598\">\n<p class=\"\" data-start=\"573\" data-end=\"598\">Siaurina ir i\u0161valo poras.<\/p>\n<\/li>\n<li class=\"\" data-start=\"599\" data-end=\"622\">\n<p class=\"\" data-start=\"601\" data-end=\"622\">Lygina odos tekst\u016br\u0105.<\/p>\n<\/li>\n<li class=\"\" data-start=\"623\" data-end=\"669\">\n<p class=\"\" data-start=\"625\" data-end=\"669\">Pa\u0161alina negyvas odos l\u0105steles aplink poras.<\/p>\n<\/li>\n<li class=\"\" data-start=\"670\" data-end=\"744\">\n<p class=\"\" data-start=\"672\" data-end=\"744\">Stiprina odos barjer\u0105, ma\u017eina u\u017edegim\u0105 ir apsaugo nuo laisv\u0173j\u0173 radikal\u0173.<\/p>\n<\/li>\n<\/ul>\n<p class=\"\" data-start=\"746\" data-end=\"846\"><strong data-start=\"746\" data-end=\"761\">Usage:<\/strong><br data-start=\"761\" data-end=\"764\" \/>Po prausimosi ryte ir\/ar vakare tepkite nedidel\u012f kiek\u012f ant \u0161varios ir sausos odos.<\/p>","protected":false},"excerpt":{"rendered":"<p>Poras ma\u017einantis serumas<\/p>\n<p><strong>Zo Skin Health products can only be purchased after a consultation.<\/strong><\/p>","protected":false},"featured_media":5127,"comment_status":"open","ping_status":"closed","template":"","meta":[],"product_cat":[107],"product_tag":[],"class_list":{"0":"post-5126","1":"product","2":"type-product","3":"status-publish","4":"has-post-thumbnail","6":"product_cat-serumai","7":"pa_brands-zo-skin-health","8":"pa_talpa-29g","10":"first","11":"instock","12":"taxable","13":"shipping-taxable","14":"product-type-external"},"_links":{"self":[{"href":"https:\/\/miamedic.lt\/en\/wp-json\/wp\/v2\/product\/5126","targetHints":{"allow":["GET"]}}],"collection":[{"href":"https:\/\/miamedic.lt\/en\/wp-json\/wp\/v2\/product"}],"about":[{"href":"https:\/\/miamedic.lt\/en\/wp-json\/wp\/v2\/types\/product"}],"replies":[{"embeddable":true,"href":"https:\/\/miamedic.lt\/en\/wp-json\/wp\/v2\/comments?post=5126"}],"version-history":[{"count":3,"href":"https:\/\/miamedic.lt\/en\/wp-json\/wp\/v2\/product\/5126\/revisions"}],"predecessor-version":[{"id":12549,"href":"https:\/\/miamedic.lt\/en\/wp-json\/wp\/v2\/product\/5126\/revisions\/12549"}],"wp:featuredmedia":[{"embeddable":true,"href":"https:\/\/miamedic.lt\/en\/wp-json\/wp\/v2\/media\/5127"}],"wp:attachment":[{"href":"https:\/\/miamedic.lt\/en\/wp-json\/wp\/v2\/media?parent=5126"}],"wp:term":[{"taxonomy":"product_cat","embeddable":true,"href":"https:\/\/miamedic.lt\/en\/wp-json\/wp\/v2\/product_cat?post=5126"},{"taxonomy":"product_tag","embeddable":true,"href":"https:\/\/miamedic.lt\/en\/wp-json\/wp\/v2\/product_tag?post=5126"}],"curies":[{"name":"wp","href":"https:\/\/api.w.org\/{rel}","templated":true}]}}