{"id":5123,"date":"2025-04-10T08:51:51","date_gmt":"2025-04-10T08:51:51","guid":{"rendered":"https:\/\/www.miamedic.lt\/?post_type=product&#038;p=5123"},"modified":"2025-12-01T10:06:58","modified_gmt":"2025-12-01T10:06:58","slug":"eye-brightening-creme","status":"publish","type":"product","link":"https:\/\/miamedic.lt\/en\/shop\/eye-brightening-creme\/","title":{"rendered":"Eye Brightening Cr\u00e8me"},"content":{"rendered":"<p class=\"\" data-start=\"0\" data-end=\"94\"><strong data-start=\"0\" data-end=\"40\">ZO Skin Health Eye Brightening Cr\u00e8me<\/strong> \u2013 <strong data-start=\"43\" data-end=\"94\">\u0161viesinantis prie\u0161rauk\u0161linis kremas paaki\u0173 odai<\/strong><\/p>\n<p class=\"\" data-start=\"96\" data-end=\"556\"><strong data-start=\"96\" data-end=\"113\">Apib\u016bdinimas:<\/strong><br data-start=\"113\" data-end=\"116\" \/>ZO Skin Health Eye Brightening Cr\u00e8me \u2013 tai specialiai paaki\u0173 sri\u010diai sukurtas kremas, kuris \u0161viesina, stangrina ir atgaivina jautri\u0105 aplink akis esan\u010di\u0105 od\u0105. \u0160is kremas padeda suma\u017einti smulkias linijas, rauk\u0161leles, paburkim\u0105 ir tamsius ratilus, kartu gerindamas odos tekst\u016br\u0105 ir elastingum\u0105. Sud\u0117tyje esantys dr\u0117kinamieji komponentai palaiko optimal\u0173 odos dr\u0117gm\u0117s lyg\u012f, o antioksidantai apsaugo nuo \u017ealing\u0173 aplinkos veiksni\u0173 ir ramina od\u0105.<\/p>\n<p class=\"\" data-start=\"558\" data-end=\"571\"><strong data-start=\"558\" data-end=\"571\">Effect:<\/strong><\/p>\n<ul data-start=\"573\" data-end=\"792\">\n<li class=\"\" data-start=\"573\" data-end=\"628\">\n<p class=\"\" data-start=\"575\" data-end=\"628\">Ma\u017eina smulkias rauk\u0161leles ir pagerina odos tekst\u016br\u0105.<\/p>\n<\/li>\n<li class=\"\" data-start=\"629\" data-end=\"663\">\n<p class=\"\" data-start=\"631\" data-end=\"663\">Didina elastingum\u0105 ir stangrum\u0105.<\/p>\n<\/li>\n<li class=\"\" data-start=\"664\" data-end=\"714\">\n<p class=\"\" data-start=\"666\" data-end=\"714\">Ma\u017eina paburkim\u0105 ir tamsius ratilus aplink akis.<\/p>\n<\/li>\n<li class=\"\" data-start=\"715\" data-end=\"749\">\n<p class=\"\" data-start=\"717\" data-end=\"749\">Dr\u0117kina ir i\u0161laiko dr\u0117gm\u0119 odoje.<\/p>\n<\/li>\n<li class=\"\" data-start=\"750\" data-end=\"792\">\n<p class=\"\" data-start=\"752\" data-end=\"792\">Ramina ir apsaugo nuo laisv\u0173j\u0173 radikal\u0173.<\/p>\n<\/li>\n<\/ul>\n<p class=\"\" data-start=\"794\" data-end=\"949\"><strong data-start=\"794\" data-end=\"809\">Usage:<\/strong><br data-start=\"809\" data-end=\"812\" \/>Ryte ir vakare po prausimosi nedidel\u012f kiek\u012f kremo tepkite ant paaki\u0173 odos ir palei antakio kaul\u0105, vengiant akies vok\u0173. Leiskite \u012fsigerti.<\/p>","protected":false},"excerpt":{"rendered":"<p>\u0160viesinantis paaki\u0173 kremas<\/p>\n<p><strong>Zo Skin Health products can only be purchased after a consultation.<\/strong><\/p>","protected":false},"featured_media":5124,"comment_status":"open","ping_status":"closed","template":"","meta":[],"product_cat":[83],"product_tag":[],"class_list":{"0":"post-5123","1":"product","2":"type-product","3":"status-publish","4":"has-post-thumbnail","6":"product_cat-paakiu-kremai","7":"pa_brands-zo-skin-health","8":"pa_talpa-15ml","10":"first","11":"instock","12":"taxable","13":"shipping-taxable","14":"product-type-external"},"_links":{"self":[{"href":"https:\/\/miamedic.lt\/en\/wp-json\/wp\/v2\/product\/5123","targetHints":{"allow":["GET"]}}],"collection":[{"href":"https:\/\/miamedic.lt\/en\/wp-json\/wp\/v2\/product"}],"about":[{"href":"https:\/\/miamedic.lt\/en\/wp-json\/wp\/v2\/types\/product"}],"replies":[{"embeddable":true,"href":"https:\/\/miamedic.lt\/en\/wp-json\/wp\/v2\/comments?post=5123"}],"version-history":[{"count":2,"href":"https:\/\/miamedic.lt\/en\/wp-json\/wp\/v2\/product\/5123\/revisions"}],"predecessor-version":[{"id":6389,"href":"https:\/\/miamedic.lt\/en\/wp-json\/wp\/v2\/product\/5123\/revisions\/6389"}],"wp:featuredmedia":[{"embeddable":true,"href":"https:\/\/miamedic.lt\/en\/wp-json\/wp\/v2\/media\/5124"}],"wp:attachment":[{"href":"https:\/\/miamedic.lt\/en\/wp-json\/wp\/v2\/media?parent=5123"}],"wp:term":[{"taxonomy":"product_cat","embeddable":true,"href":"https:\/\/miamedic.lt\/en\/wp-json\/wp\/v2\/product_cat?post=5123"},{"taxonomy":"product_tag","embeddable":true,"href":"https:\/\/miamedic.lt\/en\/wp-json\/wp\/v2\/product_tag?post=5123"}],"curies":[{"name":"wp","href":"https:\/\/api.w.org\/{rel}","templated":true}]}}