{"id":5120,"date":"2025-04-10T08:47:53","date_gmt":"2025-04-10T08:47:53","guid":{"rendered":"https:\/\/www.miamedic.lt\/?post_type=product&#038;p=5120"},"modified":"2025-12-01T10:07:04","modified_gmt":"2025-12-01T10:07:04","slug":"smart-tone-spf-50","status":"publish","type":"product","link":"https:\/\/miamedic.lt\/en\/shop\/smart-tone-spf-50\/","title":{"rendered":"Smart Tone SPF 50"},"content":{"rendered":"<p class=\"\" data-start=\"0\" data-end=\"96\"><strong data-start=\"0\" data-end=\"51\">ZO Skin Health Smart Tone Broad-Spectrum SPF 50<\/strong> \u2013 <strong data-start=\"54\" data-end=\"96\">apsauga nuo saul\u0117s su adaptyvia spalva<\/strong><\/p>\n<p class=\"\" data-start=\"98\" data-end=\"553\"><strong data-start=\"98\" data-end=\"115\">Apib\u016bdinimas:<\/strong><br data-start=\"115\" data-end=\"118\" \/>ZO Skin Health Smart Tone Broad-Spectrum SPF 50 \u2013 tai pa\u017eangi, prisitaikanti apsauga nuo saul\u0117s, kuri d\u0117l adaptyvi\u0173 mikrogranuli\u0173 idealiai prisiderina prie bet kokios odos spalvos. \u0160i plataus spektro priemon\u0117 veiksmingai saugo nuo UVA, UVB, IR-A spinduli\u0173 ir m\u0117lynosios \u0161viesos, kartu stiprindama odos apsaugin\u012f barjer\u0105 ir palaikydama dr\u0117gm\u0117s balans\u0105. Tinka kasdieniam naudojimui visiems odos tipams, ypa\u010d tiems, kurie link\u0119 \u012f raudon\u012f.<\/p>\n<p class=\"\" data-start=\"555\" data-end=\"568\"><strong data-start=\"555\" data-end=\"568\">Effect:<\/strong><\/p>\n<ul data-start=\"570\" data-end=\"854\">\n<li class=\"\" data-start=\"570\" data-end=\"636\">\n<p class=\"\" data-start=\"572\" data-end=\"636\">Ypa\u010d efektyvi apsauga nuo UVA + UVB, IR-A ir m\u0117lynosios \u0161viesos.<\/p>\n<\/li>\n<li class=\"\" data-start=\"637\" data-end=\"716\">\n<p class=\"\" data-start=\"639\" data-end=\"716\">Prisitaiko prie bet kokio odos tono \u2013 suteikia nat\u016brali\u0105 ir tolygi\u0105 i\u0161vaizd\u0105.<\/p>\n<\/li>\n<li class=\"\" data-start=\"717\" data-end=\"771\">\n<p class=\"\" data-start=\"719\" data-end=\"771\">Apsaugo nuo laisv\u0173j\u0173 radikal\u0173 ir oksidacinio streso.<\/p>\n<\/li>\n<li class=\"\" data-start=\"772\" data-end=\"811\">\n<p class=\"\" data-start=\"774\" data-end=\"811\">Padeda suma\u017einti raudonio prover\u017eius.<\/p>\n<\/li>\n<li class=\"\" data-start=\"812\" data-end=\"854\">\n<p class=\"\" data-start=\"814\" data-end=\"854\">Stiprina odos barjer\u0105 ir atstato dr\u0117gm\u0119.<\/p>\n<\/li>\n<\/ul>\n<p class=\"\" data-start=\"856\" data-end=\"1040\"><strong data-start=\"856\" data-end=\"871\">Usage:<\/strong><br data-start=\"871\" data-end=\"874\" \/>Tepkite 15 minu\u010di\u0173 prie\u0161 buvim\u0105 saul\u0117je. Optimaliai naudokite kas 2 valandas. Prakaituojant ar maudantis rekomenduojama naudoti vandeniui atspari\u0105 apsaug\u0105 nuo saul\u0117s.<\/p>","protected":false},"excerpt":{"rendered":"<p>Apsauga nuo saul\u0117s su adaptyvia spalva<\/p>\n<p><strong>Zo Skin Health products can only be purchased after a consultation.<\/strong><\/p>","protected":false},"featured_media":5121,"comment_status":"open","ping_status":"closed","template":"","meta":[],"product_cat":[153],"product_tag":[],"class_list":{"0":"post-5120","1":"product","2":"type-product","3":"status-publish","4":"has-post-thumbnail","6":"product_cat-spf-veido-prieziura","7":"pa_brands-zo-skin-health","8":"pa_talpa-45ml","10":"first","11":"instock","12":"taxable","13":"shipping-taxable","14":"product-type-external"},"_links":{"self":[{"href":"https:\/\/miamedic.lt\/en\/wp-json\/wp\/v2\/product\/5120","targetHints":{"allow":["GET"]}}],"collection":[{"href":"https:\/\/miamedic.lt\/en\/wp-json\/wp\/v2\/product"}],"about":[{"href":"https:\/\/miamedic.lt\/en\/wp-json\/wp\/v2\/types\/product"}],"replies":[{"embeddable":true,"href":"https:\/\/miamedic.lt\/en\/wp-json\/wp\/v2\/comments?post=5120"}],"version-history":[{"count":2,"href":"https:\/\/miamedic.lt\/en\/wp-json\/wp\/v2\/product\/5120\/revisions"}],"predecessor-version":[{"id":12550,"href":"https:\/\/miamedic.lt\/en\/wp-json\/wp\/v2\/product\/5120\/revisions\/12550"}],"wp:featuredmedia":[{"embeddable":true,"href":"https:\/\/miamedic.lt\/en\/wp-json\/wp\/v2\/media\/5121"}],"wp:attachment":[{"href":"https:\/\/miamedic.lt\/en\/wp-json\/wp\/v2\/media?parent=5120"}],"wp:term":[{"taxonomy":"product_cat","embeddable":true,"href":"https:\/\/miamedic.lt\/en\/wp-json\/wp\/v2\/product_cat?post=5120"},{"taxonomy":"product_tag","embeddable":true,"href":"https:\/\/miamedic.lt\/en\/wp-json\/wp\/v2\/product_tag?post=5120"}],"curies":[{"name":"wp","href":"https:\/\/api.w.org\/{rel}","templated":true}]}}