{"id":5117,"date":"2025-04-10T08:38:23","date_gmt":"2025-04-10T08:38:23","guid":{"rendered":"https:\/\/www.miamedic.lt\/?post_type=product&#038;p=5117"},"modified":"2025-12-01T10:07:22","modified_gmt":"2025-12-01T10:07:22","slug":"sheer-fluid-sunscreen-spf-50","status":"publish","type":"product","link":"https:\/\/miamedic.lt\/en\/shop\/sheer-fluid-sunscreen-spf-50\/","title":{"rendered":"Sheer Fluid Sunscreen SPF 50"},"content":{"rendered":"<p class=\"\" data-start=\"0\" data-end=\"161\"><strong data-start=\"0\" data-end=\"62\">ZO Skin Health Sheer Fluid Broad-Spectrum Sunscreen SPF 50<\/strong> \u2013 <strong data-start=\"65\" data-end=\"161\">mineralin\u0117, besvor\u0117 ir permatoma apsauga nuo saul\u0117s nat\u016braliai i\u0161vaizdai visiems odos tipams<\/strong><\/p>\n<p class=\"\" data-start=\"163\" data-end=\"721\"><strong data-start=\"163\" data-end=\"180\">Apib\u016bdinimas:<\/strong><br data-start=\"180\" data-end=\"183\" \/>ZO Skin Health Sheer Fluid Broad-Spectrum Sunscreen SPF 50 \u2013 tai kasdieniam naudojimui skirta, skysta ir lengva mineralin\u0117 apsauga nuo saul\u0117s, kuri tinka vis\u0173 tip\u0173 odai. D\u0117l pa\u017eangios ZO trigubo spektro apsaugos technologijos, produktas veiksmingai saugo od\u0105 nuo UVA ir UVB spinduli\u0173, IR-A bei m\u0117lynosios \u0161viesos. Inovatyvi pigmento technologija u\u017etikrina, kad net 22\u202f% cinko oksido formul\u0117 i\u0161likt\u0173 permatoma ir nesuteikt\u0173 baltumo efekto. Su ZOX12\u00ae antioksidaciniu kompleksu, \u0161is kremas saugo od\u0105 nuo \u017ealing\u0173 aplinkos veiksni\u0173 vis\u0105 dien\u0105.<\/p>\n<p class=\"\" data-start=\"723\" data-end=\"736\"><strong data-start=\"723\" data-end=\"736\">Effect:<\/strong><\/p>\n<ul data-start=\"738\" data-end=\"1178\">\n<li class=\"\" data-start=\"738\" data-end=\"816\">\n<p class=\"\" data-start=\"740\" data-end=\"816\">Trigubo spektro apsauga nuo UVA + UVB, IR-A spinduli\u0173 ir m\u0117lynosios \u0161viesos.<\/p>\n<\/li>\n<li class=\"\" data-start=\"817\" data-end=\"893\">\n<p class=\"\" data-start=\"819\" data-end=\"893\">22\u202f% cinko oksido formul\u0117 u\u017etikrina nat\u016brali\u0105 i\u0161vaizd\u0105 be balto atspalvio.<\/p>\n<\/li>\n<li class=\"\" data-start=\"894\" data-end=\"977\">\n<p class=\"\" data-start=\"896\" data-end=\"977\">Lengva, skysta tekst\u016bra nesijau\u010dia ant odos, puikiai tinka kasdieniam naudojimui.<\/p>\n<\/li>\n<li class=\"\" data-start=\"978\" data-end=\"1086\">\n<p class=\"\" data-start=\"980\" data-end=\"1086\">Inkapsuliuoti vitaminai A, C ir E (ZOX12\u00ae technologija) suteikia 12 valand\u0173 apsaug\u0105 nuo laisv\u0173j\u0173 radikal\u0173.<\/p>\n<\/li>\n<li class=\"\" data-start=\"1087\" data-end=\"1141\">\n<p class=\"\" data-start=\"1089\" data-end=\"1141\">Apsaugo ir ramina od\u0105 nuo \u017ealing\u0173 aplinkos veiksni\u0173.<\/p>\n<\/li>\n<li class=\"\" data-start=\"1142\" data-end=\"1178\">\n<p class=\"\" data-start=\"1144\" data-end=\"1178\">Be kvapikli\u0173, tinka jautriai odai.<\/p>\n<\/li>\n<\/ul>\n<p class=\"\" data-start=\"1180\" data-end=\"1361\"><strong data-start=\"1180\" data-end=\"1195\">Usage:<\/strong><br data-start=\"1195\" data-end=\"1198\" \/>Gerai pakratykite prie\u0161 naudojim\u0105. Tepkite 15 minu\u010di\u0173 prie\u0161 buvim\u0105 saul\u0117je. Optimaliai \u2013 kas 2 valandas. Po maudyni\u0173 ar prakaitavimo tepti i\u0161 naujo kas 40 minu\u010di\u0173.<\/p>","protected":false},"excerpt":{"rendered":"<p>Permatoma apsauga nuo saul\u0117s<\/p>\n<p><strong>Zo Skin Health products can only be purchased after a consultation.<\/strong><\/p>","protected":false},"featured_media":5118,"comment_status":"open","ping_status":"closed","template":"","meta":[],"product_cat":[153],"product_tag":[],"class_list":{"0":"post-5117","1":"product","2":"type-product","3":"status-publish","4":"has-post-thumbnail","6":"product_cat-spf-veido-prieziura","7":"pa_brands-zo-skin-health","8":"pa_talpa-50ml-2","10":"first","11":"instock","12":"taxable","13":"shipping-taxable","14":"product-type-external"},"_links":{"self":[{"href":"https:\/\/miamedic.lt\/en\/wp-json\/wp\/v2\/product\/5117","targetHints":{"allow":["GET"]}}],"collection":[{"href":"https:\/\/miamedic.lt\/en\/wp-json\/wp\/v2\/product"}],"about":[{"href":"https:\/\/miamedic.lt\/en\/wp-json\/wp\/v2\/types\/product"}],"replies":[{"embeddable":true,"href":"https:\/\/miamedic.lt\/en\/wp-json\/wp\/v2\/comments?post=5117"}],"version-history":[{"count":2,"href":"https:\/\/miamedic.lt\/en\/wp-json\/wp\/v2\/product\/5117\/revisions"}],"predecessor-version":[{"id":12551,"href":"https:\/\/miamedic.lt\/en\/wp-json\/wp\/v2\/product\/5117\/revisions\/12551"}],"wp:featuredmedia":[{"embeddable":true,"href":"https:\/\/miamedic.lt\/en\/wp-json\/wp\/v2\/media\/5118"}],"wp:attachment":[{"href":"https:\/\/miamedic.lt\/en\/wp-json\/wp\/v2\/media?parent=5117"}],"wp:term":[{"taxonomy":"product_cat","embeddable":true,"href":"https:\/\/miamedic.lt\/en\/wp-json\/wp\/v2\/product_cat?post=5117"},{"taxonomy":"product_tag","embeddable":true,"href":"https:\/\/miamedic.lt\/en\/wp-json\/wp\/v2\/product_tag?post=5117"}],"curies":[{"name":"wp","href":"https:\/\/api.w.org\/{rel}","templated":true}]}}