{"id":5112,"date":"2025-04-10T08:32:38","date_gmt":"2025-04-10T08:32:38","guid":{"rendered":"https:\/\/www.miamedic.lt\/?post_type=product&#038;p=5112"},"modified":"2025-12-01T10:07:28","modified_gmt":"2025-12-01T10:07:28","slug":"gel-sunscreen-spf-50","status":"publish","type":"product","link":"https:\/\/miamedic.lt\/en\/shop\/gel-sunscreen-spf-50\/","title":{"rendered":"Gel Sunscreen SPF 50"},"content":{"rendered":"<p class=\"\" data-start=\"0\" data-end=\"134\"><strong data-start=\"0\" data-end=\"54\">ZO Skin Health Gel Sunscreen Broad-Spectrum SPF 50<\/strong> \u2013 <strong data-start=\"57\" data-end=\"134\">nematoma, lengva ir bekvap\u0117 gelin\u0117 apsauga nuo saul\u0117s visiems odos tipams<\/strong><\/p>\n<p class=\"\" data-start=\"136\" data-end=\"680\"><strong data-start=\"136\" data-end=\"153\">Apib\u016bdinimas:<\/strong><br data-start=\"153\" data-end=\"156\" \/>ZO Skin Health Gel Sunscreen Broad-Spectrum SPF 50 \u2013 tai 100\u202f% skaidrus, lengvos tekst\u016bros, bekvapis gelis, tinkantis vis\u0173 tip\u0173 ir ton\u0173 odai. Su pa\u017eangia ZO trigubo spektro apsauga, \u0161is gelis efektyviai saugo nuo UVA, UVB, IR-A spinduli\u0173 bei m\u0117lynosios \u0161viesos. Cheminiai filtrai ir inovatyvios technologijos veikia kartu, kad suteikt\u0173 ilgalaik\u0119, plataus spektro apsaug\u0105 bei i\u0161laikyt\u0173 odos komfort\u0105, dr\u0117kinim\u0105 ir glotnum\u0105. Produktas puikiai tinka kasdieniam naudojimui ir yra atsparus vandeniui bei prakaitui iki 40 minu\u010di\u0173.<\/p>\n<p class=\"\" data-start=\"682\" data-end=\"695\"><strong data-start=\"682\" data-end=\"695\">Effect:<\/strong><\/p>\n<ul data-start=\"697\" data-end=\"1214\">\n<li class=\"\" data-start=\"697\" data-end=\"781\">\n<p class=\"\" data-start=\"699\" data-end=\"781\">Suteikia trigubo spektro apsaug\u0105 nuo UVA + UVB, IR-A spinduli\u0173 ir m\u0117lynos \u0161viesos.<\/p>\n<\/li>\n<li class=\"\" data-start=\"782\" data-end=\"885\">\n<p class=\"\" data-start=\"784\" data-end=\"885\">Saugo od\u0105 su 12 val. veikian\u010dia ZOX12\u00ae antioksidacine technologija (inkapsuliuoti vitaminai A, C, E).<\/p>\n<\/li>\n<li class=\"\" data-start=\"886\" data-end=\"992\">\n<p class=\"\" data-start=\"888\" data-end=\"992\">Skaidrus gelis prisitaiko prie bet kurio odos tono \u2013 veidas atrodo tolygus, \u0161velnus ir nepriekai\u0161tingas.<\/p>\n<\/li>\n<li class=\"\" data-start=\"993\" data-end=\"1037\">\n<p class=\"\" data-start=\"995\" data-end=\"1037\">Maloniai dr\u0117kina ir ramina sudirgusi\u0105 od\u0105.<\/p>\n<\/li>\n<li class=\"\" data-start=\"1038\" data-end=\"1148\">\n<p class=\"\" data-start=\"1040\" data-end=\"1148\">Stiprina apsaug\u0105 nuo \u017ealing\u0173 aplinkos veiksni\u0173 su antioksidant\u0173 bei augalini\u0173 kamienini\u0173 l\u0105steli\u0173 kompleksu.<\/p>\n<\/li>\n<li class=\"\" data-start=\"1149\" data-end=\"1198\">\n<p class=\"\" data-start=\"1151\" data-end=\"1198\">Atsparus vandeniui ir prakaitui iki 40 minu\u010di\u0173.<\/p>\n<\/li>\n<li class=\"\" data-start=\"1199\" data-end=\"1214\">\n<p class=\"\" data-start=\"1201\" data-end=\"1214\">Be kvapikli\u0173.<\/p>\n<\/li>\n<\/ul>\n<p class=\"\" data-start=\"1216\" data-end=\"1479\"><strong data-start=\"1216\" data-end=\"1231\">Usage:<\/strong><br data-start=\"1231\" data-end=\"1234\" \/>Tepkite 15 minu\u010di\u0173 prie\u0161 buvim\u0105 saul\u0117je. Optimaliai naudokite kas 2 valandas. Jei maudot\u0117s ar prakaituojate \u2013 pakartotinai tepkite kas 40 minu\u010di\u0173.<br data-start=\"1380\" data-end=\"1383\" \/>D\u0117l beor\u0117s pompos sistemos pomp\u0105 gali tekti paspausti kelis kartus, kol prad\u0117s tek\u0117ti produktas.<\/p>","protected":false},"excerpt":{"rendered":"<p>Gelin\u0117 apsauga nuo saul\u0117s<\/p>\n<p><strong>Zo Skin Health products can only be purchased after a consultation.<\/strong><\/p>","protected":false},"featured_media":5113,"comment_status":"open","ping_status":"closed","template":"","meta":[],"product_cat":[153,129],"product_tag":[],"class_list":{"0":"post-5112","1":"product","2":"type-product","3":"status-publish","4":"has-post-thumbnail","6":"product_cat-spf-veido-prieziura","7":"product_cat-veido-kremai","8":"pa_brands-zo-skin-health","9":"pa_talpa-45g","11":"first","12":"instock","13":"taxable","14":"shipping-taxable","15":"product-type-external"},"_links":{"self":[{"href":"https:\/\/miamedic.lt\/en\/wp-json\/wp\/v2\/product\/5112","targetHints":{"allow":["GET"]}}],"collection":[{"href":"https:\/\/miamedic.lt\/en\/wp-json\/wp\/v2\/product"}],"about":[{"href":"https:\/\/miamedic.lt\/en\/wp-json\/wp\/v2\/types\/product"}],"replies":[{"embeddable":true,"href":"https:\/\/miamedic.lt\/en\/wp-json\/wp\/v2\/comments?post=5112"}],"version-history":[{"count":4,"href":"https:\/\/miamedic.lt\/en\/wp-json\/wp\/v2\/product\/5112\/revisions"}],"predecessor-version":[{"id":12552,"href":"https:\/\/miamedic.lt\/en\/wp-json\/wp\/v2\/product\/5112\/revisions\/12552"}],"wp:featuredmedia":[{"embeddable":true,"href":"https:\/\/miamedic.lt\/en\/wp-json\/wp\/v2\/media\/5113"}],"wp:attachment":[{"href":"https:\/\/miamedic.lt\/en\/wp-json\/wp\/v2\/media?parent=5112"}],"wp:term":[{"taxonomy":"product_cat","embeddable":true,"href":"https:\/\/miamedic.lt\/en\/wp-json\/wp\/v2\/product_cat?post=5112"},{"taxonomy":"product_tag","embeddable":true,"href":"https:\/\/miamedic.lt\/en\/wp-json\/wp\/v2\/product_tag?post=5112"}],"curies":[{"name":"wp","href":"https:\/\/api.w.org\/{rel}","templated":true}]}}