{"id":5105,"date":"2025-04-10T08:22:52","date_gmt":"2025-04-10T08:22:52","guid":{"rendered":"https:\/\/www.miamedic.lt\/?post_type=product&#038;p=5105"},"modified":"2025-12-01T10:07:36","modified_gmt":"2025-12-01T10:07:36","slug":"complexion-clarifying-serum","status":"publish","type":"product","link":"https:\/\/miamedic.lt\/en\/shop\/complexion-clarifying-serum\/","title":{"rendered":"Complexion Clarifying Serum"},"content":{"rendered":"<p class=\"\" data-start=\"0\" data-end=\"121\"><strong data-start=\"0\" data-end=\"46\">ZO Skin Health Complexion Clarifying Serum \u2013 sebum\u0105 ir raudon\u012f ma\u017einantis serumas riebiai ir mi\u0161riai, spuoguotai odai<\/strong><\/p>\n<p class=\"\" data-start=\"123\" data-end=\"604\"><strong data-start=\"123\" data-end=\"140\">Apib\u016bdinimas:<\/strong><br data-start=\"140\" data-end=\"143\" \/>ZO Skin Health Complexion Clarifying Serum yra pa\u017eangus serumas, skirtas riebiai, mi\u0161riai ir spuoguotai odai. Su naujausia ZSEB3\u2122 technologija, \u0161is serumas ma\u017eina pavir\u0161in\u012f sebumo kiek\u012f, raudon\u012f, eksfoliuoja negyvas odos l\u0105steles ir atveria poras, suteikdamas odai \u0161vari\u0105, skais\u010di\u0105 ir subalansuot\u0105 i\u0161vaizd\u0105. Serumo sud\u0117tyje esanti vandenyje tirpi salicilo r\u016bg\u0161tis efektyviai veikia, ta\u010diau nesukelia \u012fprast\u0173 nemaloni\u0173 poj\u016b\u010di\u0173, toki\u0173 kaip dirginimas ar sausumas.<\/p>\n<p class=\"\" data-start=\"606\" data-end=\"619\"><strong data-start=\"606\" data-end=\"619\">Effect:<\/strong><\/p>\n<ul data-start=\"621\" data-end=\"929\">\n<li class=\"\" data-start=\"621\" data-end=\"664\">\n<p class=\"\" data-start=\"623\" data-end=\"664\">Ma\u017eina pavir\u0161in\u012f sebumo kiek\u012f ir raudon\u012f.<\/p>\n<\/li>\n<li class=\"\" data-start=\"665\" data-end=\"732\">\n<p class=\"\" data-start=\"667\" data-end=\"732\">Eksfoliuoja negyvas odos l\u0105steles ir atveria u\u017esikim\u0161usias poras.<\/p>\n<\/li>\n<li class=\"\" data-start=\"733\" data-end=\"791\">\n<p class=\"\" data-start=\"735\" data-end=\"791\">Suteikia skais\u010di\u0105, \u0161vari\u0105 ir subalansuot\u0105 odos i\u0161vaizd\u0105.<\/p>\n<\/li>\n<li class=\"\" data-start=\"792\" data-end=\"851\">\n<p class=\"\" data-start=\"794\" data-end=\"851\">Gr\u0105\u017eina sveik\u0105 odos ton\u0105, ma\u017eindamas d\u0117m\u0117tum\u0105 ir raudon\u012f.<\/p>\n<\/li>\n<li class=\"\" data-start=\"852\" data-end=\"929\">\n<p class=\"\" data-start=\"854\" data-end=\"929\">Efektyvi vandenyje tirpi salicilo r\u016bg\u0161tis, be \u012fprasto dirginimo ar sausumo.<\/p>\n<\/li>\n<\/ul>\n<p class=\"\" data-start=\"931\" data-end=\"1087\"><strong data-start=\"931\" data-end=\"948\">Technologija:<\/strong><br data-start=\"948\" data-end=\"951\" \/>ZSEB3\u2122 technologija \u2013 trij\u0173 tiesiogiai sebum\u0105 veikian\u010di\u0173 augalini\u0173 ekstrakt\u0173 kompleksas, kuris gr\u0105\u017eina skais\u010di\u0105 ir sveik\u0105 odos i\u0161vaizd\u0105.<\/p>\n<p class=\"\" data-start=\"1089\" data-end=\"1122\"><strong data-start=\"1089\" data-end=\"1122\">Klini\u0161kai \u012frodyti rezultatai:<\/strong><\/p>\n<ul data-start=\"1124\" data-end=\"1325\">\n<li class=\"\" data-start=\"1124\" data-end=\"1174\">\n<p class=\"\" data-start=\"1126\" data-end=\"1174\">98% teig\u0117, kad oda tapo \u0161varesn\u0117 be sudirginimo.<\/p>\n<\/li>\n<li class=\"\" data-start=\"1175\" data-end=\"1230\">\n<p class=\"\" data-start=\"1177\" data-end=\"1230\">86% teig\u0117, kad atsistat\u0117 teisinga sebumo pusiausvyra.<\/p>\n<\/li>\n<li class=\"\" data-start=\"1231\" data-end=\"1279\">\n<p class=\"\" data-start=\"1233\" data-end=\"1279\">86% teig\u0117, kad suma\u017e\u0117jo raudonis ir d\u0117m\u0117tumas.<\/p>\n<\/li>\n<li class=\"\" data-start=\"1280\" data-end=\"1325\">\n<p class=\"\" data-start=\"1282\" data-end=\"1325\">95% teig\u0117, kad gr\u012f\u017eo sveikai atrodanti oda.<\/p>\n<\/li>\n<\/ul>\n<p class=\"\" data-start=\"1327\" data-end=\"1412\"><strong data-start=\"1327\" data-end=\"1342\">Usage:<\/strong><br data-start=\"1342\" data-end=\"1345\" \/>Tepkite serumo nedidel\u012f kiek\u012f ant \u0161varios odos ryte ir\/ar vakare.<\/p>","protected":false},"excerpt":{"rendered":"<p class=\"\" data-start=\"0\" data-end=\"121\">Sebum\u0105 ir raudon\u012f ma\u017einantis serumas.<\/p>\n<p data-start=\"0\" data-end=\"121\"><strong>Zo Skin Health products can only be purchased after a consultation.<\/strong><\/p>\n<p class=\"\" data-start=\"123\" data-end=\"604\">","protected":false},"featured_media":5110,"comment_status":"open","ping_status":"closed","template":"","meta":[],"product_cat":[107],"product_tag":[],"class_list":{"0":"post-5105","1":"product","2":"type-product","3":"status-publish","4":"has-post-thumbnail","6":"product_cat-serumai","7":"pa_brands-zo-skin-health","8":"pa_talpa-50ml-2","10":"first","11":"instock","12":"taxable","13":"shipping-taxable","14":"product-type-external"},"_links":{"self":[{"href":"https:\/\/miamedic.lt\/en\/wp-json\/wp\/v2\/product\/5105","targetHints":{"allow":["GET"]}}],"collection":[{"href":"https:\/\/miamedic.lt\/en\/wp-json\/wp\/v2\/product"}],"about":[{"href":"https:\/\/miamedic.lt\/en\/wp-json\/wp\/v2\/types\/product"}],"replies":[{"embeddable":true,"href":"https:\/\/miamedic.lt\/en\/wp-json\/wp\/v2\/comments?post=5105"}],"version-history":[{"count":2,"href":"https:\/\/miamedic.lt\/en\/wp-json\/wp\/v2\/product\/5105\/revisions"}],"predecessor-version":[{"id":12553,"href":"https:\/\/miamedic.lt\/en\/wp-json\/wp\/v2\/product\/5105\/revisions\/12553"}],"wp:featuredmedia":[{"embeddable":true,"href":"https:\/\/miamedic.lt\/en\/wp-json\/wp\/v2\/media\/5110"}],"wp:attachment":[{"href":"https:\/\/miamedic.lt\/en\/wp-json\/wp\/v2\/media?parent=5105"}],"wp:term":[{"taxonomy":"product_cat","embeddable":true,"href":"https:\/\/miamedic.lt\/en\/wp-json\/wp\/v2\/product_cat?post=5105"},{"taxonomy":"product_tag","embeddable":true,"href":"https:\/\/miamedic.lt\/en\/wp-json\/wp\/v2\/product_tag?post=5105"}],"curies":[{"name":"wp","href":"https:\/\/api.w.org\/{rel}","templated":true}]}}