{"id":5102,"date":"2025-04-09T13:24:30","date_gmt":"2025-04-09T13:24:30","guid":{"rendered":"https:\/\/www.miamedic.lt\/?post_type=product&#038;p=5102"},"modified":"2025-12-01T10:08:07","modified_gmt":"2025-12-01T10:08:07","slug":"body-emulsion","status":"publish","type":"product","link":"https:\/\/miamedic.lt\/en\/shop\/body-emulsion\/","title":{"rendered":"Body Emulsion"},"content":{"rendered":"<p class=\"\" data-start=\"0\" data-end=\"71\"><strong data-start=\"0\" data-end=\"32\">ZO Skin Health Body Emulsion \u2013 k\u016bno odos i\u0161vaizd\u0105 gerinantis kremas<\/strong><\/p>\n<p class=\"\" data-start=\"73\" data-end=\"537\"><strong data-start=\"73\" data-end=\"90\">Apib\u016bdinimas:<\/strong><br data-start=\"90\" data-end=\"93\" \/>ZO Skin Health Body Emulsion yra kremas, sukurtas gerinti k\u016bno odos i\u0161vaizd\u0105 ir sveikat\u0105. Jis efektyviai eksfoliuoja negyvas odos l\u0105steles ir lygina od\u0105, skatindamas sveik\u0105 l\u0105steli\u0173 regeneracin\u012f cikl\u0105. Kremas padeda didinti odos stangrum\u0105 ir elastingum\u0105, \u0161viesina bei lygina odos atspalvius, taip pat apsaugo nuo laisv\u0173j\u0173 radikal\u0173 ir sen\u0117jimo po\u017eymi\u0173. Be to, jis stiprina odos barjer\u0105 ir atstato dr\u0117gm\u0119, u\u017etikrindamas odos sveikum\u0105 ir komfort\u0105.<\/p>\n<p class=\"\" data-start=\"539\" data-end=\"552\"><strong data-start=\"539\" data-end=\"552\">Effect:<\/strong><\/p>\n<ul data-start=\"554\" data-end=\"945\">\n<li class=\"\" data-start=\"554\" data-end=\"604\">\n<p class=\"\" data-start=\"556\" data-end=\"604\">Eksfoliuoja negyvas odos l\u0105steles ir lygina od\u0105.<\/p>\n<\/li>\n<li class=\"\" data-start=\"605\" data-end=\"650\">\n<p class=\"\" data-start=\"607\" data-end=\"650\">Skatina sveik\u0105 l\u0105steli\u0173 regeneracin\u012f cikl\u0105.<\/p>\n<\/li>\n<li class=\"\" data-start=\"651\" data-end=\"690\">\n<p class=\"\" data-start=\"653\" data-end=\"690\">Didina odos stangrum\u0105 ir elastingum\u0105.<\/p>\n<\/li>\n<li class=\"\" data-start=\"691\" data-end=\"728\">\n<p class=\"\" data-start=\"693\" data-end=\"728\">\u0160viesina ir lygina odos atspalvius.<\/p>\n<\/li>\n<li class=\"\" data-start=\"729\" data-end=\"781\">\n<p class=\"\" data-start=\"731\" data-end=\"781\">Apsaugo nuo laisv\u0173j\u0173 radikal\u0173 ir sen\u0117jimo po\u017eymi\u0173.<\/p>\n<\/li>\n<li class=\"\" data-start=\"782\" data-end=\"824\">\n<p class=\"\" data-start=\"784\" data-end=\"824\">Stiprina odos barjer\u0105 ir atstato dr\u0117gm\u0119.<\/p>\n<\/li>\n<li class=\"\" data-start=\"825\" data-end=\"945\">\n<p class=\"\" data-start=\"827\" data-end=\"945\">Puikiai tinka kombinacijoje su kitais gydymo metodais, pavyzd\u017eiui, atopiniam dermatitui, egzemai, aktininei keratozei.<\/p>\n<\/li>\n<\/ul>\n<p class=\"\" data-start=\"947\" data-end=\"998\"><strong data-start=\"947\" data-end=\"962\">Usage:<\/strong><br data-start=\"962\" data-end=\"965\" \/>Tepti ant \u0161varios ir sausos odos.<\/p>","protected":false},"excerpt":{"rendered":"<p>K\u016bno odos i\u0161vaizd\u0105 gerinantis kremas<\/p>\n<p><strong>Zo Skin Health products can only be purchased after a consultation.<\/strong><\/p>","protected":false},"featured_media":5103,"comment_status":"open","ping_status":"closed","template":"","meta":[],"product_cat":[113],"product_tag":[],"class_list":{"0":"post-5102","1":"product","2":"type-product","3":"status-publish","4":"has-post-thumbnail","6":"product_cat-kuno-kremas","7":"pa_brands-zo-skin-health","8":"pa_talpa-240ml","10":"first","11":"instock","12":"taxable","13":"shipping-taxable","14":"product-type-external"},"_links":{"self":[{"href":"https:\/\/miamedic.lt\/en\/wp-json\/wp\/v2\/product\/5102","targetHints":{"allow":["GET"]}}],"collection":[{"href":"https:\/\/miamedic.lt\/en\/wp-json\/wp\/v2\/product"}],"about":[{"href":"https:\/\/miamedic.lt\/en\/wp-json\/wp\/v2\/types\/product"}],"replies":[{"embeddable":true,"href":"https:\/\/miamedic.lt\/en\/wp-json\/wp\/v2\/comments?post=5102"}],"version-history":[{"count":2,"href":"https:\/\/miamedic.lt\/en\/wp-json\/wp\/v2\/product\/5102\/revisions"}],"predecessor-version":[{"id":6405,"href":"https:\/\/miamedic.lt\/en\/wp-json\/wp\/v2\/product\/5102\/revisions\/6405"}],"wp:featuredmedia":[{"embeddable":true,"href":"https:\/\/miamedic.lt\/en\/wp-json\/wp\/v2\/media\/5103"}],"wp:attachment":[{"href":"https:\/\/miamedic.lt\/en\/wp-json\/wp\/v2\/media?parent=5102"}],"wp:term":[{"taxonomy":"product_cat","embeddable":true,"href":"https:\/\/miamedic.lt\/en\/wp-json\/wp\/v2\/product_cat?post=5102"},{"taxonomy":"product_tag","embeddable":true,"href":"https:\/\/miamedic.lt\/en\/wp-json\/wp\/v2\/product_tag?post=5102"}],"curies":[{"name":"wp","href":"https:\/\/api.w.org\/{rel}","templated":true}]}}