{"id":5099,"date":"2025-04-09T13:18:40","date_gmt":"2025-04-09T13:18:40","guid":{"rendered":"https:\/\/www.miamedic.lt\/?post_type=product&#038;p=5099"},"modified":"2026-02-16T09:43:11","modified_gmt":"2026-02-16T09:43:11","slug":"hydrating-creme","status":"publish","type":"product","link":"https:\/\/miamedic.lt\/en\/shop\/hydrating-creme\/","title":{"rendered":"Hydrating Cr\u00e8me"},"content":{"rendered":"<p class=\"\" data-start=\"0\" data-end=\"77\"><strong data-start=\"0\" data-end=\"34\">ZO Skin Health Hydrating Cr\u00e8me \u2013 kremas sudirgusiai ir i\u0161saus\u0117jusiai odai<\/strong><\/p>\n<p class=\"\" data-start=\"79\" data-end=\"576\"><strong data-start=\"79\" data-end=\"96\">Apib\u016bdinimas:<\/strong><br data-start=\"96\" data-end=\"99\" \/>ZO Skin Health Hydrating Cr\u00e8me yra galingas kremas, sukurtas atstatyti ir dr\u0117kinti sudirgusi\u0105 ir i\u0161saus\u0117jusi\u0105 od\u0105. Jis praturtina odos apsaugin\u012f barjer\u0105 ir atstato jo funkcijas, sulaikydamas dr\u0117gm\u0119 odoje. Kremas lygina \u0161iurk\u0161\u010di\u0105 od\u0105, suteikia jai glotnumo, ma\u017eina u\u017edegim\u0105 ir raudon\u012f bei padeda su\u0161velninti egzemos prover\u017eius. Be to, jis staigiai ma\u017eina nie\u017e\u0117jim\u0105, skatina sveik\u0173 odos l\u0105steli\u0173 atsinaujinim\u0105 ir apsaugo nuo laisv\u0173j\u0173 radikal\u0173, u\u017etikrindamas nat\u016bral\u0173 odos gijim\u0105.<\/p>\n<p class=\"\" data-start=\"578\" data-end=\"591\"><strong data-start=\"578\" data-end=\"591\">Effect:<\/strong><\/p>\n<ul data-start=\"593\" data-end=\"915\">\n<li class=\"\" data-start=\"593\" data-end=\"653\">\n<p class=\"\" data-start=\"595\" data-end=\"653\">Praturtina odos apsaugin\u012f barjer\u0105 ir atstato jo funkcijas.<\/p>\n<\/li>\n<li class=\"\" data-start=\"654\" data-end=\"688\">\n<p class=\"\" data-start=\"656\" data-end=\"688\">Dr\u0117kina ir sulaiko dr\u0117gm\u0119 odoje.<\/p>\n<\/li>\n<li class=\"\" data-start=\"689\" data-end=\"733\">\n<p class=\"\" data-start=\"691\" data-end=\"733\">Lygina \u0161iurk\u0161\u010di\u0105 od\u0105 ir suteikia glotnumo.<\/p>\n<\/li>\n<li class=\"\" data-start=\"734\" data-end=\"783\">\n<p class=\"\" data-start=\"736\" data-end=\"783\">Ma\u017eina u\u017edegim\u0105, raudon\u012f ir egzemos prover\u017eius.<\/p>\n<\/li>\n<li class=\"\" data-start=\"784\" data-end=\"812\">\n<p class=\"\" data-start=\"786\" data-end=\"812\">Staigiai ma\u017eina nie\u017e\u0117jim\u0105.<\/p>\n<\/li>\n<li class=\"\" data-start=\"813\" data-end=\"882\">\n<p class=\"\" data-start=\"815\" data-end=\"882\">Skatina sveik\u0173 odos l\u0105steli\u0173 atsinaujinim\u0105 ir nat\u016bral\u0173 odos gijim\u0105.<\/p>\n<\/li>\n<li class=\"\" data-start=\"883\" data-end=\"915\">\n<p class=\"\" data-start=\"885\" data-end=\"915\">Apsaugo nuo laisv\u0173j\u0173 radikal\u0173.<\/p>\n<\/li>\n<\/ul>\n<p class=\"\" data-start=\"917\" data-end=\"1041\"><strong data-start=\"917\" data-end=\"932\">Usage:<\/strong><br data-start=\"932\" data-end=\"935\" \/>Po prausimosi ryte ir\/ar vakare nedidel\u012f kiek\u012f kremo tepkite ant veido odos. Galima naudoti pagal poreik\u012f.<\/p>","protected":false},"excerpt":{"rendered":"<p>Kremas sudirgusiai ir i\u0161saus\u0117jusiai odai<\/p>\n<p><strong>Zo Skin Health products can only be purchased after a consultation.<\/strong><\/p>","protected":false},"featured_media":5100,"comment_status":"open","ping_status":"closed","template":"","meta":[],"product_cat":[180,129],"product_tag":[],"class_list":{"0":"post-5099","1":"product","2":"type-product","3":"status-publish","4":"has-post-thumbnail","6":"product_cat-naktiniai-kremai","7":"product_cat-veido-kremai","8":"pa_brands-zo-skin-health","9":"pa_talpa-113g","11":"first","12":"instock","13":"taxable","14":"shipping-taxable","15":"product-type-external"},"_links":{"self":[{"href":"https:\/\/miamedic.lt\/en\/wp-json\/wp\/v2\/product\/5099","targetHints":{"allow":["GET"]}}],"collection":[{"href":"https:\/\/miamedic.lt\/en\/wp-json\/wp\/v2\/product"}],"about":[{"href":"https:\/\/miamedic.lt\/en\/wp-json\/wp\/v2\/types\/product"}],"replies":[{"embeddable":true,"href":"https:\/\/miamedic.lt\/en\/wp-json\/wp\/v2\/comments?post=5099"}],"version-history":[{"count":2,"href":"https:\/\/miamedic.lt\/en\/wp-json\/wp\/v2\/product\/5099\/revisions"}],"predecessor-version":[{"id":6411,"href":"https:\/\/miamedic.lt\/en\/wp-json\/wp\/v2\/product\/5099\/revisions\/6411"}],"wp:featuredmedia":[{"embeddable":true,"href":"https:\/\/miamedic.lt\/en\/wp-json\/wp\/v2\/media\/5100"}],"wp:attachment":[{"href":"https:\/\/miamedic.lt\/en\/wp-json\/wp\/v2\/media?parent=5099"}],"wp:term":[{"taxonomy":"product_cat","embeddable":true,"href":"https:\/\/miamedic.lt\/en\/wp-json\/wp\/v2\/product_cat?post=5099"},{"taxonomy":"product_tag","embeddable":true,"href":"https:\/\/miamedic.lt\/en\/wp-json\/wp\/v2\/product_tag?post=5099"}],"curies":[{"name":"wp","href":"https:\/\/api.w.org\/{rel}","templated":true}]}}