{"id":5092,"date":"2025-04-09T13:06:35","date_gmt":"2025-04-09T13:06:35","guid":{"rendered":"https:\/\/www.miamedic.lt\/?post_type=product&#038;p=5092"},"modified":"2025-12-01T10:08:20","modified_gmt":"2025-12-01T10:08:20","slug":"hydrating-cleanser","status":"publish","type":"product","link":"https:\/\/miamedic.lt\/en\/shop\/hydrating-cleanser\/","title":{"rendered":"HYDRATING CLEANSER"},"content":{"rendered":"<p class=\"\" data-start=\"52\" data-end=\"132\"><strong data-start=\"52\" data-end=\"89\">ZO Skin Health Hydrating Cleanser<\/strong> \u2013 <strong data-start=\"92\" data-end=\"132\">dr\u0117kinantis ir raminantis prausiklis<\/strong><\/p>\n<p class=\"\" data-start=\"134\" data-end=\"529\"><strong data-start=\"134\" data-end=\"151\">Apib\u016bdinimas:<\/strong><br data-start=\"151\" data-end=\"154\" \/>ZO Skin Health Hydrating Cleanser yra \u0161velnus ir veiksmingas prausiklis, kuris pa\u0161alina ne\u0161varumus, riebal\u0173 pertekli\u0173 ir makia\u017e\u0105, tuo pa\u010diu dr\u0117kindamas ir ramindamas od\u0105. Jo turtinga kremin\u0117 tekst\u016bra puikiai tinka normaliai ir sausai odai, i\u0161laikydama odos dr\u0117gm\u0119 ir ma\u017eindama sudirgimus. Tai ideali priemon\u0117 norint kasdien r\u016bpintis oda ir suteikti jai \u0161velnumo bei komforto.<\/p>\n<p class=\"\" data-start=\"531\" data-end=\"544\"><strong data-start=\"531\" data-end=\"544\">Effect:<\/strong><\/p>\n<ul data-start=\"546\" data-end=\"743\">\n<li class=\"\" data-start=\"546\" data-end=\"598\">\n<p class=\"\" data-start=\"548\" data-end=\"598\">Pa\u0161alina ne\u0161varumus, riebal\u0173 pertekli\u0173 ir makia\u017e\u0105.<\/p>\n<\/li>\n<li class=\"\" data-start=\"599\" data-end=\"632\">\n<p class=\"\" data-start=\"601\" data-end=\"632\">Dr\u0117kina ir i\u0161laiko odos dr\u0117gm\u0119.<\/p>\n<\/li>\n<li class=\"\" data-start=\"633\" data-end=\"668\">\n<p class=\"\" data-start=\"635\" data-end=\"668\">Ramina ir ma\u017eina odos sudirgimus.<\/p>\n<\/li>\n<li class=\"\" data-start=\"669\" data-end=\"702\">\n<p class=\"\" data-start=\"671\" data-end=\"702\">Tinka normaliai ir sausai odai.<\/p>\n<\/li>\n<li class=\"\" data-start=\"703\" data-end=\"743\">\n<p class=\"\" data-start=\"705\" data-end=\"743\">Suteikia \u0161veln\u0173 ir komforti\u0161k\u0105 poj\u016bt\u012f.<\/p>\n<\/li>\n<\/ul>\n<p class=\"\" data-start=\"745\" data-end=\"905\"><strong data-start=\"745\" data-end=\"760\">Usage:<\/strong><br data-start=\"760\" data-end=\"763\" \/>Ryte ir\/ar vakare \u012fmasa\u017euokite nedidel\u012f kiek\u012f prausiklio \u012f sudr\u0117kint\u0105 veido ar kaklo od\u0105. Kruop\u0161\u010diai nuprauskite ir nuplaukite \u0161iltu vandeniu.<\/p>","protected":false},"excerpt":{"rendered":"<p>Dr\u0117kinantis ir raminantis prausiklis<\/p>\n<p><strong>Zo Skin Health products can only be purchased after a consultation.<\/strong><\/p>","protected":false},"featured_media":5094,"comment_status":"open","ping_status":"closed","template":"","meta":[],"product_cat":[124],"product_tag":[],"class_list":{"0":"post-5092","1":"product","2":"type-product","3":"status-publish","4":"has-post-thumbnail","6":"product_cat-prausikliai","7":"pa_brands-zo-skin-health","8":"pa_talpa-200-ml","10":"first","11":"instock","12":"taxable","13":"shipping-taxable","14":"product-type-external"},"_links":{"self":[{"href":"https:\/\/miamedic.lt\/en\/wp-json\/wp\/v2\/product\/5092","targetHints":{"allow":["GET"]}}],"collection":[{"href":"https:\/\/miamedic.lt\/en\/wp-json\/wp\/v2\/product"}],"about":[{"href":"https:\/\/miamedic.lt\/en\/wp-json\/wp\/v2\/types\/product"}],"replies":[{"embeddable":true,"href":"https:\/\/miamedic.lt\/en\/wp-json\/wp\/v2\/comments?post=5092"}],"version-history":[{"count":2,"href":"https:\/\/miamedic.lt\/en\/wp-json\/wp\/v2\/product\/5092\/revisions"}],"predecessor-version":[{"id":12554,"href":"https:\/\/miamedic.lt\/en\/wp-json\/wp\/v2\/product\/5092\/revisions\/12554"}],"wp:featuredmedia":[{"embeddable":true,"href":"https:\/\/miamedic.lt\/en\/wp-json\/wp\/v2\/media\/5094"}],"wp:attachment":[{"href":"https:\/\/miamedic.lt\/en\/wp-json\/wp\/v2\/media?parent=5092"}],"wp:term":[{"taxonomy":"product_cat","embeddable":true,"href":"https:\/\/miamedic.lt\/en\/wp-json\/wp\/v2\/product_cat?post=5092"},{"taxonomy":"product_tag","embeddable":true,"href":"https:\/\/miamedic.lt\/en\/wp-json\/wp\/v2\/product_tag?post=5092"}],"curies":[{"name":"wp","href":"https:\/\/api.w.org\/{rel}","templated":true}]}}