{"id":5087,"date":"2025-04-09T11:05:29","date_gmt":"2025-04-09T11:05:29","guid":{"rendered":"https:\/\/www.miamedic.lt\/?post_type=product&#038;p=5087"},"modified":"2025-12-01T10:08:42","modified_gmt":"2025-12-01T10:08:42","slug":"retinol-skin-brightener-1","status":"publish","type":"product","link":"https:\/\/miamedic.lt\/en\/shop\/retinol-skin-brightener-1\/","title":{"rendered":"RETINOL SKIN BRIGHTENER 1%"},"content":{"rendered":"<p class=\"\" data-start=\"63\" data-end=\"177\"><strong data-start=\"63\" data-end=\"108\">ZO Skin Health Retinol Skin Brightener 1% \u2013 galinga retinolio priemon\u0117 odos \u0161viesinimui ir tekst\u016bros gerinimui<\/strong><\/p>\n<p class=\"\" data-start=\"179\" data-end=\"666\"><strong data-start=\"179\" data-end=\"196\">Apib\u016bdinimas:<\/strong><br data-start=\"196\" data-end=\"199\" \/>ZO Skin Health Retinol Skin Brightener 1% yra pa\u017eangus odos \u0161viesinimo produktas, kuris naudojant 1% koncentracij\u0105 retinolio oleosomose, u\u017etikrina tiksling\u0105 ir tolyg\u0173 \u0161viesinimo poveik\u012f. \u0160i priemon\u0117 padeda pa\u0161alinti pigmentines d\u0117mes, lygina odos atspalvius ir gerina odos tekst\u016br\u0105. Be to, ji padeda u\u017ekirsti keli\u0105 nauj\u0173 d\u0117mi\u0173 atsiradimui ir teikia odai antioksidacin\u0119 apsaug\u0105, atitolindama sen\u0117jimo po\u017eymius. Produktas taip pat ramina ir atpalaiduoja sudirgusi\u0105 od\u0105.<\/p>\n<p class=\"\" data-start=\"668\" data-end=\"681\"><strong data-start=\"668\" data-end=\"681\">Effect:<\/strong><\/p>\n<ul data-start=\"683\" data-end=\"1038\">\n<li class=\"\" data-start=\"683\" data-end=\"742\">\n<p class=\"\" data-start=\"685\" data-end=\"742\">\u0160alina pigmentines d\u0117mes ir u\u017ekerta keli\u0105 j\u0173 atsiradimui.<\/p>\n<\/li>\n<li class=\"\" data-start=\"743\" data-end=\"802\">\n<p class=\"\" data-start=\"745\" data-end=\"802\">Lygina odos atspalvius, suteikdama sveik\u0105 ir tolyg\u0173 ton\u0105.<\/p>\n<\/li>\n<li class=\"\" data-start=\"803\" data-end=\"876\">\n<p class=\"\" data-start=\"805\" data-end=\"876\">Slopina melanino gamyb\u0105, d\u0117l ko odos spalva tampa \u0161viesesn\u0117 ir lygesn\u0117.<\/p>\n<\/li>\n<li class=\"\" data-start=\"877\" data-end=\"937\">\n<p class=\"\" data-start=\"879\" data-end=\"937\">Eksfoliuoja od\u0105, skatindama jos atsinaujinim\u0105 ir lyginim\u0105.<\/p>\n<\/li>\n<li class=\"\" data-start=\"938\" data-end=\"993\">\n<p class=\"\" data-start=\"940\" data-end=\"993\">Suteikia antioksidacin\u0119 apsaug\u0105 nuo sen\u0117jimo po\u017eymi\u0173.<\/p>\n<\/li>\n<li class=\"\" data-start=\"994\" data-end=\"1038\">\n<p class=\"\" data-start=\"996\" data-end=\"1038\">Ramina ir ma\u017eina sudirgimus bei u\u017edegimus.<\/p>\n<\/li>\n<\/ul>\n<p class=\"\" data-start=\"1040\" data-end=\"1405\"><strong data-start=\"1040\" data-end=\"1055\">Usage:<\/strong><br data-start=\"1055\" data-end=\"1058\" \/>Naudokite 1-2 pompas produkto ir tepkite ant veido arba kit\u0173 pa\u017eeist\u0173 viet\u0173. Prad\u0117kite nuo 2-3 kart\u0173 per savait\u0119 ir palaipsniui didinkite da\u017en\u012f, kad oda gal\u0117t\u0173 prisitaikyti prie retinolio. Raudonis, \u0161erpetojimas, sausumas ar tempimo jausmas \u2013 tai nat\u016bralios reakcijos, kurios rodo, kad produktas veikia. Su reguliariu naudojimu jos tur\u0117t\u0173 praeiti.<\/p>","protected":false},"excerpt":{"rendered":"<p>Galinga retinolio priemon\u0117 odos \u0161viesinimui.<\/p>\n<p><strong>Zo Skin Health products can only be purchased after a consultation.<\/strong><\/p>\n<p>&nbsp;<\/p>","protected":false},"featured_media":5089,"comment_status":"open","ping_status":"closed","template":"","meta":[],"product_cat":[107],"product_tag":[],"class_list":{"0":"post-5087","1":"product","2":"type-product","3":"status-publish","4":"has-post-thumbnail","6":"product_cat-serumai","7":"pa_brands-zo-skin-health","8":"pa_talpa-50ml-2","10":"first","11":"instock","12":"taxable","13":"shipping-taxable","14":"product-type-external"},"_links":{"self":[{"href":"https:\/\/miamedic.lt\/en\/wp-json\/wp\/v2\/product\/5087","targetHints":{"allow":["GET"]}}],"collection":[{"href":"https:\/\/miamedic.lt\/en\/wp-json\/wp\/v2\/product"}],"about":[{"href":"https:\/\/miamedic.lt\/en\/wp-json\/wp\/v2\/types\/product"}],"replies":[{"embeddable":true,"href":"https:\/\/miamedic.lt\/en\/wp-json\/wp\/v2\/comments?post=5087"}],"version-history":[{"count":2,"href":"https:\/\/miamedic.lt\/en\/wp-json\/wp\/v2\/product\/5087\/revisions"}],"predecessor-version":[{"id":12555,"href":"https:\/\/miamedic.lt\/en\/wp-json\/wp\/v2\/product\/5087\/revisions\/12555"}],"wp:featuredmedia":[{"embeddable":true,"href":"https:\/\/miamedic.lt\/en\/wp-json\/wp\/v2\/media\/5089"}],"wp:attachment":[{"href":"https:\/\/miamedic.lt\/en\/wp-json\/wp\/v2\/media?parent=5087"}],"wp:term":[{"taxonomy":"product_cat","embeddable":true,"href":"https:\/\/miamedic.lt\/en\/wp-json\/wp\/v2\/product_cat?post=5087"},{"taxonomy":"product_tag","embeddable":true,"href":"https:\/\/miamedic.lt\/en\/wp-json\/wp\/v2\/product_tag?post=5087"}],"curies":[{"name":"wp","href":"https:\/\/api.w.org\/{rel}","templated":true}]}}