{"id":5028,"date":"2025-03-31T15:09:58","date_gmt":"2025-03-31T15:09:58","guid":{"rendered":"https:\/\/www.miamedic.lt\/?post_type=product&#038;p=5028"},"modified":"2025-04-23T11:12:09","modified_gmt":"2025-04-23T11:12:09","slug":"natinuel-elegance","status":"publish","type":"product","link":"https:\/\/miamedic.lt\/en\/shop\/natinuel-elegance\/","title":{"rendered":"Natinuel Elegance"},"content":{"rendered":"<p class=\"\" data-start=\"0\" data-end=\"117\"><strong data-start=\"0\" data-end=\"21\">NATINUEL ELEGANCE &#8211; <\/strong><strong data-start=\"24\" data-end=\"117\">K\u016bno kremas-balzamas \u012fdegiui gerinti, stabdantis sen\u0117jim\u0105, regeneruojantis ir dr\u0117kinantis.<\/strong><\/p>\n<p class=\"\" data-start=\"0\" data-end=\"117\">Ypatingos strukt\u016bros k\u016bno kremas-balzamas, greitai susigeriantis ir be paraben\u0173, skirtas neutralizuoti ilgalaikio saul\u0117s poveikio \u017eal\u0105, pagerinti mikrocirkuliacij\u0105, atkurti optimal\u0173 dr\u0117kinim\u0105 ir suteikti \u012fdegiui ry\u0161kum\u0105. \u0160is kremas-balzamas turi b\u016bti laikomas \u0161aldytuve, bet neu\u017e\u0161aldant, kad i\u0161laikyt\u0173 savo veiksmingum\u0105.<\/p>\n<p class=\"\" data-start=\"458\" data-end=\"473\"><strong data-start=\"458\" data-end=\"471\">Effect:<\/strong><\/p>\n<ul data-start=\"474\" data-end=\"772\">\n<li class=\"\" data-start=\"474\" data-end=\"508\">\n<p class=\"\" data-start=\"476\" data-end=\"508\">Atkuria optimal\u0173 odos dr\u0117kinim\u0105.<\/p>\n<\/li>\n<li class=\"\" data-start=\"509\" data-end=\"545\">\n<p class=\"\" data-start=\"511\" data-end=\"545\">Lie\u010diant oda tampa lygi ir \u0161velni.<\/p>\n<\/li>\n<li class=\"\" data-start=\"546\" data-end=\"638\">\n<p class=\"\" data-start=\"548\" data-end=\"638\">Veiksmingai neutralizuoja l\u0105steli\u0173 pa\u017eeidimus, kuriuos sukelia ilgalaikis saul\u0117s poveikis.<\/p>\n<\/li>\n<li class=\"\" data-start=\"639\" data-end=\"677\">\n<p class=\"\" data-start=\"641\" data-end=\"677\">Gerina periferin\u0119 mikrocirkuliacij\u0105.<\/p>\n<\/li>\n<li class=\"\" data-start=\"678\" data-end=\"732\">\n<p class=\"\" data-start=\"680\" data-end=\"732\">Suteikia greit\u0105 komforto ir geros savijautos poj\u016bt\u012f.<\/p>\n<\/li>\n<li class=\"\" data-start=\"733\" data-end=\"772\">\n<p class=\"\" data-start=\"735\" data-end=\"772\">Pagerina \u012fdegio ry\u0161kum\u0105 ir vienodum\u0105.<\/p>\n<\/li>\n<\/ul>\n<p class=\"\" data-start=\"774\" data-end=\"890\"><strong data-start=\"774\" data-end=\"789\">Usage:<\/strong><br data-start=\"789\" data-end=\"792\" \/>Po du\u0161o pri\u0117mimo, kremu-balzamu i\u0161tepkite vis\u0105 k\u016bn\u0105 ir \u0161velniai masa\u017euokite, kol visi\u0161kai \u012fsigers.<\/p>","protected":false},"excerpt":{"rendered":"<p>K\u016bno kremas-balzamas \u012fdegiui<\/p>\n<p><strong>Natinuel products can only be purchased after a consultation.<\/strong><\/p>","protected":false},"featured_media":5029,"comment_status":"open","ping_status":"closed","template":"","meta":[],"product_cat":[113],"product_tag":[],"class_list":{"0":"post-5028","1":"product","2":"type-product","3":"status-publish","4":"has-post-thumbnail","6":"product_cat-kuno-kremas","7":"pa_brands-natinuel","8":"pa_talpa-150ml","10":"first","11":"instock","12":"taxable","13":"shipping-taxable","14":"product-type-external"},"_links":{"self":[{"href":"https:\/\/miamedic.lt\/en\/wp-json\/wp\/v2\/product\/5028","targetHints":{"allow":["GET"]}}],"collection":[{"href":"https:\/\/miamedic.lt\/en\/wp-json\/wp\/v2\/product"}],"about":[{"href":"https:\/\/miamedic.lt\/en\/wp-json\/wp\/v2\/types\/product"}],"replies":[{"embeddable":true,"href":"https:\/\/miamedic.lt\/en\/wp-json\/wp\/v2\/comments?post=5028"}],"version-history":[{"count":2,"href":"https:\/\/miamedic.lt\/en\/wp-json\/wp\/v2\/product\/5028\/revisions"}],"predecessor-version":[{"id":6404,"href":"https:\/\/miamedic.lt\/en\/wp-json\/wp\/v2\/product\/5028\/revisions\/6404"}],"wp:featuredmedia":[{"embeddable":true,"href":"https:\/\/miamedic.lt\/en\/wp-json\/wp\/v2\/media\/5029"}],"wp:attachment":[{"href":"https:\/\/miamedic.lt\/en\/wp-json\/wp\/v2\/media?parent=5028"}],"wp:term":[{"taxonomy":"product_cat","embeddable":true,"href":"https:\/\/miamedic.lt\/en\/wp-json\/wp\/v2\/product_cat?post=5028"},{"taxonomy":"product_tag","embeddable":true,"href":"https:\/\/miamedic.lt\/en\/wp-json\/wp\/v2\/product_tag?post=5028"}],"curies":[{"name":"wp","href":"https:\/\/api.w.org\/{rel}","templated":true}]}}