{"id":5025,"date":"2025-03-31T15:04:20","date_gmt":"2025-03-31T15:04:20","guid":{"rendered":"https:\/\/www.miamedic.lt\/?post_type=product&#038;p=5025"},"modified":"2025-03-31T15:04:20","modified_gmt":"2025-03-31T15:04:20","slug":"natinuel-restyle-kremas","status":"publish","type":"product","link":"https:\/\/miamedic.lt\/en\/shop\/natinuel-restyle-kremas\/","title":{"rendered":"Natinuel Restyle kremas"},"content":{"rendered":"<p class=\"\" data-start=\"0\" data-end=\"78\"><strong data-start=\"0\" data-end=\"20\">NATINUEL RESTYLE<\/strong><br data-start=\"20\" data-end=\"23\" \/><strong data-start=\"23\" data-end=\"78\">Bioapsauginis remodeliuojantis liekninamasis kremas<\/strong><\/p>\n<p class=\"\" data-start=\"80\" data-end=\"539\"><strong data-start=\"80\" data-end=\"93\">Effect:<\/strong> RESTYLE yra novatori\u0161kas k\u016bno kremas, kuris suaktyvina saul\u0117s spinduli\u0173 \u0161ilumin\u0119 energij\u0105, kad pasiekt\u0173 liekn\u0117jimo, remodeliavimo ir anticeliulitin\u012f poveik\u012f. Jo unikali formul\u0117 padeda paverti neaktyvius adipocitus \u012f aktyvius, taip skatindama \u201eriebal\u0173 deginim\u0105\u201c ir gerindama odos tonus\u0105. Tai taip pat padeda kovoti su celiulitu, skatindama skys\u010di\u0173 pertekli\u0173 \u0161alinim\u0105 ir mikrocirkuliacijos gerinim\u0105. Kremas taip pat palaiko saug\u0173 ir vienod\u0105 \u012fdeg\u012f.<\/p>\n<p class=\"\" data-start=\"541\" data-end=\"568\"><strong data-start=\"541\" data-end=\"568\">Pagrindiniai poveikiai:<\/strong><\/p>\n<ul data-start=\"569\" data-end=\"938\">\n<li class=\"\" data-start=\"569\" data-end=\"617\">\n<p class=\"\" data-start=\"571\" data-end=\"617\">Skatina <strong data-start=\"579\" data-end=\"594\">termogenez\u0119<\/strong> riebaliniame audinyje.<\/p>\n<\/li>\n<li class=\"\" data-start=\"618\" data-end=\"726\">\n<p class=\"\" data-start=\"620\" data-end=\"726\">Slopina <strong data-start=\"628\" data-end=\"643\">adipogenez\u0119<\/strong> (nauj\u0173 riebal\u0173 l\u0105steli\u0173 formavim\u0105si) ir ma\u017eina <strong data-start=\"691\" data-end=\"705\">lipogenez\u0119<\/strong> (riebal\u0173 kaupim\u0105si).<\/p>\n<\/li>\n<li class=\"\" data-start=\"727\" data-end=\"776\">\n<p class=\"\" data-start=\"729\" data-end=\"776\">Stipri pagalbin\u0117 priemon\u0117 gydant <strong data-start=\"762\" data-end=\"775\">celiulit\u0105<\/strong>.<\/p>\n<\/li>\n<li class=\"\" data-start=\"777\" data-end=\"854\">\n<p class=\"\" data-start=\"779\" data-end=\"854\">Gerina <strong data-start=\"786\" data-end=\"812\">u\u017esistov\u0117jusi\u0173 skys\u010di\u0173<\/strong> ir med\u017eiag\u0173 apykaitos atliek\u0173 nutek\u0117jim\u0105.<\/p>\n<\/li>\n<li class=\"\" data-start=\"855\" data-end=\"886\">\n<p class=\"\" data-start=\"857\" data-end=\"886\">Gerina <strong data-start=\"864\" data-end=\"885\">mikrocirkuliacij\u0105<\/strong>.<\/p>\n<\/li>\n<li class=\"\" data-start=\"887\" data-end=\"938\">\n<p class=\"\" data-start=\"889\" data-end=\"938\">Skatina <strong data-start=\"897\" data-end=\"909\">optimal\u0173<\/strong>, saug\u0173 ir vienod\u0105 <strong data-start=\"928\" data-end=\"937\">\u012fdeg\u012f<\/strong>.<\/p>\n<\/li>\n<\/ul>\n<p class=\"\" data-start=\"940\" data-end=\"1076\"><strong data-start=\"940\" data-end=\"955\">Usage:<\/strong> Prie\u0161 deginantis saul\u0117je, \u012fmasa\u017euokite nedidel\u012f kiek\u012f kremo \u012f vietas, kuriose yra riebal\u0173 sankaup\u0173 ir celiulito po\u017eymi\u0173.<\/p>","protected":false},"excerpt":{"rendered":"<p>Liekninamasis kremas<\/p>\n<p><strong>Natinuel products can only be purchased after a consultation.<\/strong><\/p>","protected":false},"featured_media":5026,"comment_status":"open","ping_status":"closed","template":"","meta":[],"product_cat":[171,113],"product_tag":[],"class_list":{"0":"post-5025","1":"product","2":"type-product","3":"status-publish","4":"has-post-thumbnail","6":"product_cat-celiulitui","7":"product_cat-kuno-kremas","8":"pa_brands-natinuel","9":"pa_talpa-150ml","11":"first","12":"instock","13":"taxable","14":"shipping-taxable","15":"product-type-external"},"_links":{"self":[{"href":"https:\/\/miamedic.lt\/en\/wp-json\/wp\/v2\/product\/5025","targetHints":{"allow":["GET"]}}],"collection":[{"href":"https:\/\/miamedic.lt\/en\/wp-json\/wp\/v2\/product"}],"about":[{"href":"https:\/\/miamedic.lt\/en\/wp-json\/wp\/v2\/types\/product"}],"replies":[{"embeddable":true,"href":"https:\/\/miamedic.lt\/en\/wp-json\/wp\/v2\/comments?post=5025"}],"version-history":[{"count":1,"href":"https:\/\/miamedic.lt\/en\/wp-json\/wp\/v2\/product\/5025\/revisions"}],"predecessor-version":[{"id":5027,"href":"https:\/\/miamedic.lt\/en\/wp-json\/wp\/v2\/product\/5025\/revisions\/5027"}],"wp:featuredmedia":[{"embeddable":true,"href":"https:\/\/miamedic.lt\/en\/wp-json\/wp\/v2\/media\/5026"}],"wp:attachment":[{"href":"https:\/\/miamedic.lt\/en\/wp-json\/wp\/v2\/media?parent=5025"}],"wp:term":[{"taxonomy":"product_cat","embeddable":true,"href":"https:\/\/miamedic.lt\/en\/wp-json\/wp\/v2\/product_cat?post=5025"},{"taxonomy":"product_tag","embeddable":true,"href":"https:\/\/miamedic.lt\/en\/wp-json\/wp\/v2\/product_tag?post=5025"}],"curies":[{"name":"wp","href":"https:\/\/api.w.org\/{rel}","templated":true}]}}