{"id":5022,"date":"2025-03-31T14:58:55","date_gmt":"2025-03-31T14:58:55","guid":{"rendered":"https:\/\/www.miamedic.lt\/?post_type=product&#038;p=5022"},"modified":"2025-03-31T14:58:55","modified_gmt":"2025-03-31T14:58:55","slug":"natinuel-body-shower","status":"publish","type":"product","link":"https:\/\/miamedic.lt\/en\/shop\/natinuel-body-shower\/","title":{"rendered":"Natinuel BODY SHOWER"},"content":{"rendered":"<p class=\"\" data-start=\"0\" data-end=\"111\"><strong data-start=\"0\" data-end=\"24\">NATINUEL BODY SHOWER<\/strong> \u2013 Fiziologi\u0161kai dr\u0117kinantis ir atstatomasis du\u0161o gelis, skirtas kasdieniam naudojimui.<\/p>\n<p class=\"\" data-start=\"113\" data-end=\"521\"><strong data-start=\"113\" data-end=\"127\">Apra\u0161ymas:<\/strong><br data-start=\"127\" data-end=\"130\" \/>\u0160is du\u0161o gelis sukurtas taip, kad u\u017etikrint\u0173 optimali\u0105 odos \u0161var\u0105 ir tuo pa\u010diu i\u0161laikyt\u0173 nat\u016brali\u0105 hidrolipidin\u0119 pl\u0117vel\u0119, kuri yra svarbi odos apsaugai ir hidratacijai. D\u0117l \u0161ios prie\u017easties gelis nepa\u017eeid\u017eia odos strukt\u016bros ir nepadidina sausumo, kuris da\u017enai atsiranda naudojant produktus su sulfatais. BODY SHOWER gelis mink\u0161tina ir dr\u0117kina od\u0105, palikdamas j\u0105 \u0161velni\u0105 ir gaiviai jausming\u0105.<\/p>\n<p class=\"\" data-start=\"523\" data-end=\"538\"><strong data-start=\"523\" data-end=\"536\">Effect:<\/strong><\/p>\n<ul data-start=\"539\" data-end=\"663\">\n<li class=\"\" data-start=\"539\" data-end=\"576\">\n<p class=\"\" data-start=\"541\" data-end=\"576\">Efektyviai valo od\u0105 be jos sausumo.<\/p>\n<\/li>\n<li class=\"\" data-start=\"577\" data-end=\"628\">\n<p class=\"\" data-start=\"579\" data-end=\"628\">Apsaugo ir palaiko odos nat\u016bral\u0173 dr\u0117gm\u0117s balans\u0105.<\/p>\n<\/li>\n<li class=\"\" data-start=\"629\" data-end=\"663\">\n<p class=\"\" data-start=\"631\" data-end=\"663\">Mink\u0161tina ir atstato odos b\u016bkl\u0119.<\/p>\n<\/li>\n<\/ul>\n<p class=\"\" data-start=\"665\" data-end=\"819\"><strong data-start=\"665\" data-end=\"680\">Usage:<\/strong><br data-start=\"680\" data-end=\"683\" \/>Tinka kasdieniam naudojimui. U\u017etepkite ant dr\u0117gnos odos ir \u0161velniai pamasa\u017euokite, kol susidarys puta. Kruop\u0161\u010diai nuskalaukite vandeniu.<\/p>","protected":false},"excerpt":{"rendered":"<p>Dr\u0117kinantis ir atstatomasis du\u0161o gelis.<\/p>\n<p><strong>Natinuel products can only be purchased after a consultation.<\/strong><\/p>","protected":false},"featured_media":5023,"comment_status":"open","ping_status":"closed","template":"","meta":[],"product_cat":[199],"product_tag":[],"class_list":{"0":"post-5022","1":"product","2":"type-product","3":"status-publish","4":"has-post-thumbnail","6":"product_cat-kuno-prausikliai","7":"pa_brands-natinuel","8":"pa_talpa-150ml","10":"first","11":"instock","12":"taxable","13":"shipping-taxable","14":"product-type-external"},"_links":{"self":[{"href":"https:\/\/miamedic.lt\/en\/wp-json\/wp\/v2\/product\/5022","targetHints":{"allow":["GET"]}}],"collection":[{"href":"https:\/\/miamedic.lt\/en\/wp-json\/wp\/v2\/product"}],"about":[{"href":"https:\/\/miamedic.lt\/en\/wp-json\/wp\/v2\/types\/product"}],"replies":[{"embeddable":true,"href":"https:\/\/miamedic.lt\/en\/wp-json\/wp\/v2\/comments?post=5022"}],"version-history":[{"count":1,"href":"https:\/\/miamedic.lt\/en\/wp-json\/wp\/v2\/product\/5022\/revisions"}],"predecessor-version":[{"id":5024,"href":"https:\/\/miamedic.lt\/en\/wp-json\/wp\/v2\/product\/5022\/revisions\/5024"}],"wp:featuredmedia":[{"embeddable":true,"href":"https:\/\/miamedic.lt\/en\/wp-json\/wp\/v2\/media\/5023"}],"wp:attachment":[{"href":"https:\/\/miamedic.lt\/en\/wp-json\/wp\/v2\/media?parent=5022"}],"wp:term":[{"taxonomy":"product_cat","embeddable":true,"href":"https:\/\/miamedic.lt\/en\/wp-json\/wp\/v2\/product_cat?post=5022"},{"taxonomy":"product_tag","embeddable":true,"href":"https:\/\/miamedic.lt\/en\/wp-json\/wp\/v2\/product_tag?post=5022"}],"curies":[{"name":"wp","href":"https:\/\/api.w.org\/{rel}","templated":true}]}}