{"id":5019,"date":"2025-03-31T14:52:40","date_gmt":"2025-03-31T14:52:40","guid":{"rendered":"https:\/\/www.miamedic.lt\/?post_type=product&#038;p=5019"},"modified":"2025-03-31T14:52:40","modified_gmt":"2025-03-31T14:52:40","slug":"natinuel-body-prime","status":"publish","type":"product","link":"https:\/\/miamedic.lt\/en\/shop\/natinuel-body-prime\/","title":{"rendered":"Natinuel Body Prime"},"content":{"rendered":"<p class=\"\" data-start=\"0\" data-end=\"81\"><strong data-start=\"0\" data-end=\"23\">Natinuel BODY PRIME &#8211; <\/strong><strong data-start=\"26\" data-end=\"79\">Modeliuojantis\u00a0 k\u016bno kremas nuo celiulito<\/strong><\/p>\n<p class=\"\" data-start=\"102\" data-end=\"117\"><strong data-start=\"102\" data-end=\"115\">Effect:<\/strong><\/p>\n<ul data-start=\"118\" data-end=\"365\">\n<li class=\"\" data-start=\"118\" data-end=\"154\">\n<p class=\"\" data-start=\"120\" data-end=\"154\">Stiprus anticeliulitinis poveikis.<\/p>\n<\/li>\n<li class=\"\" data-start=\"155\" data-end=\"208\">\n<p class=\"\" data-start=\"157\" data-end=\"208\">Pagerina audini\u0173 regeneracij\u0105 ir mikrocirkuliacij\u0105.<\/p>\n<\/li>\n<li class=\"\" data-start=\"209\" data-end=\"280\">\n<p class=\"\" data-start=\"211\" data-end=\"280\">Veiksmingai kovoja su celiulitu, gerindamas odos strukt\u016br\u0105 ir tonus\u0105.<\/p>\n<\/li>\n<li class=\"\" data-start=\"281\" data-end=\"365\">\n<p class=\"\" data-start=\"283\" data-end=\"365\">Skatina limfos drena\u017e\u0105, normalizuoja mikrocirkuliacij\u0105 ir gerina odos elastingum\u0105.<\/p>\n<\/li>\n<\/ul>\n<p class=\"\" data-start=\"367\" data-end=\"575\"><strong data-start=\"367\" data-end=\"384\">Kaip naudoti:<\/strong><br data-start=\"384\" data-end=\"387\" \/>Naudokite krem\u0105 1\u20132 kartus per dien\u0105 celiulito paveiktose odos vietose. \u0160velniai masa\u017euokite, kol kremas visi\u0161kai \u012fsigers. Idealus naudoti kasdien, siekiant pasiekti geriausius rezultatus.<\/p>","protected":false},"excerpt":{"rendered":"<p>Body cream<\/p>\n<p><strong>Natinuel products can only be purchased after a consultation.<\/strong><\/p>","protected":false},"featured_media":5020,"comment_status":"open","ping_status":"closed","template":"","meta":[],"product_cat":[171,113],"product_tag":[],"class_list":{"0":"post-5019","1":"product","2":"type-product","3":"status-publish","4":"has-post-thumbnail","6":"product_cat-celiulitui","7":"product_cat-kuno-kremas","8":"pa_brands-natinuel","9":"pa_talpa-150ml","11":"first","12":"instock","13":"taxable","14":"shipping-taxable","15":"product-type-external"},"_links":{"self":[{"href":"https:\/\/miamedic.lt\/en\/wp-json\/wp\/v2\/product\/5019","targetHints":{"allow":["GET"]}}],"collection":[{"href":"https:\/\/miamedic.lt\/en\/wp-json\/wp\/v2\/product"}],"about":[{"href":"https:\/\/miamedic.lt\/en\/wp-json\/wp\/v2\/types\/product"}],"replies":[{"embeddable":true,"href":"https:\/\/miamedic.lt\/en\/wp-json\/wp\/v2\/comments?post=5019"}],"version-history":[{"count":1,"href":"https:\/\/miamedic.lt\/en\/wp-json\/wp\/v2\/product\/5019\/revisions"}],"predecessor-version":[{"id":5021,"href":"https:\/\/miamedic.lt\/en\/wp-json\/wp\/v2\/product\/5019\/revisions\/5021"}],"wp:featuredmedia":[{"embeddable":true,"href":"https:\/\/miamedic.lt\/en\/wp-json\/wp\/v2\/media\/5020"}],"wp:attachment":[{"href":"https:\/\/miamedic.lt\/en\/wp-json\/wp\/v2\/media?parent=5019"}],"wp:term":[{"taxonomy":"product_cat","embeddable":true,"href":"https:\/\/miamedic.lt\/en\/wp-json\/wp\/v2\/product_cat?post=5019"},{"taxonomy":"product_tag","embeddable":true,"href":"https:\/\/miamedic.lt\/en\/wp-json\/wp\/v2\/product_tag?post=5019"}],"curies":[{"name":"wp","href":"https:\/\/api.w.org\/{rel}","templated":true}]}}