{"id":5016,"date":"2025-03-31T14:47:03","date_gmt":"2025-03-31T14:47:03","guid":{"rendered":"https:\/\/www.miamedic.lt\/?post_type=product&#038;p=5016"},"modified":"2025-04-23T11:11:56","modified_gmt":"2025-04-23T11:11:56","slug":"natinuel-body-vital","status":"publish","type":"product","link":"https:\/\/miamedic.lt\/en\/shop\/natinuel-body-vital\/","title":{"rendered":"Natinuel Body Vital"},"content":{"rendered":"<p class=\"\" data-start=\"0\" data-end=\"49\"><strong data-start=\"0\" data-end=\"23\">Natinuel BODY VITAL &#8211; <\/strong><strong data-start=\"26\" data-end=\"49\">Dr\u0117kinanti emulsija k\u016bnui<\/strong><\/p>\n<p class=\"\" data-start=\"0\" data-end=\"49\">BODY VITAL &#8211; intensyviai dr\u0117kinanti k\u016bno emulsija, skirta odos prie\u017ei\u016brai. \u0160is produktas padeda i\u0161laikyti od\u0105 sveik\u0105 ir gra\u017ei\u0105, u\u017etikrinant optimal\u0173 dr\u0117kinim\u0105 ir atkuriant jos nat\u016brali\u0105 pusiausvyr\u0105. BODY VITAL savo sud\u0117tyje turi aktyvias med\u017eiagas, kurios veikia odos hidrolipidin\u0119 mantij\u0105, padeda atstatyti epiderm\u012f ir suteikia odai elastingumo bei sveik\u0105 spindes\u012f.<\/p>\n<p class=\"\" data-start=\"445\" data-end=\"460\"><strong data-start=\"445\" data-end=\"458\">Effect:<\/strong><\/p>\n<ul data-start=\"461\" data-end=\"626\">\n<li class=\"\" data-start=\"461\" data-end=\"499\">\n<p class=\"\" data-start=\"463\" data-end=\"499\">U\u017etikrina optimal\u0173 odos dr\u0117kinim\u0105.<\/p>\n<\/li>\n<li class=\"\" data-start=\"500\" data-end=\"549\">\n<p class=\"\" data-start=\"502\" data-end=\"549\">Mink\u0161tina od\u0105 ir normalizuoja jos homeostaz\u0119.<\/p>\n<\/li>\n<li class=\"\" data-start=\"550\" data-end=\"582\">\n<p class=\"\" data-start=\"552\" data-end=\"582\">Apsaugo ir atstato epiderm\u012f.<\/p>\n<\/li>\n<li class=\"\" data-start=\"583\" data-end=\"626\">\n<p class=\"\" data-start=\"585\" data-end=\"626\">Padeda i\u0161laikyti sveik\u0105 ir elasting\u0105 od\u0105.<\/p>\n<\/li>\n<\/ul>\n<p class=\"\" data-start=\"628\" data-end=\"804\"><strong data-start=\"628\" data-end=\"643\">Usage:<\/strong><br data-start=\"643\" data-end=\"646\" \/>Naudokite kasdien, u\u017etepdami nedidel\u012f kiek\u012f emulsijos ant \u0161varios k\u016bno odos ir \u0161velniai \u012fmasa\u017euokite, kol pilnai \u012fsigers. Idealus produktas po du\u0161o ar vonios.<\/p>","protected":false},"excerpt":{"rendered":"<p>Dr\u0117kinanti emulsija k\u016bnui<\/p>\n<p><strong>Natinuel products can only be purchased after a consultation.<\/strong><\/p>","protected":false},"featured_media":5017,"comment_status":"open","ping_status":"closed","template":"","meta":[],"product_cat":[113],"product_tag":[],"class_list":{"0":"post-5016","1":"product","2":"type-product","3":"status-publish","4":"has-post-thumbnail","6":"product_cat-kuno-kremas","7":"pa_brands-natinuel","8":"pa_talpa-150ml","10":"first","11":"instock","12":"taxable","13":"shipping-taxable","14":"product-type-external"},"_links":{"self":[{"href":"https:\/\/miamedic.lt\/en\/wp-json\/wp\/v2\/product\/5016","targetHints":{"allow":["GET"]}}],"collection":[{"href":"https:\/\/miamedic.lt\/en\/wp-json\/wp\/v2\/product"}],"about":[{"href":"https:\/\/miamedic.lt\/en\/wp-json\/wp\/v2\/types\/product"}],"replies":[{"embeddable":true,"href":"https:\/\/miamedic.lt\/en\/wp-json\/wp\/v2\/comments?post=5016"}],"version-history":[{"count":2,"href":"https:\/\/miamedic.lt\/en\/wp-json\/wp\/v2\/product\/5016\/revisions"}],"predecessor-version":[{"id":6403,"href":"https:\/\/miamedic.lt\/en\/wp-json\/wp\/v2\/product\/5016\/revisions\/6403"}],"wp:featuredmedia":[{"embeddable":true,"href":"https:\/\/miamedic.lt\/en\/wp-json\/wp\/v2\/media\/5017"}],"wp:attachment":[{"href":"https:\/\/miamedic.lt\/en\/wp-json\/wp\/v2\/media?parent=5016"}],"wp:term":[{"taxonomy":"product_cat","embeddable":true,"href":"https:\/\/miamedic.lt\/en\/wp-json\/wp\/v2\/product_cat?post=5016"},{"taxonomy":"product_tag","embeddable":true,"href":"https:\/\/miamedic.lt\/en\/wp-json\/wp\/v2\/product_tag?post=5016"}],"curies":[{"name":"wp","href":"https:\/\/api.w.org\/{rel}","templated":true}]}}