{"id":5013,"date":"2025-03-31T14:41:37","date_gmt":"2025-03-31T14:41:37","guid":{"rendered":"https:\/\/www.miamedic.lt\/?post_type=product&#038;p=5013"},"modified":"2025-03-31T19:01:36","modified_gmt":"2025-03-31T19:01:36","slug":"natinuel-e-dermis","status":"publish","type":"product","link":"https:\/\/miamedic.lt\/en\/shop\/natinuel-e-dermis\/","title":{"rendered":"Natinuel E-DERMIS"},"content":{"rendered":"<p class=\"\" data-start=\"0\" data-end=\"58\"><strong data-start=\"0\" data-end=\"12\">E-Dermis &#8211; <\/strong>Bio-papildas, palaikantis ger\u0105 odos b\u016bkl\u0119<\/p>\n<p class=\"\" data-start=\"60\" data-end=\"274\"><strong data-start=\"60\" data-end=\"89\">Bio-maitinamasis papildas<\/strong>, svarbus sen\u0117jimo prevencijai. Padeda apsaugoti ir remti odos atstatymo procesus po pa\u017eeidim\u0173. Sudedamosios dalys skatina kolageno, elastino ir hialurono r\u016bg\u0161ties gamyb\u0105 bei j\u0173 kokyb\u0119.<\/p>\n<p class=\"\" data-start=\"276\" data-end=\"291\"><strong data-start=\"276\" data-end=\"291\">Privalumai:<\/strong><\/p>\n<ul data-start=\"292\" data-end=\"489\" data-is-last-node=\"\" data-is-only-node=\"\">\n<li class=\"\" data-start=\"292\" data-end=\"315\">\n<p class=\"\" data-start=\"294\" data-end=\"315\">Gerina odos tvirtum\u0105.<\/p>\n<\/li>\n<li class=\"\" data-start=\"316\" data-end=\"362\">\n<p class=\"\" data-start=\"318\" data-end=\"362\">Palaiko sausgysles, plaukus ir kaul\u0173 audin\u012f.<\/p>\n<\/li>\n<li class=\"\" data-start=\"363\" data-end=\"390\">\n<p class=\"\" data-start=\"365\" data-end=\"390\">Stiprina imunin\u0119 sistem\u0105.<\/p>\n<\/li>\n<li class=\"\" data-start=\"391\" data-end=\"429\">\n<p class=\"\" data-start=\"393\" data-end=\"429\">Skatina HGH (augimo hormono) gamyb\u0105.<\/p>\n<\/li>\n<li class=\"\" data-start=\"430\" data-end=\"489\">\n<p class=\"\" data-start=\"432\" data-end=\"489\">Teigiamai veikia riebal\u0173 metabolizm\u0105 ir raumen\u0173 \u012ftempim\u0105.<\/p>\n<\/li>\n<\/ul>","protected":false},"excerpt":{"rendered":"<p>Bio-papildas odai<\/p>\n<p><strong>Natinuel products can only be purchased after a consultation.<\/strong><\/p>","protected":false},"featured_media":5014,"comment_status":"open","ping_status":"closed","template":"","meta":[],"product_cat":[201,198],"product_tag":[],"class_list":{"0":"post-5013","1":"product","2":"type-product","3":"status-publish","4":"has-post-thumbnail","6":"product_cat-bio-papildai","7":"product_cat-papildai","8":"pa_brands-natinuel","9":"pa_talpa-60-kaps","11":"first","12":"instock","13":"taxable","14":"shipping-taxable","15":"product-type-external"},"_links":{"self":[{"href":"https:\/\/miamedic.lt\/en\/wp-json\/wp\/v2\/product\/5013","targetHints":{"allow":["GET"]}}],"collection":[{"href":"https:\/\/miamedic.lt\/en\/wp-json\/wp\/v2\/product"}],"about":[{"href":"https:\/\/miamedic.lt\/en\/wp-json\/wp\/v2\/types\/product"}],"replies":[{"embeddable":true,"href":"https:\/\/miamedic.lt\/en\/wp-json\/wp\/v2\/comments?post=5013"}],"version-history":[{"count":2,"href":"https:\/\/miamedic.lt\/en\/wp-json\/wp\/v2\/product\/5013\/revisions"}],"predecessor-version":[{"id":5046,"href":"https:\/\/miamedic.lt\/en\/wp-json\/wp\/v2\/product\/5013\/revisions\/5046"}],"wp:featuredmedia":[{"embeddable":true,"href":"https:\/\/miamedic.lt\/en\/wp-json\/wp\/v2\/media\/5014"}],"wp:attachment":[{"href":"https:\/\/miamedic.lt\/en\/wp-json\/wp\/v2\/media?parent=5013"}],"wp:term":[{"taxonomy":"product_cat","embeddable":true,"href":"https:\/\/miamedic.lt\/en\/wp-json\/wp\/v2\/product_cat?post=5013"},{"taxonomy":"product_tag","embeddable":true,"href":"https:\/\/miamedic.lt\/en\/wp-json\/wp\/v2\/product_tag?post=5013"}],"curies":[{"name":"wp","href":"https:\/\/api.w.org\/{rel}","templated":true}]}}