{"id":5008,"date":"2025-03-31T14:32:59","date_gmt":"2025-03-31T14:32:59","guid":{"rendered":"https:\/\/www.miamedic.lt\/?post_type=product&#038;p=5008"},"modified":"2025-03-31T19:11:45","modified_gmt":"2025-03-31T19:11:45","slug":"natinuel-depurigen","status":"publish","type":"product","link":"https:\/\/miamedic.lt\/en\/shop\/natinuel-depurigen\/","title":{"rendered":"Natinuel DEPURIGEN"},"content":{"rendered":"<p><strong>Depurigen<\/strong> &#8211; bio papildas detoksikacijai, valymui, antioksidaciniam poveikiui<\/p>\n<p>Dietinis papildas, skirtas palaikyti fiziologin\u012f audini\u0173 valym\u0105, pa\u0161alinant toksines med\u017eiagas, susidaran\u010dias per \u012fvairius med\u017eiag\u0173 apykaitos procesus, kurie sukelia u\u017edegimines reakcijas ir l\u0105steli\u0173 deguonies tr\u016bkum\u0105. \u0160ie procesai yra pagrindin\u0117 sen\u0117jimo ir l\u0117tini\u0173 ar degeneracini\u0173 lig\u0173 prie\u017eastis.<\/p>\n<p><strong>Privalumai:<\/strong><br \/>\nTrikryptis detoksikacijos, valymo ir antioksidacinis poveikis.<\/p>","protected":false},"excerpt":{"rendered":"<p>Bio papildas detoksikacijai<\/p>\n<p><strong>Natinuel products can only be purchased after a consultation.<\/strong><\/p>","protected":false},"featured_media":5009,"comment_status":"open","ping_status":"closed","template":"","meta":[],"product_cat":[201],"product_tag":[],"class_list":{"0":"post-5008","1":"product","2":"type-product","3":"status-publish","4":"has-post-thumbnail","6":"product_cat-bio-papildai","7":"pa_brands-natinuel","8":"pa_talpa-60-kaps","10":"first","11":"instock","12":"taxable","13":"shipping-taxable","14":"product-type-external"},"_links":{"self":[{"href":"https:\/\/miamedic.lt\/en\/wp-json\/wp\/v2\/product\/5008","targetHints":{"allow":["GET"]}}],"collection":[{"href":"https:\/\/miamedic.lt\/en\/wp-json\/wp\/v2\/product"}],"about":[{"href":"https:\/\/miamedic.lt\/en\/wp-json\/wp\/v2\/types\/product"}],"replies":[{"embeddable":true,"href":"https:\/\/miamedic.lt\/en\/wp-json\/wp\/v2\/comments?post=5008"}],"version-history":[{"count":1,"href":"https:\/\/miamedic.lt\/en\/wp-json\/wp\/v2\/product\/5008\/revisions"}],"predecessor-version":[{"id":5011,"href":"https:\/\/miamedic.lt\/en\/wp-json\/wp\/v2\/product\/5008\/revisions\/5011"}],"wp:featuredmedia":[{"embeddable":true,"href":"https:\/\/miamedic.lt\/en\/wp-json\/wp\/v2\/media\/5009"}],"wp:attachment":[{"href":"https:\/\/miamedic.lt\/en\/wp-json\/wp\/v2\/media?parent=5008"}],"wp:term":[{"taxonomy":"product_cat","embeddable":true,"href":"https:\/\/miamedic.lt\/en\/wp-json\/wp\/v2\/product_cat?post=5008"},{"taxonomy":"product_tag","embeddable":true,"href":"https:\/\/miamedic.lt\/en\/wp-json\/wp\/v2\/product_tag?post=5008"}],"curies":[{"name":"wp","href":"https:\/\/api.w.org\/{rel}","templated":true}]}}