{"id":5005,"date":"2025-03-31T14:12:26","date_gmt":"2025-03-31T14:12:26","guid":{"rendered":"https:\/\/www.miamedic.lt\/?post_type=product&#038;p=5005"},"modified":"2025-07-07T08:31:28","modified_gmt":"2025-07-07T08:31:28","slug":"therapeutic-fluid","status":"publish","type":"product","link":"https:\/\/miamedic.lt\/en\/shop\/therapeutic-fluid\/","title":{"rendered":"THERAPEUTIC FLUID"},"content":{"rendered":"<p class=\"\" data-start=\"0\" data-end=\"96\"><strong data-start=\"0\" data-end=\"30\">Natinuel THERAPEUTIC FLUID<\/strong> \u2013 <strong data-start=\"33\" data-end=\"96\">Novatori\u0161kas profesionalus produktas galvos odos prie\u017ei\u016brai<\/strong><\/p>\n<p class=\"\" data-start=\"98\" data-end=\"125\"><strong data-start=\"98\" data-end=\"125\">Poveikis ir privalumai:<\/strong><\/p>\n<ul data-start=\"126\" data-end=\"627\">\n<li class=\"\" data-start=\"126\" data-end=\"242\">\n<p class=\"\" data-start=\"128\" data-end=\"242\"><strong data-start=\"128\" data-end=\"196\">Revitalizuoja fiziologinius l\u0105steli\u0173 med\u017eiag\u0173 apykaitos procesus<\/strong> epidermyje, skatindamas sveikesn\u0119 galvos od\u0105.<\/p>\n<\/li>\n<li class=\"\" data-start=\"243\" data-end=\"298\">\n<p class=\"\" data-start=\"245\" data-end=\"298\">Skatina plauk\u0173 augim\u0105, stiprindamas plauk\u0173 folikulus.<\/p>\n<\/li>\n<li class=\"\" data-start=\"299\" data-end=\"386\">\n<p class=\"\" data-start=\"301\" data-end=\"386\">Turi <strong data-start=\"306\" data-end=\"340\">stipr\u0173 dezinfekuojant\u012f poveik\u012f<\/strong>, pa\u0161alindamas bakterijas ir kitus ne\u0161varumus.<\/p>\n<\/li>\n<li class=\"\" data-start=\"387\" data-end=\"482\">\n<p class=\"\" data-start=\"389\" data-end=\"482\">Pasi\u017eymi <strong data-start=\"398\" data-end=\"426\">antioksidaciniu poveikiu<\/strong>, apsaugodamas galvos od\u0105 nuo \u017ealing\u0173 laisv\u0173j\u0173 radikal\u0173.<\/p>\n<\/li>\n<li class=\"\" data-start=\"483\" data-end=\"554\">\n<p class=\"\" data-start=\"485\" data-end=\"554\"><strong data-start=\"485\" data-end=\"525\">Naikina sausas ir riebias pleiskanas<\/strong>, normalizuoja sebumo gamyb\u0105.<\/p>\n<\/li>\n<li class=\"\" data-start=\"555\" data-end=\"627\">\n<p class=\"\" data-start=\"557\" data-end=\"627\">Pagerina odos <strong data-start=\"571\" data-end=\"593\">barjerin\u0119 funkcij\u0105<\/strong>, stiprindamas apsaugin\u012f sluoksn\u012f.<\/p>\n<\/li>\n<\/ul>\n<p class=\"\" data-start=\"629\" data-end=\"721\"><strong data-start=\"629\" data-end=\"644\">Usage:<\/strong> Naudoti pagal protokol\u0105, priklausomai nuo individuali\u0173 galvos odos poreiki\u0173.<\/p>","protected":false},"excerpt":{"rendered":"<p>Produktas galvos odos prie\u017ei\u016brai<\/p>\n<p><strong>Natinuel products can only be purchased after a consultation.<\/strong><\/p>","protected":false},"featured_media":5006,"comment_status":"open","ping_status":"closed","template":"","meta":[],"product_cat":[271],"product_tag":[],"class_list":{"0":"post-5005","1":"product","2":"type-product","3":"status-publish","4":"has-post-thumbnail","6":"product_cat-plauku-serumai","7":"pa_brands-natinuel","8":"pa_talpa-100ml","10":"first","11":"instock","12":"taxable","13":"shipping-taxable","14":"product-type-external"},"_links":{"self":[{"href":"https:\/\/miamedic.lt\/en\/wp-json\/wp\/v2\/product\/5005","targetHints":{"allow":["GET"]}}],"collection":[{"href":"https:\/\/miamedic.lt\/en\/wp-json\/wp\/v2\/product"}],"about":[{"href":"https:\/\/miamedic.lt\/en\/wp-json\/wp\/v2\/types\/product"}],"replies":[{"embeddable":true,"href":"https:\/\/miamedic.lt\/en\/wp-json\/wp\/v2\/comments?post=5005"}],"version-history":[{"count":2,"href":"https:\/\/miamedic.lt\/en\/wp-json\/wp\/v2\/product\/5005\/revisions"}],"predecessor-version":[{"id":6406,"href":"https:\/\/miamedic.lt\/en\/wp-json\/wp\/v2\/product\/5005\/revisions\/6406"}],"wp:featuredmedia":[{"embeddable":true,"href":"https:\/\/miamedic.lt\/en\/wp-json\/wp\/v2\/media\/5006"}],"wp:attachment":[{"href":"https:\/\/miamedic.lt\/en\/wp-json\/wp\/v2\/media?parent=5005"}],"wp:term":[{"taxonomy":"product_cat","embeddable":true,"href":"https:\/\/miamedic.lt\/en\/wp-json\/wp\/v2\/product_cat?post=5005"},{"taxonomy":"product_tag","embeddable":true,"href":"https:\/\/miamedic.lt\/en\/wp-json\/wp\/v2\/product_tag?post=5005"}],"curies":[{"name":"wp","href":"https:\/\/api.w.org\/{rel}","templated":true}]}}