{"id":5002,"date":"2025-03-31T14:03:18","date_gmt":"2025-03-31T14:03:18","guid":{"rendered":"https:\/\/www.miamedic.lt\/?post_type=product&#038;p=5002"},"modified":"2025-03-31T14:03:18","modified_gmt":"2025-03-31T14:03:18","slug":"natinuel-fiziologinis-sampunas","status":"publish","type":"product","link":"https:\/\/miamedic.lt\/en\/shop\/natinuel-fiziologinis-sampunas\/","title":{"rendered":"Natinuel fiziologinis \u0161amp\u016bnas"},"content":{"rendered":"<p class=\"\" data-start=\"0\" data-end=\"55\"><strong data-start=\"0\" data-end=\"55\">Natinuel PHYSIOLOGY SHAMPOO \u2013 Fiziologinis \u0161amp\u016bnas<\/strong><\/p>\n<p class=\"\" data-start=\"57\" data-end=\"433\">Natinuel PHYSIOLOGY SHAMPOO \u2013 tai \u0161velnus \u0161amp\u016bnas, skirtas kasdieniam plauk\u0173 ir jautrios galvos odos prie\u017ei\u016brai. Jo formul\u0117 sukurta be SLES ir SLS, tod\u0117l nesukelia dirginimo ir nepa\u017eeid\u017eia odos hidro lipidin\u0117s pl\u0117vel\u0117s. \u0160is \u0161amp\u016bnas suteikia plaukams \u017evilgesio, lengvumo ir stiprumo, o kvie\u010di\u0173 baltymai padeda maitinti plaukus, juos stiprindami ir sveikindami.<\/p>\n<p class=\"\" data-start=\"435\" data-end=\"450\"><strong data-start=\"435\" data-end=\"450\">Privalumai:<\/strong><\/p>\n<ul data-start=\"451\" data-end=\"614\">\n<li class=\"\" data-start=\"451\" data-end=\"475\">\n<p class=\"\" data-start=\"453\" data-end=\"475\">Antiseptinis poveikis.<\/p>\n<\/li>\n<li class=\"\" data-start=\"476\" data-end=\"516\">\n<p class=\"\" data-start=\"478\" data-end=\"516\">Suteikia plaukams mink\u0161tumo ir lygumo.<\/p>\n<\/li>\n<li class=\"\" data-start=\"517\" data-end=\"556\">\n<p class=\"\" data-start=\"519\" data-end=\"556\">Pa\u0161alina plauk\u0173 galiuk\u0173 i\u0161si\u0161akojim\u0105.<\/p>\n<\/li>\n<li class=\"\" data-start=\"557\" data-end=\"586\">\n<p class=\"\" data-start=\"559\" data-end=\"586\">Atstato plauk\u0173 elastingum\u0105.<\/p>\n<\/li>\n<li class=\"\" data-start=\"587\" data-end=\"614\">\n<p class=\"\" data-start=\"589\" data-end=\"614\">Suteikia apimties poj\u016bt\u012f.<\/p>\n<\/li>\n<\/ul>\n<p class=\"\" data-start=\"616\" data-end=\"853\"><strong data-start=\"616\" data-end=\"631\">Usage:<\/strong> U\u017etepkite reikiam\u0105 kiek\u012f \u0161amp\u016bno ant dr\u0117gn\u0173 plauk\u0173, \u0161velniai masa\u017euokite, tada i\u0161skalaukite vandeniu. Pakartokite proced\u016br\u0105, palikite \u0161amp\u016bn\u0105 ant plauk\u0173 apie 1 minut\u0119 ir kruop\u0161\u010diai i\u0161plaukite, kad nelikt\u0173 \u0161amp\u016bno liku\u010di\u0173.<\/p>","protected":false},"excerpt":{"rendered":"<p>Fiziologinis \u0161amp\u016bnas<\/p>\n<p><strong>Natinuel products can only be purchased after a consultation.<\/strong><\/p>","protected":false},"featured_media":5003,"comment_status":"open","ping_status":"closed","template":"","meta":[],"product_cat":[195],"product_tag":[],"class_list":{"0":"post-5002","1":"product","2":"type-product","3":"status-publish","4":"has-post-thumbnail","6":"product_cat-sampunai","7":"pa_brands-natinuel","8":"pa_talpa-250ml","10":"first","11":"instock","12":"taxable","13":"shipping-taxable","14":"product-type-external"},"_links":{"self":[{"href":"https:\/\/miamedic.lt\/en\/wp-json\/wp\/v2\/product\/5002","targetHints":{"allow":["GET"]}}],"collection":[{"href":"https:\/\/miamedic.lt\/en\/wp-json\/wp\/v2\/product"}],"about":[{"href":"https:\/\/miamedic.lt\/en\/wp-json\/wp\/v2\/types\/product"}],"replies":[{"embeddable":true,"href":"https:\/\/miamedic.lt\/en\/wp-json\/wp\/v2\/comments?post=5002"}],"version-history":[{"count":1,"href":"https:\/\/miamedic.lt\/en\/wp-json\/wp\/v2\/product\/5002\/revisions"}],"predecessor-version":[{"id":5004,"href":"https:\/\/miamedic.lt\/en\/wp-json\/wp\/v2\/product\/5002\/revisions\/5004"}],"wp:featuredmedia":[{"embeddable":true,"href":"https:\/\/miamedic.lt\/en\/wp-json\/wp\/v2\/media\/5003"}],"wp:attachment":[{"href":"https:\/\/miamedic.lt\/en\/wp-json\/wp\/v2\/media?parent=5002"}],"wp:term":[{"taxonomy":"product_cat","embeddable":true,"href":"https:\/\/miamedic.lt\/en\/wp-json\/wp\/v2\/product_cat?post=5002"},{"taxonomy":"product_tag","embeddable":true,"href":"https:\/\/miamedic.lt\/en\/wp-json\/wp\/v2\/product_tag?post=5002"}],"curies":[{"name":"wp","href":"https:\/\/api.w.org\/{rel}","templated":true}]}}