{"id":4998,"date":"2025-03-31T13:56:15","date_gmt":"2025-03-31T13:56:15","guid":{"rendered":"https:\/\/www.miamedic.lt\/?post_type=product&#038;p=4998"},"modified":"2025-07-07T08:31:36","modified_gmt":"2025-07-07T08:31:36","slug":"natinuel-trico-lotion","status":"publish","type":"product","link":"https:\/\/miamedic.lt\/en\/shop\/natinuel-trico-lotion\/","title":{"rendered":"Natinuel TRICO LOTION"},"content":{"rendered":"<p class=\"\" data-start=\"0\" data-end=\"55\"><strong data-start=\"0\" data-end=\"55\">Natinuel TRICO LOTION \u2013 Serumas nuo plauk\u0173 slinkimo<\/strong><\/p>\n<p class=\"\" data-start=\"57\" data-end=\"70\"><strong data-start=\"57\" data-end=\"70\">Effect:<\/strong><\/p>\n<ul data-start=\"72\" data-end=\"338\">\n<li class=\"\" data-start=\"72\" data-end=\"140\">\n<p class=\"\" data-start=\"74\" data-end=\"140\">Pagerina galvos odos kraujo apytak\u0105 ir atgaivina plauk\u0173 folikulus.<\/p>\n<\/li>\n<li class=\"\" data-start=\"141\" data-end=\"207\">\n<p class=\"\" data-start=\"143\" data-end=\"207\">Blokuoja DHT hormon\u0105, tokiu b\u016bdu u\u017ekerta keli\u0105 plauk\u0173 slinkimui.<\/p>\n<\/li>\n<li class=\"\" data-start=\"208\" data-end=\"257\">\n<p class=\"\" data-start=\"210\" data-end=\"257\">Maitina ir gerina plauk\u0173 bei galvos odos b\u016bkl\u0119.<\/p>\n<\/li>\n<li class=\"\" data-start=\"258\" data-end=\"338\">\n<p class=\"\" data-start=\"260\" data-end=\"338\">Normalizuoja plauk\u0173 augimo cikl\u0105, skatina plauk\u0173 augim\u0105 ir stiprina j\u0173 \u0161aknis.<\/p>\n<\/li>\n<\/ul>\n<p class=\"\" data-start=\"340\" data-end=\"357\"><strong data-start=\"340\" data-end=\"357\">Kaip naudoti:<\/strong><\/p>\n<p class=\"\" data-start=\"359\" data-end=\"503\">U\u017etepti reikiam\u0105 kiek\u012f serumo ant galvos odos, \u0161velniai \u012ftrinti ir palikti, nereikia nuplauti. Naudokite kasdien, geriausiai vakare prie\u0161 mieg\u0105.<\/p>","protected":false},"excerpt":{"rendered":"<p>Serumas nuo plauk\u0173 slinkimo<\/p>\n<p><strong>Natinuel products can only be purchased after a consultation.<\/strong><\/p>","protected":false},"featured_media":4999,"comment_status":"open","ping_status":"closed","template":"","meta":[],"product_cat":[192,271],"product_tag":[],"class_list":{"0":"post-4998","1":"product","2":"type-product","3":"status-publish","4":"has-post-thumbnail","6":"product_cat-plaukams","7":"product_cat-plauku-serumai","8":"pa_brands-natinuel","9":"pa_talpa-30ml-2","11":"first","12":"instock","13":"taxable","14":"shipping-taxable","15":"product-type-external"},"_links":{"self":[{"href":"https:\/\/miamedic.lt\/en\/wp-json\/wp\/v2\/product\/4998","targetHints":{"allow":["GET"]}}],"collection":[{"href":"https:\/\/miamedic.lt\/en\/wp-json\/wp\/v2\/product"}],"about":[{"href":"https:\/\/miamedic.lt\/en\/wp-json\/wp\/v2\/types\/product"}],"replies":[{"embeddable":true,"href":"https:\/\/miamedic.lt\/en\/wp-json\/wp\/v2\/comments?post=4998"}],"version-history":[{"count":3,"href":"https:\/\/miamedic.lt\/en\/wp-json\/wp\/v2\/product\/4998\/revisions"}],"predecessor-version":[{"id":10203,"href":"https:\/\/miamedic.lt\/en\/wp-json\/wp\/v2\/product\/4998\/revisions\/10203"}],"wp:featuredmedia":[{"embeddable":true,"href":"https:\/\/miamedic.lt\/en\/wp-json\/wp\/v2\/media\/4999"}],"wp:attachment":[{"href":"https:\/\/miamedic.lt\/en\/wp-json\/wp\/v2\/media?parent=4998"}],"wp:term":[{"taxonomy":"product_cat","embeddable":true,"href":"https:\/\/miamedic.lt\/en\/wp-json\/wp\/v2\/product_cat?post=4998"},{"taxonomy":"product_tag","embeddable":true,"href":"https:\/\/miamedic.lt\/en\/wp-json\/wp\/v2\/product_tag?post=4998"}],"curies":[{"name":"wp","href":"https:\/\/api.w.org\/{rel}","templated":true}]}}