{"id":4989,"date":"2025-03-31T13:43:24","date_gmt":"2025-03-31T13:43:24","guid":{"rendered":"https:\/\/www.miamedic.lt\/?post_type=product&#038;p=4989"},"modified":"2025-03-31T13:43:24","modified_gmt":"2025-03-31T13:43:24","slug":"natinuel-cromage","status":"publish","type":"product","link":"https:\/\/miamedic.lt\/en\/shop\/natinuel-cromage\/","title":{"rendered":"Natinuel CROMAGE"},"content":{"rendered":"<p class=\"\" data-start=\"0\" data-end=\"40\"><strong data-start=\"0\" data-end=\"40\">Natinuel CROMAGE \u2013 Apsauginis kremas<\/strong><\/p>\n<p class=\"\" data-start=\"42\" data-end=\"384\">Cromage \u2013 tai novatori\u0161kas, molekulinis, daugiafunkcinis preparatas, sukurtas suteikti ilgalaik\u012f, tolyg\u0173 \u012fdeg\u012f, taip pat apsaugoti od\u0105 nuo foto sen\u0117jimo. \u0160is kremas veikia biocheminius procesus, atsakingus u\u017e odos spalv\u0105 ir \u012fdeg\u012f, formuoja ir pabr\u0117\u017eia \u012fdeg\u012f bei ilgina jo trukm\u0119, suteikdamas odai tolyg\u0173 ir ilgai i\u0161liekant\u012f bronzin\u012f atspalv\u012f.<\/p>\n<p class=\"\" data-start=\"386\" data-end=\"401\"><strong data-start=\"386\" data-end=\"399\">Effect:<\/strong><\/p>\n<ul data-start=\"402\" data-end=\"670\">\n<li class=\"\" data-start=\"402\" data-end=\"463\">\n<p class=\"\" data-start=\"404\" data-end=\"463\">U\u017etikrina tolyg\u0173 spalvos kolorito pasiskirstym\u0105 ant odos.<\/p>\n<\/li>\n<li class=\"\" data-start=\"464\" data-end=\"518\">\n<p class=\"\" data-start=\"466\" data-end=\"518\">Pailgina \u012fdegio trukm\u0119 ir pagerina jo intensyvum\u0105.<\/p>\n<\/li>\n<li class=\"\" data-start=\"519\" data-end=\"576\">\n<p class=\"\" data-start=\"521\" data-end=\"576\">Oda \u012fgauna sveikesn\u012f, gyvybingesn\u012f bronzin\u012f atspalv\u012f.<\/p>\n<\/li>\n<li class=\"\" data-start=\"577\" data-end=\"670\">\n<p class=\"\" data-start=\"579\" data-end=\"670\">Apsaugo od\u0105 nuo foto sen\u0117jimo, saugo odos strukt\u016br\u0105 ir ma\u017eina \u017ealing\u0105 UV spinduli\u0173 poveik\u012f.<\/p>\n<\/li>\n<\/ul>\n<p class=\"\" data-start=\"672\" data-end=\"894\"><strong data-start=\"672\" data-end=\"689\">Kaip naudoti:<\/strong><br data-start=\"689\" data-end=\"692\" \/>Nedidel\u012f kiek\u012f kremo \u0161velniai \u012fmasa\u017euokite \u012f veid\u0105, kakl\u0105 ir dekolt\u0117 srit\u012f, kol pilnai \u012fsigers. Naudokite ryte ir vakare, arba prie\u0161 saul\u0117s vonias. B\u016bnant saul\u0117je, rekomenduojama naudoti kas 2 valandas.<\/p>","protected":false},"excerpt":{"rendered":"<p>Apsauginis kremas nuo saul\u0117s<\/p>\n<p><strong>Natinuel products can only be purchased after a consultation.<\/strong><\/p>","protected":false},"featured_media":4993,"comment_status":"open","ping_status":"closed","template":"","meta":[],"product_cat":[153,129],"product_tag":[],"class_list":{"0":"post-4989","1":"product","2":"type-product","3":"status-publish","4":"has-post-thumbnail","6":"product_cat-spf-veido-prieziura","7":"product_cat-veido-kremai","8":"pa_brands-natinuel","9":"pa_talpa-50ml-2","11":"first","12":"instock","13":"taxable","14":"shipping-taxable","15":"product-type-external"},"_links":{"self":[{"href":"https:\/\/miamedic.lt\/en\/wp-json\/wp\/v2\/product\/4989","targetHints":{"allow":["GET"]}}],"collection":[{"href":"https:\/\/miamedic.lt\/en\/wp-json\/wp\/v2\/product"}],"about":[{"href":"https:\/\/miamedic.lt\/en\/wp-json\/wp\/v2\/types\/product"}],"replies":[{"embeddable":true,"href":"https:\/\/miamedic.lt\/en\/wp-json\/wp\/v2\/comments?post=4989"}],"version-history":[{"count":1,"href":"https:\/\/miamedic.lt\/en\/wp-json\/wp\/v2\/product\/4989\/revisions"}],"predecessor-version":[{"id":4994,"href":"https:\/\/miamedic.lt\/en\/wp-json\/wp\/v2\/product\/4989\/revisions\/4994"}],"wp:featuredmedia":[{"embeddable":true,"href":"https:\/\/miamedic.lt\/en\/wp-json\/wp\/v2\/media\/4993"}],"wp:attachment":[{"href":"https:\/\/miamedic.lt\/en\/wp-json\/wp\/v2\/media?parent=4989"}],"wp:term":[{"taxonomy":"product_cat","embeddable":true,"href":"https:\/\/miamedic.lt\/en\/wp-json\/wp\/v2\/product_cat?post=4989"},{"taxonomy":"product_tag","embeddable":true,"href":"https:\/\/miamedic.lt\/en\/wp-json\/wp\/v2\/product_tag?post=4989"}],"curies":[{"name":"wp","href":"https:\/\/api.w.org\/{rel}","templated":true}]}}