{"id":4985,"date":"2025-03-31T13:16:44","date_gmt":"2025-03-31T13:16:44","guid":{"rendered":"https:\/\/www.miamedic.lt\/?post_type=product&#038;p=4985"},"modified":"2025-04-23T11:09:33","modified_gmt":"2025-04-23T11:09:33","slug":"natinuel-ozone-vital","status":"publish","type":"product","link":"https:\/\/miamedic.lt\/en\/shop\/natinuel-ozone-vital\/","title":{"rendered":"Natinuel Ozone Vital"},"content":{"rendered":"<p class=\"\" data-start=\"0\" data-end=\"69\"><strong data-start=\"0\" data-end=\"15\">OZONE VITAL &#8211; <\/strong><strong data-start=\"18\" data-end=\"69\">Raminanti revitalizuojanti pur\u0161kiamoji priemon\u0117<\/strong><\/p>\n<p class=\"\" data-start=\"0\" data-end=\"69\">Ozonas \u2013 aktyvi deguonies formul\u0117, naudojama \u012fvairioms k\u016bno ir veido proced\u016broms. \u0160i priemon\u0117 turi unikali\u0105 aliejaus recept\u016br\u0105, kuri leid\u017eia veikti biologinius procesus, atsakingus u\u017e l\u0105steli\u0173 regeneracij\u0105 ir aktyvuoja odos metabolizm\u0105. Aliejus prisotina od\u0105 deguonimi, palengvina maisting\u0173j\u0173 med\u017eiag\u0173 transportavim\u0105 ir suteikia odai energijos. \u0160i formul\u0117 ma\u017eina u\u017edegimus, ramina suerzint\u0105 od\u0105 ir apsaugo nuo laisv\u0173j\u0173 radikal\u0173, taip stiprindama odos apsaugines funkcijas.<\/p>\n<p class=\"\" data-start=\"562\" data-end=\"577\"><strong data-start=\"562\" data-end=\"575\">Effect:<\/strong><\/p>\n<ul data-start=\"578\" data-end=\"688\">\n<li class=\"\" data-start=\"578\" data-end=\"597\">\n<p class=\"\" data-start=\"580\" data-end=\"597\">Regeneruojantis<\/p>\n<\/li>\n<li class=\"\" data-start=\"598\" data-end=\"617\">\n<p class=\"\" data-start=\"600\" data-end=\"617\">Antioksidacinis<\/p>\n<\/li>\n<li class=\"\" data-start=\"618\" data-end=\"634\">\n<p class=\"\" data-start=\"620\" data-end=\"634\">Atstatomasis<\/p>\n<\/li>\n<li class=\"\" data-start=\"635\" data-end=\"654\">\n<p class=\"\" data-start=\"637\" data-end=\"654\">Energizuojantis<\/p>\n<\/li>\n<li class=\"\" data-start=\"655\" data-end=\"675\">\n<p class=\"\" data-start=\"657\" data-end=\"675\">Prie\u0161u\u017edegiminis<\/p>\n<\/li>\n<li class=\"\" data-start=\"676\" data-end=\"688\">\n<p class=\"\" data-start=\"678\" data-end=\"688\">Raminantis<\/p>\n<\/li>\n<\/ul>\n<p class=\"\" data-start=\"690\" data-end=\"758\">","protected":false},"excerpt":{"rendered":"<p>Raminanti pur\u0161kiamoji priemon\u0117<\/p>\n<p><strong>Natinuel products can only be purchased after a consultation.<\/strong><\/p>","protected":false},"featured_media":4986,"comment_status":"open","ping_status":"closed","template":"","meta":[],"product_cat":[139,143,224],"product_tag":[],"class_list":{"0":"post-4985","1":"product","2":"type-product","3":"status-publish","4":"has-post-thumbnail","6":"product_cat-dekolte","7":"product_cat-purskikliai","8":"product_cat-dulksnos","9":"pa_brands-natinuel","10":"pa_talpa-100ml","12":"first","13":"instock","14":"taxable","15":"shipping-taxable","16":"product-type-external"},"_links":{"self":[{"href":"https:\/\/miamedic.lt\/en\/wp-json\/wp\/v2\/product\/4985","targetHints":{"allow":["GET"]}}],"collection":[{"href":"https:\/\/miamedic.lt\/en\/wp-json\/wp\/v2\/product"}],"about":[{"href":"https:\/\/miamedic.lt\/en\/wp-json\/wp\/v2\/types\/product"}],"replies":[{"embeddable":true,"href":"https:\/\/miamedic.lt\/en\/wp-json\/wp\/v2\/comments?post=4985"}],"version-history":[{"count":3,"href":"https:\/\/miamedic.lt\/en\/wp-json\/wp\/v2\/product\/4985\/revisions"}],"predecessor-version":[{"id":6396,"href":"https:\/\/miamedic.lt\/en\/wp-json\/wp\/v2\/product\/4985\/revisions\/6396"}],"wp:featuredmedia":[{"embeddable":true,"href":"https:\/\/miamedic.lt\/en\/wp-json\/wp\/v2\/media\/4986"}],"wp:attachment":[{"href":"https:\/\/miamedic.lt\/en\/wp-json\/wp\/v2\/media?parent=4985"}],"wp:term":[{"taxonomy":"product_cat","embeddable":true,"href":"https:\/\/miamedic.lt\/en\/wp-json\/wp\/v2\/product_cat?post=4985"},{"taxonomy":"product_tag","embeddable":true,"href":"https:\/\/miamedic.lt\/en\/wp-json\/wp\/v2\/product_tag?post=4985"}],"curies":[{"name":"wp","href":"https:\/\/api.w.org\/{rel}","templated":true}]}}